{"id":14198,"date":"2019-05-14T09:42:05","date_gmt":"2019-05-14T08:42:05","guid":{"rendered":"https:\/\/alpscigar.com\/?page_id=14198"},"modified":"2022-12-05T15:58:45","modified_gmt":"2022-12-05T14:58:45","slug":"comment-commander","status":"publish","type":"page","link":"https:\/\/beta.alpscigar.com\/en\/comment-commander\/","title":{"rendered":"How to order"},"content":{"rendered":"<div id=\"page-header-642815874\" class=\"page-header-wrapper\">\n  <div class=\"page-title dark featured-title\">\n\n        <div class=\"page-title-bg\">\n      <div class=\"title-bg fill bg-fill\"\n        data-parallax-container=\".page-title\"\n        data-parallax-background\n data-parallax=\"-\">\n      <\/div>\n      <div class=\"title-overlay fill\"><\/div>\n    <\/div>\n    \n    <div class=\"page-title-inner container align-center text-center flex-row-col medium-flex-wrap\" >\n              <div class=\"title-wrapper is-large flex-col\">\n          <h1 class=\"entry-title mb-0\">\n            How to order          <\/h1>\n        <\/div>\n                    <div class=\"title-content flex-col\">\n        <div class=\"title-breadcrumbs pb-half pt-half\"><nav class=\"woocommerce-breadcrumb breadcrumbs uppercase\" data-no-translation=\"\" data-trp-gettext=\"\">Home<\/nav><\/div>      <\/div>\n    <\/div>\n\n     \n<style>\n#page-header-642815874 .page-title-inner {\n  min-height: 390px;\n}\n#page-header-642815874 .title-bg {\n  background-image: url(https:\/\/beta.alpscigar.com\/wp-content\/uploads\/2019\/03\/Alps-cigar-image-man-with-cigar-NB.jpg);\n  background-position: 1% 37%;\n}\n#page-header-642815874 .title-overlay {\n  background-color: rgba(0, 0, 0, 0.35);\n}\n<\/style>\n  <\/div>\n    <\/div>\n  \n<div class=\"row\"  id=\"row-294689868\">\n\n\t<div id=\"col-106468466\" class=\"col small-12 large-12\"  >\n\t\t\t\t<div class=\"col-inner\"  >\n\t\t\t\n\t\t\t\n\t<div id=\"gap-2103898671\" class=\"gap-element clearfix\" style=\"display:block; height:auto;\">\n\t\t\n<style>\n#gap-2103898671 {\n  padding-top: 60px;\n}\n<\/style>\n\t<\/div>\n\t\n<div class=\"container section-title-container\" ><h2 class=\"section-title section-title-normal\"><b><\/b><span class=\"section-title-main\" style=\"font-size:82%;\">Aide<\/span><b><\/b><\/h2><\/div>\n<div class=\"accordion\">\n\t<div id=\"accordion-1948240278\" class=\"accordion-item\">\n\t\t<a id=\"accordion-1948240278-label\" class=\"accordion-title plain active\" href=\"#accordion-item-comment-commander\" aria-expanded=\"true\" aria-controls=\"accordion-1948240278-content\" >\n\t\t\t<button class=\"toggle\" aria-label=\"Toggle\"><i class=\"icon-angle-down\"><\/i><\/button>\n\t\t\t<span>How to order<\/span>\n\t\t<\/a>\n\t\t<div id=\"accordion-1948240278-content\" class=\"accordion-inner\" style=\"display: block;\" aria-labelledby=\"accordion-1948240278-label\" >\n\t\t\t\n<h3 style=\"font-family: Ubuntu, sans-serif;font-weight: 400; font-style: normal;color: #ca9e64;font-size: 1.125em;\">1. S\u00e9lection des articles de votre choix<\/h3>\n<p>Pour ajouter l&rsquo;article de votre choix dans le panier, choisissez une quantit\u00e9, puis cliquez sur le lien panier. Votre article sera alors automatiquement rajout\u00e9.<\/p>\n<h3 style=\"font-family: Ubuntu, sans-serif;font-weight: 400; font-style: normal;color: #ca9e64;font-size: 1.125em;\">2. Le panier<\/h3>\n<p>Dans le panier, vous pouvez visualiser l&rsquo;ensemble des produits que vous avez s\u00e9lectionn\u00e9. Vous pouvez mettre \u00e0 jour la quantit\u00e9 de chacun des article ainsi qu&rsquo;en supprimer si vous le d\u00e9sirez. Une fois votre s\u00e9lection de produit finalis\u00e9e, vous pouvez passer \u00e0 la suite de la commande.<\/p>\n<h3 style=\"font-family: Ubuntu, sans-serif;font-weight: 400; font-style: normal;color: #ca9e64;font-size: 1.125em;\">3. Passer la commande<\/h3>\n<p>Lorsque vous avez valid\u00e9 le contenu de votre panier, vous devez renseigner les diff\u00e9rents champs de formulaire pour les contacts de facturation ainsi que les contacts de livraison.<\/p>\n<h3 style=\"font-family: Ubuntu, sans-serif;font-weight: 400; font-style: normal;color: #ca9e64;font-size: 1.125em;\">4. Le paiement s\u00e9curis\u00e9<\/h3>\n<p>Une fois que toutes les informations requises ont \u00e9t\u00e9 saisies pour que nous puissions traiter votre commande, vous serez redirig\u00e9 dans un environnement s\u00e9curis\u00e9 pour le paiement en ligne. Vous devrez y saisir les informations de votre carte de cr\u00e9dit.<\/p>\n<h3 style=\"font-family: Ubuntu, sans-serif;font-weight: 400; font-style: normal;color: #ca9e64;font-size: 1.125em;\">5. Confirmation de votre commande<\/h3>\n<p>D\u00e8s que les informations de paiement sont v\u00e9rifi\u00e9es, vous recevrez une confirmation de commande par mail.<\/p>\n\t\t<\/div>\n\t<\/div>\n\t\n\t<div id=\"accordion-2612632253\" class=\"accordion-item\">\n\t\t<a id=\"accordion-2612632253-label\" class=\"accordion-title plain\" href=\"#accordion-item-mes-envies\" aria-expanded=\"false\" aria-controls=\"accordion-2612632253-content\" >\n\t\t\t<button class=\"toggle\" aria-label=\"Toggle\"><i class=\"icon-angle-down\"><\/i><\/button>\n\t\t\t<span>Mes envies<\/span>\n\t\t<\/a>\n\t\t<div id=\"accordion-2612632253-content\" class=\"accordion-inner\" aria-labelledby=\"accordion-2612632253-label\" >\n\t\t\t\n<p>\u00ab Mes envies \u00bb (ou encore mes favoris, mes souhaits) est un mot anglais\u00a0\u00ab wish-list \u00bb qui peut \u00eatre traduit de mani\u00e8re litt\u00e9rale comme une \u00ab liste de souhaits \u00bb ou une \u00ab liste d\u2019envies \u00bb.<br \/>\nC&rsquo;est une liste qui vous permet de garder en m\u00e9moire vos\u00a0envies afin\u00a0de pouvoir revenir les consulter plus tard.<\/p>\n\t\t<\/div>\n\t<\/div>\n\t\n\t<div id=\"accordion-4004091318\" class=\"accordion-item\">\n\t\t<a id=\"accordion-4004091318-label\" class=\"accordion-title plain\" href=\"#accordion-item-faq\" aria-expanded=\"false\" aria-controls=\"accordion-4004091318-content\" >\n\t\t\t<button class=\"toggle\" aria-label=\"Toggle\"><i class=\"icon-angle-down\"><\/i><\/button>\n\t\t\t<span>FAQ<\/span>\n\t\t<\/a>\n\t\t<div id=\"accordion-4004091318-content\" class=\"accordion-inner\" aria-labelledby=\"accordion-4004091318-label\" >\n\t\t\t\n\t\t<\/div>\n\t<\/div>\n\t\n<\/div>\n\t\t<\/div>\n\t\t\t\t\n<style>\n#col-106468466 > .col-inner {\n  margin: 0px 10px 0px 10px;\n}\n<\/style>\n\t<\/div>\n\n\t\n<\/div>","protected":false},"excerpt":{"rendered":"","protected":false},"author":1468,"featured_media":0,"parent":0,"menu_order":0,"comment_status":"closed","ping_status":"closed","template":"page-blank.php","meta":{"_acf_changed":false,"footnotes":""},"acf":[],"_links":{"self":[{"href":"https:\/\/beta.alpscigar.com\/en\/wp-json\/wp\/v2\/pages\/14198"}],"collection":[{"href":"https:\/\/beta.alpscigar.com\/en\/wp-json\/wp\/v2\/pages"}],"about":[{"href":"https:\/\/beta.alpscigar.com\/en\/wp-json\/wp\/v2\/types\/page"}],"author":[{"embeddable":true,"href":"https:\/\/beta.alpscigar.com\/en\/wp-json\/wp\/v2\/users\/1468"}],"replies":[{"embeddable":true,"href":"https:\/\/beta.alpscigar.com\/en\/wp-json\/wp\/v2\/comments?post=14198"}],"version-history":[{"count":5,"href":"https:\/\/beta.alpscigar.com\/en\/wp-json\/wp\/v2\/pages\/14198\/revisions"}],"predecessor-version":[{"id":97461,"href":"https:\/\/beta.alpscigar.com\/en\/wp-json\/wp\/v2\/pages\/14198\/revisions\/97461"}],"wp:attachment":[{"href":"https:\/\/beta.alpscigar.com\/en\/wp-json\/wp\/v2\/media?parent=14198"}],"curies":[{"name":"wp","href":"https:\/\/api.w.org\/{rel}","templated":true}]}}