{"id":18858,"date":"2019-09-11T13:21:20","date_gmt":"2019-09-11T12:21:20","guid":{"rendered":"https:\/\/alpscigar.com\/?page_id=18858"},"modified":"2022-12-05T15:53:58","modified_gmt":"2022-12-05T14:53:58","slug":"qui-sommes-nous","status":"publish","type":"page","link":"https:\/\/beta.alpscigar.com\/en\/qui-sommes-nous\/","title":{"rendered":"Who we are"},"content":{"rendered":"<div id=\"page-header-1154360390\" class=\"page-header-wrapper\">\n  <div class=\"page-title dark featured-title\">\n\n        <div class=\"page-title-bg\">\n      <div class=\"title-bg fill bg-fill\"\n        data-parallax-container=\".page-title\"\n        data-parallax-background\n data-parallax=\"-\">\n      <\/div>\n      <div class=\"title-overlay fill\"><\/div>\n    <\/div>\n    \n    <div class=\"page-title-inner container align-center text-center flex-row-col medium-flex-wrap\" >\n              <div class=\"title-wrapper is-large flex-col\">\n          <h1 class=\"entry-title mb-0\">\n            Who we are          <\/h1>\n        <\/div>\n                    <div class=\"title-content flex-col\">\n        <div class=\"title-breadcrumbs pb-half pt-half\"><nav class=\"woocommerce-breadcrumb breadcrumbs uppercase\" data-no-translation=\"\" data-trp-gettext=\"\">Home<\/nav><\/div>      <\/div>\n    <\/div>\n\n     \n<style>\n#page-header-1154360390 .page-title-inner {\n  min-height: 390px;\n}\n#page-header-1154360390 .title-bg {\n  background-image: url(https:\/\/beta.alpscigar.com\/wp-content\/uploads\/2019\/03\/Alps-cigar-image-cuba-NB.jpg);\n}\n#page-header-1154360390 .title-overlay {\n  background-color: rgba(0, 0, 0, 0.35);\n}\n<\/style>\n  <\/div>\n    <\/div>\n  \n<div class=\"row\"  id=\"row-1786469214\">\n\n\t<div id=\"col-39437667\" class=\"col small-12 large-12\"  >\n\t\t\t\t<div class=\"col-inner\"  >\n\t\t\t\n\t\t\t\n\t<div id=\"gap-1730702763\" class=\"gap-element clearfix\" style=\"display:block; height:auto;\">\n\t\t\n<style>\n#gap-1730702763 {\n  padding-top: 60px;\n}\n<\/style>\n\t<\/div>\n\t\n<div class=\"container section-title-container\" ><h2 class=\"section-title section-title-normal\"><b><\/b><span class=\"section-title-main\" style=\"font-size:78%;\">Who we are<\/span><b><\/b><\/h2><\/div>\n\t<div id=\"gap-1848112805\" class=\"gap-element clearfix\" style=\"display:block; height:auto;\">\n\t\t\n<style>\n#gap-1848112805 {\n  padding-top: 30px;\n}\n<\/style>\n\t<\/div>\n\t\n<div>Alpscigar.com parle de la passion pour les cigares haut de gamme, de l&rsquo;esprit d&rsquo;entreprise et des liens entre l&rsquo;\u00eele des Cara\u00efbes et la Suisse.<\/div>\n<div><\/div>\n<div>Since 1978, our family has traveled the globe learning, tasting, creating, dreaming and talking with cigar makers.<\/div>\n<div><\/div>\n<div>Notre \u00e9nergie vient du plus profond de notre c\u0153ur, de l&rsquo;\u00e9motion et de l&rsquo;amiti\u00e9 avec les gens du tabac dans notre industrie merveilleuse.<\/div>\n<div><\/div>\n<div>Our devotion to quality cigars, our traceability and our perfect knowledge of storage for regular production and vintages make our family cigar group perfectly unique in Switzerland.<\/div>\n<div><\/div>\n<div>Cigar aficionados from all over the world give extraordinary feedback every day to our customer service department dedicated to our prestigious cigar friends.<\/div>\n<div><\/div>\n<div>Alpscigar.com thinks differently, sells differently, to smart people around the world looking for the best cigar experience!<\/div>\n<div><\/div>\n<div>Quality, trust, friendship, taste and passion for the world's finest cigars are our modjo!<\/div>\n<div><\/div>\n<div><\/div>\n<div><\/div>\n<div>L&rsquo;\u00e9quipe d&rsquo;Alpscigar.com<\/div>\n\t<div id=\"gap-1442157453\" class=\"gap-element clearfix\" style=\"display:block; height:auto;\">\n\t\t\n<style>\n#gap-1442157453 {\n  padding-top: 100px;\n}\n<\/style>\n\t<\/div>\n\t\n\t\t<\/div>\n\t\t\t\t\n<style>\n#col-39437667 > .col-inner {\n  padding: 0px 10px 0px 10px;\n}\n<\/style>\n\t<\/div>\n\n\t\n<\/div>","protected":false},"excerpt":{"rendered":"","protected":false},"author":1468,"featured_media":0,"parent":0,"menu_order":0,"comment_status":"closed","ping_status":"closed","template":"page-blank.php","meta":{"_acf_changed":false,"footnotes":""},"acf":[],"_links":{"self":[{"href":"https:\/\/beta.alpscigar.com\/en\/wp-json\/wp\/v2\/pages\/18858"}],"collection":[{"href":"https:\/\/beta.alpscigar.com\/en\/wp-json\/wp\/v2\/pages"}],"about":[{"href":"https:\/\/beta.alpscigar.com\/en\/wp-json\/wp\/v2\/types\/page"}],"author":[{"embeddable":true,"href":"https:\/\/beta.alpscigar.com\/en\/wp-json\/wp\/v2\/users\/1468"}],"replies":[{"embeddable":true,"href":"https:\/\/beta.alpscigar.com\/en\/wp-json\/wp\/v2\/comments?post=18858"}],"version-history":[{"count":5,"href":"https:\/\/beta.alpscigar.com\/en\/wp-json\/wp\/v2\/pages\/18858\/revisions"}],"predecessor-version":[{"id":97460,"href":"https:\/\/beta.alpscigar.com\/en\/wp-json\/wp\/v2\/pages\/18858\/revisions\/97460"}],"wp:attachment":[{"href":"https:\/\/beta.alpscigar.com\/en\/wp-json\/wp\/v2\/media?parent=18858"}],"curies":[{"name":"wp","href":"https:\/\/api.w.org\/{rel}","templated":true}]}}