{"id":7680,"date":"2018-06-07T07:52:53","date_gmt":"2018-06-07T06:52:53","guid":{"rendered":"https:\/\/mkulcarx.preview.infomaniak.website\/?page_id=7680"},"modified":"2023-07-28T13:12:18","modified_gmt":"2023-07-28T12:12:18","slug":"tracabilite-et-garantie","status":"publish","type":"page","link":"https:\/\/beta.alpscigar.com\/en\/tracabilite-et-garantie\/","title":{"rendered":"Traceability and warranty"},"content":{"rendered":"<div id=\"page-header-1236576931\" class=\"page-header-wrapper\">\n  <div class=\"page-title dark featured-title\">\n\n        <div class=\"page-title-bg\">\n      <div class=\"title-bg fill bg-fill\"\n        data-parallax-container=\".page-title\"\n        data-parallax-background\n data-parallax=\"-\">\n      <\/div>\n      <div class=\"title-overlay fill\"><\/div>\n    <\/div>\n    \n    <div class=\"page-title-inner container align-center text-center flex-row-col medium-flex-wrap\" >\n              <div class=\"title-wrapper flex-col\">\n          <h1 class=\"entry-title mb-0\">\n            Traceability and warranty          <\/h1>\n        <\/div>\n                    <div class=\"title-content flex-col\">\n        <div class=\"title-breadcrumbs pb-half pt-half\"><nav class=\"woocommerce-breadcrumb breadcrumbs uppercase\" data-no-translation=\"\" data-trp-gettext=\"\">Home<\/nav><\/div>      <\/div>\n    <\/div>\n\n     \n<style>\n#page-header-1236576931 .page-title-inner {\n  min-height: 390px;\n}\n#page-header-1236576931 .title-bg {\n  background-image: url(https:\/\/beta.alpscigar.com\/wp-content\/uploads\/2019\/03\/Alps-cigar-image-cuba-NB.jpg);\n  background-position: 50% 50%;\n}\n#page-header-1236576931 .title-overlay {\n  background-color: rgba(0, 0, 0, 0.35);\n}\n<\/style>\n  <\/div>\n    <\/div>\n  \n<div class=\"row\"  id=\"row-2048733264\">\n\n\t<div id=\"col-2073614599\" class=\"col small-12 large-12\"  >\n\t\t\t\t<div class=\"col-inner\"  >\n\t\t\t\n\t\t\t\n\t<div id=\"gap-2073772339\" class=\"gap-element clearfix\" style=\"display:block; height:auto;\">\n\t\t\n<style>\n#gap-2073772339 {\n  padding-top: 60px;\n}\n<\/style>\n\t<\/div>\n\t\n<div class=\"container section-title-container\" ><h2 class=\"section-title section-title-normal\"><b><\/b><span class=\"section-title-main\" style=\"font-size:78%;\">Traceability and warranty<\/span><b><\/b><\/h2><\/div>\n\t<div id=\"gap-899914610\" class=\"gap-element clearfix\" style=\"display:block; height:auto;\">\n\t\t\n<style>\n#gap-899914610 {\n  padding-top: 30px;\n}\n<\/style>\n\t<\/div>\n\t\n<p style=\"line-height: 1.2; text-transform: uppercase;letter-spacing: .05em;font-weight: 400; font-style: normal;font-family: Ubuntu, sans-serif;color: #ca9e64;font-size: 1em;\">Cuba \/ Sceau de garantie Habanos \/ Code-barres individuel \/ Num\u00e9ro d&rsquo;identification unique, hologramme et code secret Habanos contenus dans le sceau de garantie.<\/p>\n<div>Chers clients, nous nous effor\u00e7ons chaque jour de s\u00e9lectionner et de vous offrir la meilleure qualit\u00e9 de cigare possible. Nous ne fournissons que les importateurs officiels accr\u00e9dit\u00e9s par les marques.<\/div>\n<div><\/div>\n<div>Chaque bo\u00eete de cigares cubains achet\u00e9e sur notre site pr\u00e9sente les signes distinctifs suivants : Le \u00ab\u00a0cellio\u00a0\u00bb cubain de couleur verte, avec un code secret cach\u00e9 dans l&rsquo;autocollant, un code-barres avec un num\u00e9ro unique identifiant la bo\u00eete de cigares que vous avez achet\u00e9e, ce code peut \u00eatre identifi\u00e9 directement sur le site officiel des Habanos, en ligne!le code de l&rsquo;usine et la date de production.<\/div>\n<div><\/div>\n<div>notre premier objectif est la s\u00e9lection rigoureuse des cigares que nous achetons aupr\u00e8s de nos fournisseurs. Ainsi, nous ne travaillons qu&rsquo;avec les importateurs officiels et uniques, sous contrat avec les marques qu&rsquo;ils repr\u00e9sentent pour l&rsquo;importation en Suisse. <strong>Ceci garantit et certifie le s\u00e9rieux et la tra\u00e7abilit\u00e9 des cigares que vous achetez chez nous.<\/strong><\/div>\n<div><\/div>\n<div><span style=\"font-size: 90%;\">Garantie d&rsquo;importation directe gr\u00e2ce \u00e0 l&rsquo;accord d&rsquo;exclusivit\u00e9 pour la Suisse avec Habanos SA Cuba.<\/span><\/div>\n\t<div id=\"gap-535841484\" class=\"gap-element clearfix\" style=\"display:block; height:auto;\">\n\t\t\n<style>\n#gap-535841484 {\n  padding-top: 100px;\n}\n<\/style>\n\t<\/div>\n\t\n<div class=\"row\"  id=\"row-1404108177\">\n\n\t<div id=\"col-102411251\" class=\"col medium-6 small-12 large-6\"  >\n\t\t\t\t<div class=\"col-inner\"  >\n\t\t\t\n\t\t\t\n\t<div class=\"img has-hover x md-x lg-x y md-y lg-y\" id=\"image_409335229\">\n\t\t\t\t\t\t\t\t<div class=\"img-inner dark\" >\n\t\t\t<img decoding=\"async\" width=\"800\" height=\"234\" src=\"https:\/\/beta.alpscigar.com\/wp-content\/uploads\/2018\/06\/Sceau-de-garantie-de-cuba-La_Couronne.jpg\" class=\"attachment-large size-large\" alt=\"Sceau de garantie de cuba La Couronne\" srcset=\"https:\/\/beta.alpscigar.com\/wp-content\/uploads\/2018\/06\/Sceau-de-garantie-de-cuba-La_Couronne.jpg 800w, https:\/\/beta.alpscigar.com\/wp-content\/uploads\/2018\/06\/Sceau-de-garantie-de-cuba-La_Couronne-768x225.jpg 768w, https:\/\/beta.alpscigar.com\/wp-content\/uploads\/2018\/06\/Sceau-de-garantie-de-cuba-La_Couronne-510x149.jpg 510w\" sizes=\"(max-width: 800px) 100vw, 800px\" \/>\t\t\t\t\t\t\n\t\t\t\t\t<\/div>\n\t\t\t\t\t\t\t\t\n<style>\n#image_409335229 {\n  width: 100%;\n}\n<\/style>\n\t<\/div>\n\t\n\t<div id=\"text-1119490299\" class=\"text\">\n\t\t\n<p style=\"font-family: Ubuntu, sans-serif;font-weight: 400; font-style: normal;color: #ca9e64;font-size: 1em;\">Cuba \/ Sceau de garantie Habanos \/ Code-barres individuel \/ Num\u00e9ro d&rsquo;identification unique, hologramme et code secret Habanos contenus dans le sceau de garantie.<\/p>\n\t\t\n<style>\n#text-1119490299 {\n  text-align: center;\n}\n<\/style>\n\t<\/div>\n\t\n\t\t<\/div>\n\t\t\t\t\t<\/div>\n\n\t\n\n\t<div id=\"col-2026186866\" class=\"col medium-6 small-12 large-6\"  >\n\t\t\t\t<div class=\"col-inner text-center\"  >\n\t\t\t\n\t\t\t\n\t<div class=\"img has-hover x md-x lg-x y md-y lg-y\" id=\"image_448457780\">\n\t\t\t\t\t\t\t\t<div class=\"img-inner dark\" >\n\t\t\t<img decoding=\"async\" width=\"224\" height=\"97\" src=\"https:\/\/beta.alpscigar.com\/wp-content\/uploads\/2019\/01\/elcheckautenticidad_en.png\" class=\"attachment-original size-original\" alt=\"elcheckautenticidad en\" \/>\t\t\t\t\t\t\n\t\t\t\t\t<\/div>\n\t\t\t\t\t\t\t\t\n<style>\n#image_448457780 {\n  width: 50%;\n}\n<\/style>\n\t<\/div>\n\t\n\t<div id=\"gap-1119893734\" class=\"gap-element clearfix\" style=\"display:block; height:auto;\">\n\t\t\n<style>\n#gap-1119893734 {\n  padding-top: 49px;\n}\n<\/style>\n\t<\/div>\n\t\n\t<div id=\"text-1482707054\" class=\"text\">\n\t\t\n<p style=\"font-family: Ubuntu, sans-serif;font-weight: 400; font-style: normal;color: #ca9e64;font-size: 1em;\">Vous pouvez cliquer sur le bouton ci-dessous \u00ab\u00a0Contr\u00f4le d&rsquo;authenticit\u00e9\u00a0\u00bb pour contr\u00f4ler votre bo\u00eete de cigares, cela vous am\u00e8nera \u00e0 un formulaire qui vous indiquera comment placer le code du produit que vous voulez contr\u00f4ler.<\/p>\n\t\t\n<style>\n#text-1482707054 {\n  text-align: center;\n}\n<\/style>\n\t<\/div>\n\t\n\t<div id=\"gap-1174002263\" class=\"gap-element clearfix\" style=\"display:block; height:auto;\">\n\t\t\n<style>\n#gap-1174002263 {\n  padding-top: 30px;\n}\n<\/style>\n\t<\/div>\n\t\n<a href=\"http:\/\/verificacion.habanos.com\/\" target=\"_blank\" class=\"button primary\" rel=\"noopener\"  >\n    <span>Authenticity Check<\/span>\n  <i class=\"icon-play\" aria-hidden=\"true\" ><\/i><\/a>\n\n\t\t<\/div>\n\t\t\t\t\t<\/div>\n\n\t\n<\/div>\n\t<div id=\"gap-1525596032\" class=\"gap-element clearfix\" style=\"display:block; height:auto;\">\n\t\t\n<style>\n#gap-1525596032 {\n  padding-top: 100px;\n}\n<\/style>\n\t<\/div>\n\t\n<div class=\"row align-middle align-center\"  id=\"row-1169084722\">\n\n\t<div id=\"col-188850425\" class=\"col medium-3 small-12 large-3\"  >\n\t\t\t\t<div class=\"col-inner text-center\"  >\n\t\t\t\n\t\t\t\n\t<div class=\"img has-hover x md-x lg-x y md-y lg-y\" id=\"image_1205648710\">\n\t\t\t\t\t\t\t\t<div class=\"img-inner dark\" >\n\t\t\t<img decoding=\"async\" width=\"568\" height=\"351\" src=\"https:\/\/beta.alpscigar.com\/wp-content\/uploads\/2022\/02\/Controle_de_qualite-intertabak-La_Couronne.jpeg\" class=\"attachment-large size-large\" alt=\"Controle de qualite intertabak La Couronne\" srcset=\"https:\/\/beta.alpscigar.com\/wp-content\/uploads\/2022\/02\/Controle_de_qualite-intertabak-La_Couronne.jpeg 568w, https:\/\/beta.alpscigar.com\/wp-content\/uploads\/2022\/02\/Controle_de_qualite-intertabak-La_Couronne-510x315.jpeg 510w\" sizes=\"(max-width: 568px) 100vw, 568px\" \/>\t\t\t\t\t\t\n\t\t\t\t\t<\/div>\n\t\t\t\t\t\t\t\t\n<style>\n#image_1205648710 {\n  width: 100%;\n}\n<\/style>\n\t<\/div>\n\t\n\t<div id=\"text-3226892107\" class=\"text show-for-small\">\n\t\t\n<p style=\"text-align: center;\">Label officiel de la soci\u00e9t\u00e9 Intertabak AG, importateur Suisse officiel et unique pour la certification de l&rsquo;origine des cigares cubain. Label existant dans cette forme Jusqu&rsquo;au 31.12.2021<\/p>\n\t\t\t<\/div>\n\t\n\t\t<\/div>\n\t\t\t\t\t<\/div>\n\n\t\n\n\t<div id=\"col-1279765321\" class=\"col medium-3 small-12 large-3\"  >\n\t\t\t\t<div class=\"col-inner text-center\"  >\n\t\t\t\n\t\t\t\n\t<div class=\"img has-hover x md-x lg-x y md-y lg-y\" id=\"image_1191474168\">\n\t\t\t\t\t\t\t\t<div class=\"img-inner dark\" >\n\t\t\t<img decoding=\"async\" width=\"1000\" height=\"498\" src=\"https:\/\/beta.alpscigar.com\/wp-content\/uploads\/2022\/02\/Swiss-Quality-Check.jpg\" class=\"attachment-large size-large\" alt=\"Swiss Quality Check\" srcset=\"https:\/\/beta.alpscigar.com\/wp-content\/uploads\/2022\/02\/Swiss-Quality-Check.jpg 1000w, https:\/\/beta.alpscigar.com\/wp-content\/uploads\/2022\/02\/Swiss-Quality-Check-800x398.jpg 800w, https:\/\/beta.alpscigar.com\/wp-content\/uploads\/2022\/02\/Swiss-Quality-Check-768x382.jpg 768w, https:\/\/beta.alpscigar.com\/wp-content\/uploads\/2022\/02\/Swiss-Quality-Check-510x254.jpg 510w\" sizes=\"(max-width: 1000px) 100vw, 1000px\" \/>\t\t\t\t\t\t\n\t\t\t\t\t<\/div>\n\t\t\t\t\t\t\t\t\n<style>\n#image_1191474168 {\n  width: 85%;\n}\n<\/style>\n\t<\/div>\n\t\n\t<div id=\"text-981643871\" class=\"text show-for-small\">\n\t\t\n<p style=\"text-align: center;\">Label officiel\u00ae de Alpscigar.com jusqu&rsquo;\u00e0 2022. Ce label certifie que les produits estampill\u00e9s sont des produits originaux. Les cigares ont \u00e9t\u00e9s contr\u00f4l\u00e9s pour leur grande qualit\u00e9 et la certification de leur origine. Chaque boite de cigares aura \u00e9t\u00e9 ouverte, contr\u00f4l\u00e9e et prot\u00e9g\u00e9e. Ce processus m\u00e9ticuleux demande jusqu&rsquo;\u00e0 10 minutes par boite pour \u00eatre parfaitement ex\u00e9cut\u00e9 par nos experts<\/p>\n\t\t\t<\/div>\n\t\n\t\t<\/div>\n\t\t\t\t\t<\/div>\n\n\t\n\n\t<div id=\"col-557358998\" class=\"col medium-3 small-12 large-3\"  >\n\t\t\t\t<div class=\"col-inner\"  >\n\t\t\t\n\t\t\t\n\t<div class=\"img has-hover x md-x lg-x y md-y lg-y\" id=\"image_2139812231\">\n\t\t\t\t\t\t\t\t<div class=\"img-inner dark\" >\n\t\t\t<img decoding=\"async\" width=\"512\" height=\"313\" src=\"https:\/\/beta.alpscigar.com\/wp-content\/uploads\/2022\/02\/Sticker-Intertabak-SQC-FRITA.jpeg\" class=\"attachment-large size-large\" alt=\"Sticker Intertabak SQC FRITA\" srcset=\"https:\/\/beta.alpscigar.com\/wp-content\/uploads\/2022\/02\/Sticker-Intertabak-SQC-FRITA.jpeg 512w, https:\/\/beta.alpscigar.com\/wp-content\/uploads\/2022\/02\/Sticker-Intertabak-SQC-FRITA-510x312.jpeg 510w\" sizes=\"(max-width: 512px) 100vw, 512px\" \/>\t\t\t\t\t\t\n\t\t\t\t\t<\/div>\n\t\t\t\t\t\t\t\t\n<style>\n#image_2139812231 {\n  width: 100%;\n}\n<\/style>\n\t<\/div>\n\t\n\t<div id=\"text-2914732405\" class=\"text show-for-small\">\n\t\t\n<p style=\"text-align: center;\">Nouveau label officiel d\u00e8s le 01.01.2022<br \/>\nLa soci\u00e9t\u00e9 Intertabak AG certifie les produits contenus dans les boites de cigares comme des 100% produits originaux dont la qualit\u00e9 a \u00e9t\u00e9 contr\u00f4l\u00e9e en Suisse par des expert en cigares<\/p>\n\t\t\t<\/div>\n\t\n\t\t<\/div>\n\t\t\t\t\t<\/div>\n\n\t\n\n\t<div id=\"col-1414524057\" class=\"col medium-3 small-12 large-3\"  >\n\t\t\t\t<div class=\"col-inner text-center\"  >\n\t\t\t\n\t\t\t\n\t<div class=\"img has-hover x md-x lg-x y md-y lg-y\" id=\"image_1292058761\">\n\t\t\t\t\t\t\t\t<div class=\"img-inner dark\" >\n\t\t\t<img decoding=\"async\" width=\"236\" height=\"472\" src=\"https:\/\/beta.alpscigar.com\/wp-content\/uploads\/2023\/07\/2022_SP_Stickers_Label-Seal_Alps-.jpg\" class=\"attachment-large size-large\" alt=\"SP Stickers Label Seal Alps\" srcset=\"https:\/\/beta.alpscigar.com\/wp-content\/uploads\/2023\/07\/2022_SP_Stickers_Label-Seal_Alps-.jpg 236w, https:\/\/beta.alpscigar.com\/wp-content\/uploads\/2023\/07\/2022_SP_Stickers_Label-Seal_Alps--200x400.jpg 200w\" sizes=\"(max-width: 236px) 100vw, 236px\" \/>\t\t\t\t\t\t\n\t\t\t\t\t<\/div>\n\t\t\t\t\t\t\t\t\n<style>\n#image_1292058761 {\n  width: 40%;\n}\n<\/style>\n\t<\/div>\n\t\n\t<div id=\"text-1989703187\" class=\"text show-for-small\">\n\t\t\n<p style=\"text-align: center;\">Label officiel\u00ae de Alpscigar.com depuis 2023. Ce label certifie que les produits estampill\u00e9s sont des produits originaux. Les cigares ont \u00e9t\u00e9s contr\u00f4l\u00e9s pour leur grande qualit\u00e9 et la certification de leur origine. Chaque boite de cigares aura \u00e9t\u00e9 ouverte, contr\u00f4l\u00e9e et prot\u00e9g\u00e9e. Ce processus m\u00e9ticuleux demande jusqu&rsquo;\u00e0 10 minutes par boite pour \u00eatre parfaitement ex\u00e9cut\u00e9 par nos experts<\/p>\n\t\t\t<\/div>\n\t\n\t\t<\/div>\n\t\t\t\t\t<\/div>\n\n\t\n<\/div>\n<div class=\"row hide-for-small\"  id=\"row-1281609469\">\n\n\t<div id=\"col-1329180363\" class=\"col medium-3 small-12 large-3\"  >\n\t\t\t\t<div class=\"col-inner\"  >\n\t\t\t\n\t\t\t\n<p style=\"text-align: center;\">Label officiel de la soci\u00e9t\u00e9 Intertabak AG, importateur Suisse officiel et unique pour la certification de l&rsquo;origine des cigares cubain. Label existant dans cette forme Jusqu&rsquo;au 31.12.2021<\/p>\n\t\t<\/div>\n\t\t\t\t\t<\/div>\n\n\t\n\n\t<div id=\"col-1838456125\" class=\"col medium-3 small-12 large-3\"  >\n\t\t\t\t<div class=\"col-inner\"  >\n\t\t\t\n\t\t\t\n<p style=\"text-align: center;\">Label officiel\u00ae de Alpscigar.com jusqu&rsquo;\u00e0 2022. Ce label certifie que les produits estampill\u00e9s sont des produits originaux. Les cigares ont \u00e9t\u00e9s contr\u00f4l\u00e9s pour leur grande qualit\u00e9 et la certification de leur origine. Chaque boite de cigares aura \u00e9t\u00e9 ouverte, contr\u00f4l\u00e9e et prot\u00e9g\u00e9e. Ce processus m\u00e9ticuleux demande jusqu&rsquo;\u00e0 10 minutes par boite pour \u00eatre parfaitement ex\u00e9cut\u00e9 par nos experts<\/p>\n\t\t<\/div>\n\t\t\t\t\t<\/div>\n\n\t\n\n\t<div id=\"col-609655614\" class=\"col medium-3 small-12 large-3\"  >\n\t\t\t\t<div class=\"col-inner\"  >\n\t\t\t\n\t\t\t\n<p style=\"text-align: center;\">Nouveau label officiel d\u00e8s le 01.01.2022<br \/>\nLa soci\u00e9t\u00e9 Intertabak AG certifie les produits contenus dans les boites de cigares comme des 100% produits originaux dont la qualit\u00e9 a \u00e9t\u00e9 contr\u00f4l\u00e9e en Suisse par des expert en cigares<\/p>\n\t\t<\/div>\n\t\t\t\t\t<\/div>\n\n\t\n\n\t<div id=\"col-1652759939\" class=\"col medium-3 small-12 large-3\"  >\n\t\t\t\t<div class=\"col-inner\"  >\n\t\t\t\n\t\t\t\n<p style=\"text-align: center;\">Label officiel\u00ae de Alpscigar.com depuis 2023. Ce label certifie que les produits estampill\u00e9s sont des produits originaux. Les cigares ont \u00e9t\u00e9s contr\u00f4l\u00e9s pour leur grande qualit\u00e9 et la certification de leur origine. Chaque boite de cigares aura \u00e9t\u00e9 ouverte, contr\u00f4l\u00e9e et prot\u00e9g\u00e9e. Ce processus m\u00e9ticuleux demande jusqu&rsquo;\u00e0 10 minutes par boite pour \u00eatre parfaitement ex\u00e9cut\u00e9 par nos experts<\/p>\n\t\t<\/div>\n\t\t\t\t\t<\/div>\n\n\t\n<\/div>\n\n\t<div id=\"gap-848724962\" class=\"gap-element clearfix\" style=\"display:block; height:auto;\">\n\t\t\n<style>\n#gap-848724962 {\n  padding-top: 100px;\n}\n<\/style>\n\t<\/div>\n\t\n\t\t<\/div>\n\t\t\t\t\n<style>\n#col-2073614599 > .col-inner {\n  padding: 0px 10px 0px 10px;\n}\n<\/style>\n\t<\/div>\n\n\t\n<\/div>","protected":false},"excerpt":{"rendered":"","protected":false},"author":1468,"featured_media":0,"parent":0,"menu_order":0,"comment_status":"closed","ping_status":"closed","template":"page-blank.php","meta":{"_acf_changed":false,"footnotes":""},"acf":[],"_links":{"self":[{"href":"https:\/\/beta.alpscigar.com\/en\/wp-json\/wp\/v2\/pages\/7680"}],"collection":[{"href":"https:\/\/beta.alpscigar.com\/en\/wp-json\/wp\/v2\/pages"}],"about":[{"href":"https:\/\/beta.alpscigar.com\/en\/wp-json\/wp\/v2\/types\/page"}],"author":[{"embeddable":true,"href":"https:\/\/beta.alpscigar.com\/en\/wp-json\/wp\/v2\/users\/1468"}],"replies":[{"embeddable":true,"href":"https:\/\/beta.alpscigar.com\/en\/wp-json\/wp\/v2\/comments?post=7680"}],"version-history":[{"count":7,"href":"https:\/\/beta.alpscigar.com\/en\/wp-json\/wp\/v2\/pages\/7680\/revisions"}],"predecessor-version":[{"id":153641,"href":"https:\/\/beta.alpscigar.com\/en\/wp-json\/wp\/v2\/pages\/7680\/revisions\/153641"}],"wp:attachment":[{"href":"https:\/\/beta.alpscigar.com\/en\/wp-json\/wp\/v2\/media?parent=7680"}],"curies":[{"name":"wp","href":"https:\/\/api.w.org\/{rel}","templated":true}]}}