{"id":13518,"date":"2018-03-29T10:32:39","date_gmt":"2018-03-29T09:32:39","guid":{"rendered":"https:\/\/mkulcarx.preview.infomaniak.website\/produit\/aniversario-special-t-cello-20-cigares\/"},"modified":"2023-12-07T23:00:15","modified_gmt":"2023-12-07T22:00:15","slug":"davidoff-aniversario-special-t-cello-20-cigares","status":"publish","type":"product","link":"https:\/\/beta.alpscigar.com\/en\/shop\/dominican-cigars\/davidoff\/davidoff-aniversario-special-t-cello-20-cigares\/","title":{"rendered":"Davidoff Aniversario Special T (20)"},"content":{"rendered":"<p>Davidoff Aniversario Special T (Torpedo) pr\u00e9sente une longueur de 152.4 mm, elle est combin\u00e9e \u00e0 un diam\u00e8tre de 20.63 mm pour former un imposant calibre 52. Le T est mis pour \u00ab Torpedo \u00bb. La lettre annonce le module de ce cigare : torpedo ou pyramide en fran\u00e7ais. Les cigares Davidoff \u2013 Special T sont enti\u00e8rement construits \u00e0 la main par des Torcedores qui travaillent avec du tabac dominicain et du tabac \u00e9quatorien. Le terroir dominicain se retrouve dans la tripe et la sous-cape. Quant \u00e0 la cape, qui est Colorado (brun moyen brillant), elle fait honneur au terroir \u00e9quatorien en recevant des feuilles de type Connecticut Shade cultiv\u00e9es en sous-serre en \u00c9quateur.<\/p>\n<p>Il est \u00e0 signaler que le diam\u00e8tre du cigare augmente vers le pied, mais diminue vers la t\u00eate. Les cigares Davidoff Aniversario Special T sont fermes et compactes. Le cigare Davidoff Aniversario Special T est une g\u00e9ante que l\u2019on savoure en 50 minutes ! Le tirage est correct, la combustibilit\u00e9 est parfaite.<\/p>\n<p>Si le\u00a0cigare d\u00e9voile une puissance mod\u00e9r\u00e9e, en revanche, au niveau aromatique, il est assez cors\u00e9. Il r\u00e9pand une forte dose de notes \u00e9pic\u00e9es avec un go\u00fbt cr\u00e9meux assez intense. Les palais connaisseurs peuvent ressentir des notes fruit\u00e9e et bois\u00e9e. Le passage de la fum\u00e9e laisse ensuite sur le palais un arri\u00e8re-go\u00fbt poivr\u00e9.<\/p>","protected":false},"excerpt":{"rendered":"<p>Box of 20 cigars.<\/p>","protected":false},"featured_media":13519,"template":"","meta":{"_acf_changed":false},"product_cat":[23555,14927,14929],"product_tag":[],"bundled_by":[],"bundle_stock_status":"instock","bundle_stock_quantity":null,"bundle_virtual":false,"bundle_layout":"","bundle_add_to_cart_form_location":"","bundle_editable_in_cart":false,"bundle_sold_individually_context":"","bundle_item_grouping":"","bundle_min_size":"","bundle_max_size":"","bundled_items":[],"acf":[],"_links":{"self":[{"href":"https:\/\/beta.alpscigar.com\/en\/wp-json\/wp\/v2\/product\/13518"}],"collection":[{"href":"https:\/\/beta.alpscigar.com\/en\/wp-json\/wp\/v2\/product"}],"about":[{"href":"https:\/\/beta.alpscigar.com\/en\/wp-json\/wp\/v2\/types\/product"}],"wp:featuredmedia":[{"embeddable":true,"href":"https:\/\/beta.alpscigar.com\/en\/wp-json\/wp\/v2\/media\/13519"}],"wp:attachment":[{"href":"https:\/\/beta.alpscigar.com\/en\/wp-json\/wp\/v2\/media?parent=13518"}],"wp:term":[{"taxonomy":"product_cat","embeddable":true,"href":"https:\/\/beta.alpscigar.com\/en\/wp-json\/wp\/v2\/product_cat?post=13518"},{"taxonomy":"product_tag","embeddable":true,"href":"https:\/\/beta.alpscigar.com\/en\/wp-json\/wp\/v2\/product_tag?post=13518"}],"curies":[{"name":"wp","href":"https:\/\/api.w.org\/{rel}","templated":true}]}}