{"id":13524,"date":"2018-03-29T10:32:39","date_gmt":"2018-03-29T09:32:39","guid":{"rendered":"https:\/\/mkulcarx.preview.infomaniak.website\/produit\/aniversario-special-r-tubos-cello-3-cigares\/"},"modified":"2023-12-07T23:02:14","modified_gmt":"2023-12-07T22:02:14","slug":"davidoff-aniversario-special-r-tubos-cello-3-cigares","status":"publish","type":"product","link":"https:\/\/beta.alpscigar.com\/en\/shop\/dominican-cigars\/davidoff\/davidoff-aniversario-special-r-tubos-cello-3-cigares\/","title":{"rendered":"Davidoff Aniversario Special R Tubos\u00a0Etui (3)"},"content":{"rendered":"<p>Le Davidoff Aniversario Special R est construit avec trois tabacs diff\u00e9rents de R\u00e9publique dominicaine, une sous-cape Piloto Seco et une cape \u00e9quatorienne du Connecticut, le Davidoff Aniversario Special \u201cR\u201d a un go\u00fbt l\u00e9g\u00e8rement \u00e9pic\u00e9 mais terreux qui se d\u00e9gage d\u00e8s le d\u00e9but. Son \u00e9quilibre entre de riches ar\u00f4mes bois\u00e9s et terreux et de copieuses notes de poivre, de noix grill\u00e9es et de c\u00e8dre font de ce cigare un incontournable de votre cave.<\/p>\n<p>Les cigares Davidoff Aniversario Special R am\u00e9liorent chaque partie d\u2019une c\u00e9l\u00e9bration. Essayez-les avec un whisky single malt vieilli aux saveurs douces, cr\u00e9meuses et fruit\u00e9es, ou un champagne mill\u00e9sim\u00e9.<\/p>","protected":false},"excerpt":{"rendered":"<p>Etui de 3 cigares en tube.<\/p>","protected":false},"featured_media":13525,"template":"","meta":{"_acf_changed":false},"product_cat":[23555,14927,14929],"product_tag":[],"bundled_by":[],"bundle_stock_status":"instock","bundle_stock_quantity":null,"bundle_virtual":false,"bundle_layout":"","bundle_add_to_cart_form_location":"","bundle_editable_in_cart":false,"bundle_sold_individually_context":"","bundle_item_grouping":"","bundle_min_size":"","bundle_max_size":"","bundled_items":[],"acf":[],"_links":{"self":[{"href":"https:\/\/beta.alpscigar.com\/en\/wp-json\/wp\/v2\/product\/13524"}],"collection":[{"href":"https:\/\/beta.alpscigar.com\/en\/wp-json\/wp\/v2\/product"}],"about":[{"href":"https:\/\/beta.alpscigar.com\/en\/wp-json\/wp\/v2\/types\/product"}],"wp:featuredmedia":[{"embeddable":true,"href":"https:\/\/beta.alpscigar.com\/en\/wp-json\/wp\/v2\/media\/13525"}],"wp:attachment":[{"href":"https:\/\/beta.alpscigar.com\/en\/wp-json\/wp\/v2\/media?parent=13524"}],"wp:term":[{"taxonomy":"product_cat","embeddable":true,"href":"https:\/\/beta.alpscigar.com\/en\/wp-json\/wp\/v2\/product_cat?post=13524"},{"taxonomy":"product_tag","embeddable":true,"href":"https:\/\/beta.alpscigar.com\/en\/wp-json\/wp\/v2\/product_tag?post=13524"}],"curies":[{"name":"wp","href":"https:\/\/api.w.org\/{rel}","templated":true}]}}