{"id":13532,"date":"2018-03-29T10:32:39","date_gmt":"2018-03-29T09:32:39","guid":{"rendered":"https:\/\/mkulcarx.preview.infomaniak.website\/produit\/aniversario-entreacto-cello-4-cigares\/"},"modified":"2023-12-11T09:01:19","modified_gmt":"2023-12-11T08:01:19","slug":"davidoff-aniversario-entreacto-cello-4-cigares","status":"publish","type":"product","link":"https:\/\/beta.alpscigar.com\/en\/shop\/dominican-cigars\/davidoff\/davidoff-aniversario-entreacto-cello-4-cigares\/","title":{"rendered":"Davidoff Aniversario Entreacto Etui (4)"},"content":{"rendered":"<p>Le cigare Davidoff Special Entreacto \u00e9pouse le module short corona avec une longueur de 88.9 mm et un diam\u00e8tre de 17 mm pour une bague de 43. Entreacto, entracte en fran\u00e7ais, est un cigare complexe qui appartient \u00e0 la s\u00e9rie Aniversario de Davidoff. La fabrication du Davidoff Aniversario Entreacto est assur\u00e9e \u00e0 la main en R\u00e9publique dominicaine. Il contient un m\u00e9lange \u00e9quilibr\u00e9 de plusieurs vari\u00e9t\u00e9s de tabac, dont les feuilles Connecticut Shade d\u2019\u00c9quateur affect\u00e9es \u00e0 la cape. Les tabacs dominicains servent pour la tripe et la sous-cape.<\/p>\n<p>Sa force s\u2019\u00e9tale d\u2019un degr\u00e9 doux moyen \u00e0 un degr\u00e9 moyen. Ce\u00a0cigare premium est donc accessible aux novices tout en \u00e9tant susceptible de plaire \u00e0 de fins connaisseurs. Quel que soit le niveau, il est pr\u00e9f\u00e9rable de le fumer en conclusion d\u2019un d\u00e9jeuner.<\/p>\n<p>Le luxueux Davidoff Aniversario Entreacto produit une fum\u00e9e dense. L\u2019analyse de son panel aromatique r\u00e9v\u00e8le un cigare moyennement cors\u00e9. En effet, sur toute la dur\u00e9e de la d\u00e9gustation, estim\u00e9e \u00e0 environ 20 minutes par Davidoff, la vitole lib\u00e8re des notes \u00e9pic\u00e9es, poivr\u00e9es et une odeur de cuir. Celles-ci sont enrichies par le go\u00fbt de l\u2019amande, la fra\u00eecheur du parfum des agrumes (en particulier celui du citron), l\u2019ar\u00f4me du caf\u00e9 et une touche bois\u00e9e (le c\u00e8dre est tr\u00e8s bien repr\u00e9sent\u00e9). Ces ar\u00f4mes se d\u00e9veloppent harmonieusement.<\/p>","protected":false},"excerpt":{"rendered":"<p>Case of 4 cigars.<\/p>","protected":false},"featured_media":13533,"template":"","meta":{"_acf_changed":false},"product_cat":[24638,23555,14927,14929],"product_tag":[],"bundled_by":[],"bundle_stock_status":"instock","bundle_stock_quantity":null,"bundle_virtual":false,"bundle_layout":"","bundle_add_to_cart_form_location":"","bundle_editable_in_cart":false,"bundle_sold_individually_context":"","bundle_item_grouping":"","bundle_min_size":"","bundle_max_size":"","bundled_items":[],"acf":[],"_links":{"self":[{"href":"https:\/\/beta.alpscigar.com\/en\/wp-json\/wp\/v2\/product\/13532"}],"collection":[{"href":"https:\/\/beta.alpscigar.com\/en\/wp-json\/wp\/v2\/product"}],"about":[{"href":"https:\/\/beta.alpscigar.com\/en\/wp-json\/wp\/v2\/types\/product"}],"wp:featuredmedia":[{"embeddable":true,"href":"https:\/\/beta.alpscigar.com\/en\/wp-json\/wp\/v2\/media\/13533"}],"wp:attachment":[{"href":"https:\/\/beta.alpscigar.com\/en\/wp-json\/wp\/v2\/media?parent=13532"}],"wp:term":[{"taxonomy":"product_cat","embeddable":true,"href":"https:\/\/beta.alpscigar.com\/en\/wp-json\/wp\/v2\/product_cat?post=13532"},{"taxonomy":"product_tag","embeddable":true,"href":"https:\/\/beta.alpscigar.com\/en\/wp-json\/wp\/v2\/product_tag?post=13532"}],"curies":[{"name":"wp","href":"https:\/\/api.w.org\/{rel}","templated":true}]}}