{"id":13549,"date":"2018-03-29T10:33:02","date_gmt":"2018-03-29T09:33:02","guid":{"rendered":"https:\/\/mkulcarx.preview.infomaniak.website\/produit\/escurio-gran-perfecto-12-cigares\/"},"modified":"2023-08-31T14:33:28","modified_gmt":"2023-08-31T13:33:28","slug":"davidoff-escurio-gran-perfecto-12-cigares","status":"publish","type":"product","link":"https:\/\/beta.alpscigar.com\/en\/shop\/dominican-cigars\/davidoff\/davidoff-escurio-gran-perfecto-12-cigares\/","title":{"rendered":"Davidoff Escurio Gran Perfecto (12)"},"content":{"rendered":"<p>Le Davidoff Escurio Gran Perfecto est un format Perfecto qui est coup\u00e9 avec une taille de bague de 50 (diam\u00e8tre 20.64). Il fascine par le jeu de douceur et d&rsquo;\u00e9pices, de piment et de notes plus douces et cr\u00e9meuses. Au passage de la bague 50 \u00e0 la bague 61, un feu d&rsquo;artifice de saveurs de ch\u00eane, de r\u00e9glisse, de fruits, de sel et de cuir se d\u00e9roule.<\/p>","protected":false},"excerpt":{"rendered":"<p>Box of 12 cigars.<\/p>","protected":false},"featured_media":13894,"template":"","meta":{"_acf_changed":false},"product_cat":[24791,24638,23555,14927,14933],"product_tag":[],"bundled_by":[],"bundle_stock_status":"instock","bundle_stock_quantity":null,"bundle_virtual":false,"bundle_layout":"","bundle_add_to_cart_form_location":"","bundle_editable_in_cart":false,"bundle_sold_individually_context":"","bundle_item_grouping":"","bundle_min_size":"","bundle_max_size":"","bundled_items":[],"acf":[],"_links":{"self":[{"href":"https:\/\/beta.alpscigar.com\/en\/wp-json\/wp\/v2\/product\/13549"}],"collection":[{"href":"https:\/\/beta.alpscigar.com\/en\/wp-json\/wp\/v2\/product"}],"about":[{"href":"https:\/\/beta.alpscigar.com\/en\/wp-json\/wp\/v2\/types\/product"}],"wp:featuredmedia":[{"embeddable":true,"href":"https:\/\/beta.alpscigar.com\/en\/wp-json\/wp\/v2\/media\/13894"}],"wp:attachment":[{"href":"https:\/\/beta.alpscigar.com\/en\/wp-json\/wp\/v2\/media?parent=13549"}],"wp:term":[{"taxonomy":"product_cat","embeddable":true,"href":"https:\/\/beta.alpscigar.com\/en\/wp-json\/wp\/v2\/product_cat?post=13549"},{"taxonomy":"product_tag","embeddable":true,"href":"https:\/\/beta.alpscigar.com\/en\/wp-json\/wp\/v2\/product_tag?post=13549"}],"curies":[{"name":"wp","href":"https:\/\/api.w.org\/{rel}","templated":true}]}}