{"id":13562,"date":"2018-03-29T10:33:02","date_gmt":"2018-03-29T09:33:02","guid":{"rendered":"https:\/\/mkulcarx.preview.infomaniak.website\/produit\/escurio-gran-toro-4-cigares\/"},"modified":"2023-08-31T14:32:19","modified_gmt":"2023-08-31T13:32:19","slug":"davidoff-escurio-gran-toro-4-cigares","status":"publish","type":"product","link":"https:\/\/beta.alpscigar.com\/en\/shop\/dominican-cigars\/davidoff\/davidoff-escurio-gran-toro-4-cigares\/","title":{"rendered":"Davidoff Escurio Gran Toro Etui (4)"},"content":{"rendered":"<p>Le Davidoff Escurio Gran Toro est extraordinairement divertissant et vous emm\u00e8ne dans un voyage vers de nouvelles sensations. Chaque cigare Davidoff Escurio Gran Toro combine Cubra &#8211; le feu noble du Criollo cubain &#8211; avec le br\u00e9silien Mata Fina. Les deux ensembles font vibrer le c\u0153ur de ce m\u00e9lange de tabac original. Des vari\u00e9t\u00e9s de tabacs dominicaines et une cape \u00e9quatorienne Habano compl\u00e8tent l&rsquo;exp\u00e9rience de mani\u00e8re \u00e9quilibr\u00e9e. Le m\u00e9lange vous captivera d\u00e8s le d\u00e9part lorsque les saveurs \u00e9pic\u00e9es et sucr\u00e9es se rencontrent : le piment joue autour de notes plus douces et plus cr\u00e9meuses. Les ar\u00f4mes de ch\u00eane, de r\u00e9glisse, de fruits, de sel et de cuir seront bient\u00f4t ajout\u00e9s dans le deuxi\u00e8me tiers. Enfin, les ar\u00f4mes de caf\u00e9 et de chocolat au piment couronnent l&rsquo;exp\u00e9rience dans un final d&rsquo;une complexit\u00e9 enchanteresse.<\/p>","protected":false},"excerpt":{"rendered":"<p>Case of 4 cigars.<\/p>","protected":false},"featured_media":13865,"template":"","meta":{"_acf_changed":false},"product_cat":[24791,24638,23555,14927,14933],"product_tag":[],"bundled_by":[],"bundle_stock_status":"instock","bundle_stock_quantity":null,"bundle_virtual":false,"bundle_layout":"","bundle_add_to_cart_form_location":"","bundle_editable_in_cart":false,"bundle_sold_individually_context":"","bundle_item_grouping":"","bundle_min_size":"","bundle_max_size":"","bundled_items":[],"acf":[],"_links":{"self":[{"href":"https:\/\/beta.alpscigar.com\/en\/wp-json\/wp\/v2\/product\/13562"}],"collection":[{"href":"https:\/\/beta.alpscigar.com\/en\/wp-json\/wp\/v2\/product"}],"about":[{"href":"https:\/\/beta.alpscigar.com\/en\/wp-json\/wp\/v2\/types\/product"}],"wp:featuredmedia":[{"embeddable":true,"href":"https:\/\/beta.alpscigar.com\/en\/wp-json\/wp\/v2\/media\/13865"}],"wp:attachment":[{"href":"https:\/\/beta.alpscigar.com\/en\/wp-json\/wp\/v2\/media?parent=13562"}],"wp:term":[{"taxonomy":"product_cat","embeddable":true,"href":"https:\/\/beta.alpscigar.com\/en\/wp-json\/wp\/v2\/product_cat?post=13562"},{"taxonomy":"product_tag","embeddable":true,"href":"https:\/\/beta.alpscigar.com\/en\/wp-json\/wp\/v2\/product_tag?post=13562"}],"curies":[{"name":"wp","href":"https:\/\/api.w.org\/{rel}","templated":true}]}}