{"id":13943,"date":"2018-03-29T10:32:54","date_gmt":"2018-03-29T09:32:54","guid":{"rendered":"https:\/\/mkulcarx.preview.infomaniak.website\/produit\/dav-wsc-petit-panetela-cello-5s\/"},"modified":"2023-12-07T23:07:18","modified_gmt":"2023-12-07T22:07:18","slug":"davidoff-winston-churchill-petit-panetela-cello-5s","status":"publish","type":"product","link":"https:\/\/beta.alpscigar.com\/en\/shop\/dominican-cigars\/davidoff\/davidoff-winston-churchill-petit-panetela-cello-5s\/","title":{"rendered":"Davidoff Winston Churchill Petit Panetela Cello 5&rsquo;S"},"content":{"rendered":"<p>Davidoff Winston Churchill Petit Panetela Cello 5&rsquo;S.\u00a0Sir Winston \u00e9tait un conteur, un amoureux des \u00abbons mots\u00bb.\u00a0Un conteur de contes et un tisserand de mots, ses discours \u00e9taient aussi captivants en priv\u00e9 qu&rsquo;ils \u00e9taient en public.\u00a0Les anecdotes se m\u00ealent comme les saveurs complexes de ce Petit Panetela qui commence un peu terreux avec des notes d\u2019\u00e9pices et de r\u00e9glisse, mais ensuite, sur fond de notes florales et herbac\u00e9es, il commence \u00e0 se mod\u00e9rer progressivement.\u00a0Comme la fin d&rsquo;une soir\u00e9e en compagnie conversationnelle du grand homme lui-m\u00eame.<\/p>","protected":false},"excerpt":{"rendered":"<p>Bo\u00eete de 5 cigares.<\/p>","protected":false},"featured_media":13912,"template":"","meta":{"_acf_changed":false},"product_cat":[24638,23555,14927,14945],"product_tag":[],"bundled_by":[],"bundle_stock_status":"instock","bundle_stock_quantity":null,"bundle_virtual":false,"bundle_layout":"","bundle_add_to_cart_form_location":"","bundle_editable_in_cart":false,"bundle_sold_individually_context":"","bundle_item_grouping":"","bundle_min_size":"","bundle_max_size":"","bundled_items":[],"acf":[],"_links":{"self":[{"href":"https:\/\/beta.alpscigar.com\/en\/wp-json\/wp\/v2\/product\/13943"}],"collection":[{"href":"https:\/\/beta.alpscigar.com\/en\/wp-json\/wp\/v2\/product"}],"about":[{"href":"https:\/\/beta.alpscigar.com\/en\/wp-json\/wp\/v2\/types\/product"}],"wp:featuredmedia":[{"embeddable":true,"href":"https:\/\/beta.alpscigar.com\/en\/wp-json\/wp\/v2\/media\/13912"}],"wp:attachment":[{"href":"https:\/\/beta.alpscigar.com\/en\/wp-json\/wp\/v2\/media?parent=13943"}],"wp:term":[{"taxonomy":"product_cat","embeddable":true,"href":"https:\/\/beta.alpscigar.com\/en\/wp-json\/wp\/v2\/product_cat?post=13943"},{"taxonomy":"product_tag","embeddable":true,"href":"https:\/\/beta.alpscigar.com\/en\/wp-json\/wp\/v2\/product_tag?post=13943"}],"curies":[{"name":"wp","href":"https:\/\/api.w.org\/{rel}","templated":true}]}}