{"id":14030,"date":"2018-03-29T10:32:47","date_gmt":"2018-03-29T09:32:47","guid":{"rendered":"https:\/\/mkulcarx.preview.infomaniak.website\/produit\/nicaragua-toro-4-cigares\/"},"modified":"2023-09-06T00:34:18","modified_gmt":"2023-09-05T23:34:18","slug":"davidoff-nicaragua-toro-4-cigares","status":"publish","type":"product","link":"https:\/\/beta.alpscigar.com\/en\/shop\/dominican-cigars\/davidoff\/davidoff-nicaragua-toro-4-cigares\/","title":{"rendered":"Davidoff Nicaragua Toro Etui (4)"},"content":{"rendered":"<p>Inspir\u00e9s par l\u2019esprit pionnier passionn\u00e9 de notre fondateur, Zino Davidoff, et du ma\u00eetre m\u00e9langeur Henke Kelner, nos experts sont toujours \u00e0 la recherche de nouvelles opportunit\u00e9s passionnantes. Lors de ce r\u00e9cent voyage de d\u00e9couverte, nos experts ont eu le d\u00e9fi de trouver un m\u00e9lange intense, nouveau et original qui stimule \u00e0 la fois les papilles pour l\u2019amer et le sucr\u00e9. Un m\u00e9lange intense de saveurs douces-am\u00e8res qui s\u2019appuie sur les saveurs des cigares Davidoff Nicaragua existants. Le format Box Pressed est nouveau, ce qui donne au cigare une intensit\u00e9 et une saveur suppl\u00e9mentaires. Une exp\u00e9rience gustative Davidoff Nicaragua Toro plus extr\u00eame, mais aussi pluvieuse et \u00e9quilibr\u00e9e que l\u2019original. L\u2019\u00e9l\u00e9gant Davidoff Nicaragua Toro est \u00e9pic\u00e9 et poivr\u00e9 au d\u00e9but. Ensuite, l\u2019exp\u00e9rience de fumer est \u00e9quilibr\u00e9e.<\/p>","protected":false},"excerpt":{"rendered":"<p>Case of 4 cigars.<\/p>","protected":false},"featured_media":14033,"template":"","meta":{"_acf_changed":false},"product_cat":[24791,24638,23555,14927,14939],"product_tag":[],"bundled_by":[],"bundle_stock_status":"instock","bundle_stock_quantity":null,"bundle_virtual":false,"bundle_layout":"","bundle_add_to_cart_form_location":"","bundle_editable_in_cart":false,"bundle_sold_individually_context":"","bundle_item_grouping":"","bundle_min_size":"","bundle_max_size":"","bundled_items":[],"acf":[],"_links":{"self":[{"href":"https:\/\/beta.alpscigar.com\/en\/wp-json\/wp\/v2\/product\/14030"}],"collection":[{"href":"https:\/\/beta.alpscigar.com\/en\/wp-json\/wp\/v2\/product"}],"about":[{"href":"https:\/\/beta.alpscigar.com\/en\/wp-json\/wp\/v2\/types\/product"}],"wp:featuredmedia":[{"embeddable":true,"href":"https:\/\/beta.alpscigar.com\/en\/wp-json\/wp\/v2\/media\/14033"}],"wp:attachment":[{"href":"https:\/\/beta.alpscigar.com\/en\/wp-json\/wp\/v2\/media?parent=14030"}],"wp:term":[{"taxonomy":"product_cat","embeddable":true,"href":"https:\/\/beta.alpscigar.com\/en\/wp-json\/wp\/v2\/product_cat?post=14030"},{"taxonomy":"product_tag","embeddable":true,"href":"https:\/\/beta.alpscigar.com\/en\/wp-json\/wp\/v2\/product_tag?post=14030"}],"curies":[{"name":"wp","href":"https:\/\/api.w.org\/{rel}","templated":true}]}}