{"id":14152,"date":"2018-03-29T10:32:32","date_gmt":"2018-03-29T09:32:32","guid":{"rendered":"https:\/\/mkulcarx.preview.infomaniak.website\/produit\/grand-cru-no-2-cello-5-cigares\/"},"modified":"2023-12-07T23:09:15","modified_gmt":"2023-12-07T22:09:15","slug":"grand-cru-no-2-cello-5-cigares","status":"publish","type":"product","link":"https:\/\/beta.alpscigar.com\/en\/shop\/dominican-cigars\/davidoff\/grand-cru-no-2-cello-5-cigares\/","title":{"rendered":"Davidoff Grand Cru No. 2 cello (5)"},"content":{"rendered":"<p>Sa longueur fait 142.8 mm. Son diam\u00e8tre mesure 17 mm. Il poss\u00e8de un calibre 43. Son module est appel\u00e9 corona larga (un long corona). La dur\u00e9e de d\u00e9gustation est estim\u00e9e \u00e0 une trentaine de minutes.<\/p>\n<p>La tripe du <strong>Davidoff Grand Cru No. 2<\/strong> est compos\u00e9e en grande partie de feuilles ligero pr\u00e9lev\u00e9es au sommet des pieds de tabac. Elles proviennent des champs de la R\u00e9publique dominicaine, tout comme les autres feuilles qui forment la tripe et celles qui servent \u00e0 la r\u00e9alisation de la sous-cape. En revanche, la feuille de cape colorado claro est un connecticut shade issu de plantations en \u00c9quateur.<\/p>\n<p>Son allumage est simple et sa combustibilit\u00e9 est parfaite. La vitole exhale une saveur forte. C\u2019est un cigare cors\u00e9 avec un parfait \u00e9quilibre des ar\u00f4mes. Le panel aromatique fait la part belle au go\u00fbt de noisette ainsi qu\u2019\u00e0 une note bois\u00e9e. L\u2019odeur de l\u2019herbe est \u00e9galement omnipr\u00e9sente m\u00eame si elle est moins intense que les deux pr\u00e9c\u00e9dents ar\u00f4mes. Enfin, il faut savoir que le cigare <strong>Davidoff Grand Cru No. 2<\/strong> est un cigare doux-moyen, ce qui convient aussi bien aux fumeurs d\u00e9butants qu\u2019aux fumeurs chevronn\u00e9s.<\/p>","protected":false},"excerpt":{"rendered":"<p>Case of 5 cigars.<\/p>","protected":false},"featured_media":14153,"template":"","meta":{"_acf_changed":false},"product_cat":[24638,23555,14927,14935],"product_tag":[],"bundled_by":[],"bundle_stock_status":"instock","bundle_stock_quantity":null,"bundle_virtual":false,"bundle_layout":"","bundle_add_to_cart_form_location":"","bundle_editable_in_cart":false,"bundle_sold_individually_context":"","bundle_item_grouping":"","bundle_min_size":"","bundle_max_size":"","bundled_items":[],"acf":[],"_links":{"self":[{"href":"https:\/\/beta.alpscigar.com\/en\/wp-json\/wp\/v2\/product\/14152"}],"collection":[{"href":"https:\/\/beta.alpscigar.com\/en\/wp-json\/wp\/v2\/product"}],"about":[{"href":"https:\/\/beta.alpscigar.com\/en\/wp-json\/wp\/v2\/types\/product"}],"wp:featuredmedia":[{"embeddable":true,"href":"https:\/\/beta.alpscigar.com\/en\/wp-json\/wp\/v2\/media\/14153"}],"wp:attachment":[{"href":"https:\/\/beta.alpscigar.com\/en\/wp-json\/wp\/v2\/media?parent=14152"}],"wp:term":[{"taxonomy":"product_cat","embeddable":true,"href":"https:\/\/beta.alpscigar.com\/en\/wp-json\/wp\/v2\/product_cat?post=14152"},{"taxonomy":"product_tag","embeddable":true,"href":"https:\/\/beta.alpscigar.com\/en\/wp-json\/wp\/v2\/product_tag?post=14152"}],"curies":[{"name":"wp","href":"https:\/\/api.w.org\/{rel}","templated":true}]}}