{"id":14172,"date":"2018-03-29T10:32:32","date_gmt":"2018-03-29T09:32:32","guid":{"rendered":"https:\/\/mkulcarx.preview.infomaniak.website\/produit\/grand-cru-no-3-cello-25-cigares\/"},"modified":"2023-12-07T23:06:16","modified_gmt":"2023-12-07T22:06:16","slug":"davidoff-grand-cru-no-3-cello-25-cigares","status":"publish","type":"product","link":"https:\/\/beta.alpscigar.com\/en\/shop\/dominican-cigars\/davidoff\/davidoff-grand-cru-no-3-cello-25-cigares\/","title":{"rendered":"Davidoff Grand Cru No. 3 cello\u00a0(25)"},"content":{"rendered":"<p>Davidoff Grand Cru No. 3 cello\u00a025 cigares.\u00a0La s\u00e9rie Davidoff Grand Cru offre un raffinement raffin\u00e9 \u00e0 l\u2019amateur de cigares gr\u00e2ce \u00e0 sa profondeur et \u00e0 son caract\u00e8re incomparable.\u00a0Chaque cigare est fabriqu\u00e9 avec des composants minutieusement s\u00e9lectionn\u00e9s pour offrir une stimulation de palais \u00e9tag\u00e9e et enchanteresse.\u00a0Des feuilles soigneusement s\u00e9lectionn\u00e9es cr\u00e9ent un m\u00e9lange bois\u00e9, noisette et l\u00e9g\u00e8rement \u00e9pic\u00e9 qui d\u00e9gage un ar\u00f4me bois\u00e9 raffin\u00e9 qui personnifie le temps joliment rempli.<\/p>\n<p>La densit\u00e9 de feuille plus \u00e9lev\u00e9e et le pourcentage de tabac Piloto du <strong>Davidoff Grand Cru No. 3<\/strong> mettent l&rsquo;accent sur les composants \u00e9pic\u00e9s pour un plaisir sophistiqu\u00e9 l\u00e9g\u00e8rement plus audacieux.\u00a0Ce m\u00e9lange d\u00e9licat de tabacs de qualit\u00e9 sup\u00e9rieure cr\u00e9e une corona douce et complexe qui r\u00e9siste \u00e0 toutes les autres grandes fum\u00e9es.<\/p>","protected":false},"excerpt":{"rendered":"<p>Box of 25 cigars.<\/p>","protected":false},"featured_media":14173,"template":"","meta":{"_acf_changed":false},"product_cat":[24638,21990,24719,23555,14927,14935],"product_tag":[],"bundled_by":[],"bundle_stock_status":"instock","bundle_stock_quantity":null,"bundle_virtual":false,"bundle_layout":"","bundle_add_to_cart_form_location":"","bundle_editable_in_cart":false,"bundle_sold_individually_context":"","bundle_item_grouping":"","bundle_min_size":"","bundle_max_size":"","bundled_items":[],"acf":[],"_links":{"self":[{"href":"https:\/\/beta.alpscigar.com\/en\/wp-json\/wp\/v2\/product\/14172"}],"collection":[{"href":"https:\/\/beta.alpscigar.com\/en\/wp-json\/wp\/v2\/product"}],"about":[{"href":"https:\/\/beta.alpscigar.com\/en\/wp-json\/wp\/v2\/types\/product"}],"wp:featuredmedia":[{"embeddable":true,"href":"https:\/\/beta.alpscigar.com\/en\/wp-json\/wp\/v2\/media\/14173"}],"wp:attachment":[{"href":"https:\/\/beta.alpscigar.com\/en\/wp-json\/wp\/v2\/media?parent=14172"}],"wp:term":[{"taxonomy":"product_cat","embeddable":true,"href":"https:\/\/beta.alpscigar.com\/en\/wp-json\/wp\/v2\/product_cat?post=14172"},{"taxonomy":"product_tag","embeddable":true,"href":"https:\/\/beta.alpscigar.com\/en\/wp-json\/wp\/v2\/product_tag?post=14172"}],"curies":[{"name":"wp","href":"https:\/\/api.w.org\/{rel}","templated":true}]}}