{"id":14180,"date":"2018-03-29T10:32:32","date_gmt":"2018-03-29T09:32:32","guid":{"rendered":"https:\/\/mkulcarx.preview.infomaniak.website\/produit\/grand-cru-no-5-cello-25-cigares\/"},"modified":"2023-12-07T23:04:13","modified_gmt":"2023-12-07T22:04:13","slug":"davidoff-grand-cru-no-5-cello-25-cigares","status":"publish","type":"product","link":"https:\/\/beta.alpscigar.com\/en\/shop\/dominican-cigars\/davidoff\/davidoff-grand-cru-no-5-cello-25-cigares\/","title":{"rendered":"Davidoff Grand Cru No. 5 cello\u00a0(25)"},"content":{"rendered":"<p>Ce dernier est obtenu en associant une longueur de 101.6 mm et un diam\u00e8tre 16.25 mm. Le cigare est l\u00e9ger, plus pr\u00e9cis\u00e9ment, il est doux moyen. Sa soyeuse cape est \u00e9labor\u00e9e avec des feuilles de tabac Connecticut Shade d\u2019origine \u00e9quatorienne. Les autres parties de la vitole sont concoct\u00e9es avec du tabac dominicain. Le tirage est correct, la combustibilit\u00e9 est acceptable et les cendres sont fermes. Le cigare ne surchauffe pas.<\/p>\n<p>La d\u00e9gustation d\u2019un cigare Davidoff Grand Cru No. 5 devrait \u00eatre r\u00e9serv\u00e9e aux moments de d\u00e9tente, telle une fin de semaine harassante ou une pause caf\u00e9 au milieu d\u2019un planning charg\u00e9 ou encore au moment de prendre l\u2019ap\u00e9ro en fin de journ\u00e9e. On se d\u00e9tache du Monde ext\u00e9rieur le temps que le cigare se consume enti\u00e8rement, soit 20 minutes d\u2019un gourmand voyage pluri-sensoriel. Car la saveur de la vitole est riche et harmonieuse !<\/p>\n<p>Le Davidoff Grand Cru No. 5 est un cigare rond, fortement parfum\u00e9. Ses ar\u00f4mes sont transport\u00e9s par une fum\u00e9e cr\u00e9meuse qui laisse une l\u00e9g\u00e8re sensation piquante sur le palais. Une touche fruit\u00e9e et l\u2019odeur du c\u00e8dre imposent une pr\u00e9sence tumultueuse tout au long de la d\u00e9gustation. Elles s\u2019enrichissent d\u2019un go\u00fbt de chocolat au niveau du deuxi\u00e8me tiers. Pelouse, herbe, f\u00e8ve et cacao composent \u00e9galement ce spectre aromatique.<\/p>","protected":false},"excerpt":{"rendered":"<p>Box of 25 cigars.<\/p>","protected":false},"featured_media":14181,"template":"","meta":{"_acf_changed":false},"product_cat":[24638,21990,24719,23555,14927,14935],"product_tag":[],"bundled_by":[],"bundle_stock_status":"instock","bundle_stock_quantity":null,"bundle_virtual":false,"bundle_layout":"","bundle_add_to_cart_form_location":"","bundle_editable_in_cart":false,"bundle_sold_individually_context":"","bundle_item_grouping":"","bundle_min_size":"","bundle_max_size":"","bundled_items":[],"acf":[],"_links":{"self":[{"href":"https:\/\/beta.alpscigar.com\/en\/wp-json\/wp\/v2\/product\/14180"}],"collection":[{"href":"https:\/\/beta.alpscigar.com\/en\/wp-json\/wp\/v2\/product"}],"about":[{"href":"https:\/\/beta.alpscigar.com\/en\/wp-json\/wp\/v2\/types\/product"}],"wp:featuredmedia":[{"embeddable":true,"href":"https:\/\/beta.alpscigar.com\/en\/wp-json\/wp\/v2\/media\/14181"}],"wp:attachment":[{"href":"https:\/\/beta.alpscigar.com\/en\/wp-json\/wp\/v2\/media?parent=14180"}],"wp:term":[{"taxonomy":"product_cat","embeddable":true,"href":"https:\/\/beta.alpscigar.com\/en\/wp-json\/wp\/v2\/product_cat?post=14180"},{"taxonomy":"product_tag","embeddable":true,"href":"https:\/\/beta.alpscigar.com\/en\/wp-json\/wp\/v2\/product_tag?post=14180"}],"curies":[{"name":"wp","href":"https:\/\/api.w.org\/{rel}","templated":true}]}}