{"id":14418,"date":"2018-12-20T13:11:37","date_gmt":"2018-12-20T12:11:37","guid":{"rendered":"https:\/\/cigarpassion.ch\/?post_type=product&#038;p=10457"},"modified":"2023-11-04T00:13:25","modified_gmt":"2023-11-03T23:13:25","slug":"cubatabaco-1492-humidor-1992","status":"publish","type":"product","link":"https:\/\/beta.alpscigar.com\/en\/shop\/humidors\/limited-edition\/cubatabaco-1492-humidor-1992\/","title":{"rendered":"Cubatabaco 1492 Humidor &#8211; 1992"},"content":{"rendered":"<p><strong>Cigares :<\/strong> Fait main.\u00a0Fabriqu\u00e9 dans l&rsquo;usine H. Upmann.<br \/>\n<strong>Bandes :<\/strong> Groupe sp\u00e9cial num\u00e9rot\u00e9 \u00ab\u00a01492\u00a0\u00bb.<br \/>\n<strong>Emballage :<\/strong> Humidor num\u00e9rot\u00e9 de 50 cigares (501 fabriqu\u00e9s).<br \/>\n<strong>Statut :<\/strong> Une version de 1992.<br \/>\n<strong>L&rsquo;histoire :<\/strong> Publi\u00e9 par Cubatabaco pour comm\u00e9morer le 500e anniversaire de la \u00ab\u00a0d\u00e9couverte\u00a0\u00bb du tabac par Christophe Colomb.<\/p>\n<p>Contient 50 cigares Coronas Gordas.<\/p>\n<p><span style=\"color: #b20000;\"><strong>Collection priv\u00e9e<\/strong><\/span><\/p>","protected":false},"excerpt":{"rendered":"<p><strong>Cubatabaco 1492 Humidor<\/strong> \u2013 1992.<br \/>\nBo\u00eete de 50 cigares.<br \/>\n<span style=\"color: #b20000;\"><strong>Collection priv\u00e9e<\/strong><\/span><\/p>","protected":false},"featured_media":14419,"template":"","meta":{"_acf_changed":false},"product_cat":[24791,40,16707,1925,16841,17467,25079],"product_tag":[9104,9105,9106,20164,9103],"bundled_by":[],"bundle_stock_status":"outofstock","bundle_stock_quantity":0,"bundle_virtual":false,"bundle_layout":"","bundle_add_to_cart_form_location":"","bundle_editable_in_cart":false,"bundle_sold_individually_context":"","bundle_item_grouping":"","bundle_min_size":"","bundle_max_size":"","bundled_items":[],"acf":[],"_links":{"self":[{"href":"https:\/\/beta.alpscigar.com\/en\/wp-json\/wp\/v2\/product\/14418"}],"collection":[{"href":"https:\/\/beta.alpscigar.com\/en\/wp-json\/wp\/v2\/product"}],"about":[{"href":"https:\/\/beta.alpscigar.com\/en\/wp-json\/wp\/v2\/types\/product"}],"wp:featuredmedia":[{"embeddable":true,"href":"https:\/\/beta.alpscigar.com\/en\/wp-json\/wp\/v2\/media\/14419"}],"wp:attachment":[{"href":"https:\/\/beta.alpscigar.com\/en\/wp-json\/wp\/v2\/media?parent=14418"}],"wp:term":[{"taxonomy":"product_cat","embeddable":true,"href":"https:\/\/beta.alpscigar.com\/en\/wp-json\/wp\/v2\/product_cat?post=14418"},{"taxonomy":"product_tag","embeddable":true,"href":"https:\/\/beta.alpscigar.com\/en\/wp-json\/wp\/v2\/product_tag?post=14418"}],"curies":[{"name":"wp","href":"https:\/\/api.w.org\/{rel}","templated":true}]}}