{"id":14454,"date":"2018-03-29T10:27:59","date_gmt":"2018-03-29T09:27:59","guid":{"rendered":"https:\/\/mkulcarx.preview.infomaniak.website\/produit\/partagas-lusitanias-slb-50-2\/"},"modified":"2023-09-25T11:49:53","modified_gmt":"2023-09-25T10:49:53","slug":"partagas-lusitanias-slb-50-2","status":"publish","type":"product","link":"https:\/\/beta.alpscigar.com\/en\/shop\/cigares-cubains\/partagas\/partagas-lusitanias-slb-50-2\/","title":{"rendered":"Partagas Lusitanias SLB (50)"},"content":{"rendered":"<p><strong>Le cigare Partagas Lusitanias SLB<\/strong> (50) est l&rsquo;un des cigares roul\u00e9s \u00e0 la main les plus c\u00e9l\u00e8bres produits \u00e0 Cuba et consid\u00e9r\u00e9 comme le plus puissant Double Corona. C&rsquo;est un cigare pour les connaisseurs, car un palais chevronn\u00e9 devra assimiler les riches saveurs du cuir et du bois et la puissance d\u00e9gag\u00e9e par cette fum\u00e9e. Bien que la phase initiale puisse sembler contr\u00f4lable, voire savoureuse, l\u2019\u00e9quilibre passe \u00e0 un tabac de plus en plus puissant.<\/p>\n<p><strong>Bien s\u00fbr, pour un grand cigare puissant de ce type lui donnant le temps de se d\u00e9velopper est essentiel.<\/strong> Peut avoir plus de 20 ans s&rsquo;il est stock\u00e9 correctement.<\/p>\n<p>Bo\u00eete de 50 cigares<\/p>","protected":false},"excerpt":{"rendered":"<p>Bo\u00eete de 50 cigares.<\/p>","protected":false},"featured_media":7035,"template":"","meta":{"_acf_changed":false},"product_cat":[24791,40,14862,1925,20675],"product_tag":[],"bundled_by":[],"bundle_stock_status":"outofstock","bundle_stock_quantity":0,"bundle_virtual":false,"bundle_layout":"","bundle_add_to_cart_form_location":"","bundle_editable_in_cart":false,"bundle_sold_individually_context":"","bundle_item_grouping":"","bundle_min_size":"","bundle_max_size":"","bundled_items":[],"acf":[],"_links":{"self":[{"href":"https:\/\/beta.alpscigar.com\/en\/wp-json\/wp\/v2\/product\/14454"}],"collection":[{"href":"https:\/\/beta.alpscigar.com\/en\/wp-json\/wp\/v2\/product"}],"about":[{"href":"https:\/\/beta.alpscigar.com\/en\/wp-json\/wp\/v2\/types\/product"}],"wp:featuredmedia":[{"embeddable":true,"href":"https:\/\/beta.alpscigar.com\/en\/wp-json\/wp\/v2\/media\/7035"}],"wp:attachment":[{"href":"https:\/\/beta.alpscigar.com\/en\/wp-json\/wp\/v2\/media?parent=14454"}],"wp:term":[{"taxonomy":"product_cat","embeddable":true,"href":"https:\/\/beta.alpscigar.com\/en\/wp-json\/wp\/v2\/product_cat?post=14454"},{"taxonomy":"product_tag","embeddable":true,"href":"https:\/\/beta.alpscigar.com\/en\/wp-json\/wp\/v2\/product_tag?post=14454"}],"curies":[{"name":"wp","href":"https:\/\/api.w.org\/{rel}","templated":true}]}}