{"id":14456,"date":"2018-03-29T10:27:29","date_gmt":"2018-03-29T09:27:29","guid":{"rendered":"https:\/\/mkulcarx.preview.infomaniak.website\/produit\/hoyo-de-m-double-coronas-25-2\/"},"modified":"2023-09-25T15:58:06","modified_gmt":"2023-09-25T14:58:06","slug":"hoyo-de-monterrey-double-coronas-25","status":"publish","type":"product","link":"https:\/\/beta.alpscigar.com\/en\/shop\/cigares-cubains\/hoyo-de-monterrey\/hoyo-de-monterrey-double-coronas-25\/","title":{"rendered":"Hoyo De Monterrey Double Coronas (25)"},"content":{"rendered":"<p><strong>Le Hoyo de Monterrey Double Coronas<\/strong> se pr\u00e9sente comme une pi\u00e8ce de choix, \u00e9l\u00e9gante et go\u00fbteuse. A l\u0092&rsquo;allumage, la puissance est d\u00e9j\u00e0 bien dos\u00e9e et la combustion est bonne. Les premi\u00e8res bouff\u00e9es d\u00e9livrent des ar\u00f4mes bois\u00e9s et sucr\u00e9s. Au fil des bouff\u00e9es, des notes de chocolat et de cannelle apparaissent, <strong>elles sont bien nettes sans \u00eatre trop pr\u00e9sentes. Le final est somptueux, riche et opulent.<\/strong><\/p>\n<p>Une pi\u00e8ce savoureuse offrant une belle richesse aromatique.<\/p>\n<p>Box of 25 cigars.<\/p>","protected":false},"excerpt":{"rendered":"<p>Hoyo De Monterrey Double Coronas.\u00a0Bo\u00eete de 25 cigares.<\/p>","protected":false},"featured_media":11375,"template":"","meta":{"_acf_changed":false},"product_cat":[24791,40,14870,1925],"product_tag":[9448,9450,1903,9449],"bundled_by":[],"bundle_stock_status":"outofstock","bundle_stock_quantity":0,"bundle_virtual":false,"bundle_layout":"","bundle_add_to_cart_form_location":"","bundle_editable_in_cart":false,"bundle_sold_individually_context":"","bundle_item_grouping":"","bundle_min_size":"","bundle_max_size":"","bundled_items":[],"acf":[],"_links":{"self":[{"href":"https:\/\/beta.alpscigar.com\/en\/wp-json\/wp\/v2\/product\/14456"}],"collection":[{"href":"https:\/\/beta.alpscigar.com\/en\/wp-json\/wp\/v2\/product"}],"about":[{"href":"https:\/\/beta.alpscigar.com\/en\/wp-json\/wp\/v2\/types\/product"}],"wp:featuredmedia":[{"embeddable":true,"href":"https:\/\/beta.alpscigar.com\/en\/wp-json\/wp\/v2\/media\/11375"}],"wp:attachment":[{"href":"https:\/\/beta.alpscigar.com\/en\/wp-json\/wp\/v2\/media?parent=14456"}],"wp:term":[{"taxonomy":"product_cat","embeddable":true,"href":"https:\/\/beta.alpscigar.com\/en\/wp-json\/wp\/v2\/product_cat?post=14456"},{"taxonomy":"product_tag","embeddable":true,"href":"https:\/\/beta.alpscigar.com\/en\/wp-json\/wp\/v2\/product_tag?post=14456"}],"curies":[{"name":"wp","href":"https:\/\/api.w.org\/{rel}","templated":true}]}}