{"id":14460,"date":"2018-03-29T10:27:21","date_gmt":"2018-03-29T09:27:21","guid":{"rendered":"https:\/\/mkulcarx.preview.infomaniak.website\/produit\/cohiba-lanceros-bn-25-2\/"},"modified":"2025-02-04T10:56:47","modified_gmt":"2025-02-04T09:56:47","slug":"cohiba-lanceros-bn-25","status":"publish","type":"product","link":"https:\/\/beta.alpscigar.com\/en\/shop\/cigares-cubains\/cohiba\/cohiba-lanceros-bn-25\/","title":{"rendered":"Cohiba Lanceros BN (25)"},"content":{"rendered":"<p><strong>Le Cohiba Lanceros est Le cigare cubain par excellence.<\/strong> Historiquement, ce fut le cigare que le gouvernement cubain offrait \u00e0 ses invit\u00e9s, politiciens en gage de respect. C\u2019est aussi le 1er module cr\u00e9\u00e9 par la grande maison Cohiba. Dot\u00e9 d\u2019une longue et fine silhouette, il est envelopp\u00e9 d\u2019une belle cape douce et soyeuse.<\/p>\n<p>A cru, il offre des senteurs de c\u00e8dre et de sous-bois. Les premi\u00e8res bouff\u00e9es sont plut\u00f4t v\u00e9g\u00e9tales, mais douces et dot\u00e9es de l\u00e9g\u00e8res touches miell\u00e9es. Il faut un peu de temps pour gagner le 2e tiers, qui se montre quant \u00e0 lui un peu plus animal, envahissant le palais de notes de cuir et de poivre noir. Le dernier tiers se montrera plus puissant, sans \u00eatre trop agressif. <strong>Il faut compter environ 2h pour d\u00e9guster ce cigare mythique.<\/strong><\/p>","protected":false},"excerpt":{"rendered":"<p>Box of 25 cigars.<\/p>","protected":false},"featured_media":17625,"template":"","meta":{"_acf_changed":false},"product_cat":[24791,40,830,1925],"product_tag":[],"bundled_by":[],"bundle_stock_status":"outofstock","bundle_stock_quantity":-1,"bundle_virtual":false,"bundle_layout":"","bundle_add_to_cart_form_location":"","bundle_editable_in_cart":false,"bundle_sold_individually_context":"","bundle_item_grouping":"","bundle_min_size":"","bundle_max_size":"","bundled_items":[],"acf":[],"_links":{"self":[{"href":"https:\/\/beta.alpscigar.com\/en\/wp-json\/wp\/v2\/product\/14460"}],"collection":[{"href":"https:\/\/beta.alpscigar.com\/en\/wp-json\/wp\/v2\/product"}],"about":[{"href":"https:\/\/beta.alpscigar.com\/en\/wp-json\/wp\/v2\/types\/product"}],"wp:featuredmedia":[{"embeddable":true,"href":"https:\/\/beta.alpscigar.com\/en\/wp-json\/wp\/v2\/media\/17625"}],"wp:attachment":[{"href":"https:\/\/beta.alpscigar.com\/en\/wp-json\/wp\/v2\/media?parent=14460"}],"wp:term":[{"taxonomy":"product_cat","embeddable":true,"href":"https:\/\/beta.alpscigar.com\/en\/wp-json\/wp\/v2\/product_cat?post=14460"},{"taxonomy":"product_tag","embeddable":true,"href":"https:\/\/beta.alpscigar.com\/en\/wp-json\/wp\/v2\/product_tag?post=14460"}],"curies":[{"name":"wp","href":"https:\/\/api.w.org\/{rel}","templated":true}]}}