{"id":14468,"date":"2018-03-29T10:27:21","date_gmt":"2018-03-29T09:27:21","guid":{"rendered":"https:\/\/mkulcarx.preview.infomaniak.website\/produit\/cohiba-piramides-extra-a-t-3\/"},"modified":"2023-11-18T12:13:06","modified_gmt":"2023-11-18T11:13:06","slug":"cohiba-piramides-extra-tubos-3","status":"publish","type":"product","link":"https:\/\/beta.alpscigar.com\/en\/shop\/cigares-cubains\/cohiba\/cohiba-piramides-extra-tubos-3\/","title":{"rendered":"Cohiba Piramides Extra Tubos (3)"},"content":{"rendered":"<p>Le Cohiba Piramides Extra Tubos est un cigare de luxe avec de fines notes de c\u00e8dre et des notes de caf\u00e9, de noix et de pain grill\u00e9, subtile douceur cr\u00e9meuse. Un cigare puissant et magnifiquement fabriqu\u00e9 pour une occasion sp\u00e9ciale.<\/p>","protected":false},"excerpt":{"rendered":"<p>1 bo\u00eete de 3 cigares en tube.<\/p>","protected":false},"featured_media":17409,"template":"","meta":{"_acf_changed":false},"product_cat":[24791,40,830,1925],"product_tag":[],"bundled_by":[],"bundle_stock_status":"outofstock","bundle_stock_quantity":0,"bundle_virtual":false,"bundle_layout":"","bundle_add_to_cart_form_location":"","bundle_editable_in_cart":false,"bundle_sold_individually_context":"","bundle_item_grouping":"","bundle_min_size":"","bundle_max_size":"","bundled_items":[],"acf":[],"_links":{"self":[{"href":"https:\/\/beta.alpscigar.com\/en\/wp-json\/wp\/v2\/product\/14468"}],"collection":[{"href":"https:\/\/beta.alpscigar.com\/en\/wp-json\/wp\/v2\/product"}],"about":[{"href":"https:\/\/beta.alpscigar.com\/en\/wp-json\/wp\/v2\/types\/product"}],"wp:featuredmedia":[{"embeddable":true,"href":"https:\/\/beta.alpscigar.com\/en\/wp-json\/wp\/v2\/media\/17409"}],"wp:attachment":[{"href":"https:\/\/beta.alpscigar.com\/en\/wp-json\/wp\/v2\/media?parent=14468"}],"wp:term":[{"taxonomy":"product_cat","embeddable":true,"href":"https:\/\/beta.alpscigar.com\/en\/wp-json\/wp\/v2\/product_cat?post=14468"},{"taxonomy":"product_tag","embeddable":true,"href":"https:\/\/beta.alpscigar.com\/en\/wp-json\/wp\/v2\/product_tag?post=14468"}],"curies":[{"name":"wp","href":"https:\/\/api.w.org\/{rel}","templated":true}]}}