{"id":14606,"date":"2019-03-01T11:29:16","date_gmt":"2019-03-01T10:29:16","guid":{"rendered":"https:\/\/cigarpassion.ch\/?post_type=product&#038;p=12494"},"modified":"2023-10-24T09:59:15","modified_gmt":"2023-10-24T08:59:15","slug":"flor-de-alba-sycomore-jaune-200-cigares","status":"publish","type":"product","link":"https:\/\/beta.alpscigar.com\/en\/shop\/humidors\/flor-de-alba-sycomore-jaune-200-cigares\/","title":{"rendered":"Elie Bleu Flor De Alba &#8211; Sycomore Jaune &#8211; 200 cigares"},"content":{"rendered":"<p>Humidor Elie Bleu &#8211; Flor De Alba &#8211; Sycomore Jaune &#8211; 200 Cigares.<\/p>\n<p><strong>Cuba vintage<\/strong><br \/>\nUn hommage aux \u00e9tiquettes traditionnelles des bo\u00eetes de cigares cubains. Un d\u00e9cor haut en couleur cr\u00e9\u00e9 en sycomore teint\u00e9 ou bois naturels.<\/p>\n<ul>\n<li>Coffret pour 200 cigares en sycomore ond\u00e9 teint\u00e9.<\/li>\n<li>2 Humidificateurs.<\/li>\n<li>1 Hygrom\u00e8tre \u00e0 aiguille.<\/li>\n<li>1 plateau 2 niveaux de stockage<\/li>\n<\/ul>\n<p>40.0 x 30.0 x 14.2 cm<\/p>","protected":false},"excerpt":{"rendered":"<p>Humidor Sycomore Jaune &#8211; 200 Cigares.<\/p>","protected":false},"featured_media":12495,"template":"","meta":{"_acf_changed":false},"product_cat":[16841],"product_tag":[18377],"bundled_by":[],"bundle_stock_status":"outofstock","bundle_stock_quantity":null,"bundle_virtual":false,"bundle_layout":"","bundle_add_to_cart_form_location":"","bundle_editable_in_cart":false,"bundle_sold_individually_context":"","bundle_item_grouping":"","bundle_min_size":"","bundle_max_size":"","bundled_items":[],"acf":[],"_links":{"self":[{"href":"https:\/\/beta.alpscigar.com\/en\/wp-json\/wp\/v2\/product\/14606"}],"collection":[{"href":"https:\/\/beta.alpscigar.com\/en\/wp-json\/wp\/v2\/product"}],"about":[{"href":"https:\/\/beta.alpscigar.com\/en\/wp-json\/wp\/v2\/types\/product"}],"wp:featuredmedia":[{"embeddable":true,"href":"https:\/\/beta.alpscigar.com\/en\/wp-json\/wp\/v2\/media\/12495"}],"wp:attachment":[{"href":"https:\/\/beta.alpscigar.com\/en\/wp-json\/wp\/v2\/media?parent=14606"}],"wp:term":[{"taxonomy":"product_cat","embeddable":true,"href":"https:\/\/beta.alpscigar.com\/en\/wp-json\/wp\/v2\/product_cat?post=14606"},{"taxonomy":"product_tag","embeddable":true,"href":"https:\/\/beta.alpscigar.com\/en\/wp-json\/wp\/v2\/product_tag?post=14606"}],"curies":[{"name":"wp","href":"https:\/\/api.w.org\/{rel}","templated":true}]}}