{"id":14636,"date":"2019-02-28T16:26:52","date_gmt":"2019-02-28T15:26:52","guid":{"rendered":"https:\/\/cigarpassion.ch\/?post_type=product&#038;p=12460"},"modified":"2023-10-24T09:57:07","modified_gmt":"2023-10-24T08:57:07","slug":"flor-de-alba-sycomore-noir-75-cigares","status":"publish","type":"product","link":"https:\/\/beta.alpscigar.com\/en\/shop\/humidors\/flor-de-alba-sycomore-noir-75-cigares\/","title":{"rendered":"Elie Bleu Flor De Alba &#8211; Sycomore Noir &#8211; 75 cigares"},"content":{"rendered":"<p>Humidor Elie Bleu &#8211; Flor De Alba &#8211; Sycomore Noir &#8211; 75 Cigares.<\/p>\n<p><strong>Cuba vintage<\/strong><br \/>\nUn hommage aux \u00e9tiquettes traditionnelles des bo\u00eetes de cigares cubains. Un d\u00e9cor haut en couleur cr\u00e9\u00e9 en sycomore teint\u00e9 ou bois naturels.<\/p>\n<ul>\n<li>Coffret pour 75 cigares en sycomore ond\u00e9 teint\u00e9 noir.<\/li>\n<li>1 Humidificateur.<\/li>\n<li>1 Hygrom\u00e8tre \u00e0 aiguille.<\/li>\n<\/ul>\n<p>30 x 24.5 x 11.5 cm<\/p>","protected":false},"excerpt":{"rendered":"<p>Humidor Sycomore Noir &#8211; 75 Cigares.<\/p>","protected":false},"featured_media":12462,"template":"","meta":{"_acf_changed":false},"product_cat":[16841],"product_tag":[18462],"bundled_by":[],"bundle_stock_status":"outofstock","bundle_stock_quantity":null,"bundle_virtual":false,"bundle_layout":"","bundle_add_to_cart_form_location":"","bundle_editable_in_cart":false,"bundle_sold_individually_context":"","bundle_item_grouping":"","bundle_min_size":"","bundle_max_size":"","bundled_items":[],"acf":[],"_links":{"self":[{"href":"https:\/\/beta.alpscigar.com\/en\/wp-json\/wp\/v2\/product\/14636"}],"collection":[{"href":"https:\/\/beta.alpscigar.com\/en\/wp-json\/wp\/v2\/product"}],"about":[{"href":"https:\/\/beta.alpscigar.com\/en\/wp-json\/wp\/v2\/types\/product"}],"wp:featuredmedia":[{"embeddable":true,"href":"https:\/\/beta.alpscigar.com\/en\/wp-json\/wp\/v2\/media\/12462"}],"wp:attachment":[{"href":"https:\/\/beta.alpscigar.com\/en\/wp-json\/wp\/v2\/media?parent=14636"}],"wp:term":[{"taxonomy":"product_cat","embeddable":true,"href":"https:\/\/beta.alpscigar.com\/en\/wp-json\/wp\/v2\/product_cat?post=14636"},{"taxonomy":"product_tag","embeddable":true,"href":"https:\/\/beta.alpscigar.com\/en\/wp-json\/wp\/v2\/product_tag?post=14636"}],"curies":[{"name":"wp","href":"https:\/\/api.w.org\/{rel}","templated":true}]}}