{"id":14750,"date":"2019-02-28T09:38:34","date_gmt":"2019-02-28T08:38:34","guid":{"rendered":"https:\/\/cigarpassion.ch\/?post_type=product&#038;p=12393"},"modified":"2023-10-24T09:58:18","modified_gmt":"2023-10-24T08:58:18","slug":"singe-vert-serie-limitee-numerotee-110-cigares","status":"publish","type":"product","link":"https:\/\/beta.alpscigar.com\/en\/shop\/humidors\/limited-edition\/singe-vert-serie-limitee-numerotee-110-cigares\/","title":{"rendered":"Elie Bleu Singe Vert &#8211; 110 Cigares"},"content":{"rendered":"<p>Humidor Elie Bleu Singe Vert &#8211; 110 Cigares.<\/p>\n<p>Le singe est le neuvi\u00e8me signe du zodiaque chinois. Port\u00e9 par l&rsquo;\u00e9l\u00e9ment M\u00e9tal, il appartient \u00e0 la famille des signes dont la polarit\u00e9 est le Yang.<\/p>\n<p><strong>Edition limit\u00e9e et num\u00e9rot\u00e9e.<\/strong><\/p>\n<ul>\n<li>Sycomore ond\u00e9 teint\u00e9<\/li>\n<li>Signe en Marqueterie<\/li>\n<li>110 Cigares<\/li>\n<li>2 Humidificateurs<\/li>\n<li>1 Hygrom\u00e8tre \u00e0 aiguille<\/li>\n<li>Largeur: 48,5 cm | 19.1 inch<\/li>\n<li>Profondeur: 27,0 cm | 10.6 inch<\/li>\n<li>Hauteur: 10,5 cm | 4.1 inch<\/li>\n<\/ul>\n<p><strong>Num\u00e9rotation<\/strong><\/p>\n<ul>\n<li>Erable mouchet\u00e9: 1 \u00e0 8<\/li>\n<li>Sycomore vert: 1 \u00e0 18<\/li>\n<li>Sypo pommel\u00e9: 1 \u00e0 888<\/li>\n<\/ul>\n<p>&nbsp;<\/p>","protected":false},"excerpt":{"rendered":"<p>Singe Vert &#8211; 110 Cigares.<\/p>","protected":false},"featured_media":14753,"template":"","meta":{"_acf_changed":false},"product_cat":[16841,17467],"product_tag":[10217],"bundled_by":[],"bundle_stock_status":"outofstock","bundle_stock_quantity":null,"bundle_virtual":false,"bundle_layout":"","bundle_add_to_cart_form_location":"","bundle_editable_in_cart":false,"bundle_sold_individually_context":"","bundle_item_grouping":"","bundle_min_size":"","bundle_max_size":"","bundled_items":[],"acf":[],"_links":{"self":[{"href":"https:\/\/beta.alpscigar.com\/en\/wp-json\/wp\/v2\/product\/14750"}],"collection":[{"href":"https:\/\/beta.alpscigar.com\/en\/wp-json\/wp\/v2\/product"}],"about":[{"href":"https:\/\/beta.alpscigar.com\/en\/wp-json\/wp\/v2\/types\/product"}],"wp:featuredmedia":[{"embeddable":true,"href":"https:\/\/beta.alpscigar.com\/en\/wp-json\/wp\/v2\/media\/14753"}],"wp:attachment":[{"href":"https:\/\/beta.alpscigar.com\/en\/wp-json\/wp\/v2\/media?parent=14750"}],"wp:term":[{"taxonomy":"product_cat","embeddable":true,"href":"https:\/\/beta.alpscigar.com\/en\/wp-json\/wp\/v2\/product_cat?post=14750"},{"taxonomy":"product_tag","embeddable":true,"href":"https:\/\/beta.alpscigar.com\/en\/wp-json\/wp\/v2\/product_tag?post=14750"}],"curies":[{"name":"wp","href":"https:\/\/api.w.org\/{rel}","templated":true}]}}