{"id":14838,"date":"2018-06-08T08:04:17","date_gmt":"2018-06-08T07:04:17","guid":{"rendered":"https:\/\/mkulcarx.preview.infomaniak.website\/?post_type=product&#038;p=7743"},"modified":"2023-10-24T09:53:30","modified_gmt":"2023-10-24T08:53:30","slug":"tamo-250-cigares","status":"publish","type":"product","link":"https:\/\/beta.alpscigar.com\/en\/shop\/humidors\/tamo-250-cigares\/","title":{"rendered":"Elie Bleu Nouvelle M\u00e9daille Tamo &#8211; 250 cigares"},"content":{"rendered":"<p>Humidor Elie Bleu &#8211; Nouvelle M\u00e9daille &#8211; Tamo &#8211; 250 Cigares.<\/p>\n<p><strong>Modernit\u00e9<\/strong><br \/>\nLes accessoires m\u00e9talliques conf\u00e8rent \u00e0 ce mod\u00e8le sa modernit\u00e9. Cette version \u00ab mise \u00e0 jour \u00bb de la c\u00e9l\u00e8bre collection \u201cM\u00e9dailles\u201d allie tradition et puret\u00e9 des lignes.<\/p>\n<ul>\n<li>250 Cigares (capacit\u00e9)<\/li>\n<li>1 Plateau de rangement<\/li>\n<li>3 Humidificateurs<\/li>\n<li>1 Hygrom\u00e8tre \u00e0 aiguille<\/li>\n<li>Largeur: 58.70 cm | 23.11 inch<\/li>\n<li>Profondeur: 32.80 cm | 12.91 inch<\/li>\n<li>Hauteur: 15.00 cm | 5.91 inch<\/li>\n<\/ul>","protected":false},"excerpt":{"rendered":"<p>Humidor Tamo pour 250 cigares.<\/p>","protected":false},"featured_media":14840,"template":"","meta":{"_acf_changed":false},"product_cat":[16841],"product_tag":[10261],"bundled_by":[],"bundle_stock_status":"outofstock","bundle_stock_quantity":0,"bundle_virtual":false,"bundle_layout":"","bundle_add_to_cart_form_location":"","bundle_editable_in_cart":false,"bundle_sold_individually_context":"","bundle_item_grouping":"","bundle_min_size":"","bundle_max_size":"","bundled_items":[],"acf":[],"_links":{"self":[{"href":"https:\/\/beta.alpscigar.com\/en\/wp-json\/wp\/v2\/product\/14838"}],"collection":[{"href":"https:\/\/beta.alpscigar.com\/en\/wp-json\/wp\/v2\/product"}],"about":[{"href":"https:\/\/beta.alpscigar.com\/en\/wp-json\/wp\/v2\/types\/product"}],"wp:featuredmedia":[{"embeddable":true,"href":"https:\/\/beta.alpscigar.com\/en\/wp-json\/wp\/v2\/media\/14840"}],"wp:attachment":[{"href":"https:\/\/beta.alpscigar.com\/en\/wp-json\/wp\/v2\/media?parent=14838"}],"wp:term":[{"taxonomy":"product_cat","embeddable":true,"href":"https:\/\/beta.alpscigar.com\/en\/wp-json\/wp\/v2\/product_cat?post=14838"},{"taxonomy":"product_tag","embeddable":true,"href":"https:\/\/beta.alpscigar.com\/en\/wp-json\/wp\/v2\/product_tag?post=14838"}],"curies":[{"name":"wp","href":"https:\/\/api.w.org\/{rel}","templated":true}]}}