{"id":14884,"date":"2019-02-08T11:08:45","date_gmt":"2019-02-08T10:08:45","guid":{"rendered":"https:\/\/cigarpassion.ch\/?post_type=product&#038;p=11459"},"modified":"2023-12-08T00:36:14","modified_gmt":"2023-12-07T23:36:14","slug":"boveda-butler-humidor","status":"publish","type":"product","link":"https:\/\/beta.alpscigar.com\/en\/shop\/cigars-accessories\/humidificateurs\/boveda-butler-humidor\/","title":{"rendered":"Boveda Butler Humidor"},"content":{"rendered":"<p>Gardez un \u0153il vigilant sur vos cigares sans soulever le couvercle de votre humidor.\u00a0<strong>Le Boveda Butler<\/strong> surveille votre cave et son contenu pr\u00e9cieux, puis envoie des alertes d&rsquo;humidit\u00e9, de temp\u00e9rature et d&rsquo;impact <strong>directement sur votre smartphone ou votre tablette.<\/strong><\/p>\n<ul>\n<li>Mesurez en permanence les valeurs d&rsquo;humidit\u00e9 et de temp\u00e9rature dans votre humidor et acc\u00e9dez \u00e0 ces lectures \u00e0 tout moment.<\/li>\n<li>Recevez des notifications push lorsque les lectures sont en dehors de votre plage d&rsquo;humidit\u00e9 et de temp\u00e9rature personnalis\u00e9e.<\/li>\n<li>Analyser les lectures horaires, quotidiennes et mensuelles de la cave dans les graphiques.<\/li>\n<li>Le Boveda Butler peut stocker des donn\u00e9es jusqu&rsquo;\u00e0 10 jours s&rsquo;il se situe en dehors de la port\u00e9e Bluetooth de l&rsquo;application.<\/li>\n<li>Vous pouvez \u00e9tendre la port\u00e9e pour acc\u00e9der \u00e0 des donn\u00e9es en temps r\u00e9el de n&rsquo;importe o\u00f9 dans le monde en synchronisant le Boveda Butler sur une seconde tablette ou un smartphone compatible.\u00a0Condition pr\u00e9alable : au moins iOS 10.0 ou Android 5.0 doit \u00eatre install\u00e9 sur le deuxi\u00e8me appareil.<\/li>\n<li>L&rsquo;application peut g\u00e9rer jusqu&rsquo;\u00e0 5 humidificateurs.\u00a0Chaque humidificateur a besoin de son propre Boveda Butler.<\/li>\n<\/ul>\n<p><strong>Placez le Boveda Butler directement sur votre cigare<\/strong> ou attachez-le \u00e0 l&rsquo;int\u00e9rieur du couvercle de la cave.\u00a0Boveda Butler communique via Bluetooth\u00ae avec l&rsquo;application gratuite Boveda sur votre appareil mobile iOS 10.0+ ou Android 5.0+.\u00a0Avant la premi\u00e8re utilisation, le Boveda Butler doit \u00eatre \u00e9talonn\u00e9 avec le kit d&rsquo;\u00e9talonnage Boveda en une \u00e9tape fourni pendant 24 heures.<\/p>\n<p><strong>La bo\u00eete contient :<\/strong><\/p>\n<ul>\n<li><span class=\"tlid-translation translation\"><span title=\"\">1 kit d&rsquo;\u00e9talonnage en une \u00e9tape Boveda<\/span><\/span><\/li>\n<li><span class=\"tlid-translation translation\"><span title=\"\">1 bo\u00eetier Boveda<\/span><\/span><\/li>\n<li><span class=\"tlid-translation translation\"><span title=\"\">1 manuel d&rsquo;utilisation (en allemand)<\/span><\/span><\/li>\n<li><span class=\"tlid-translation translation\"><span title=\"\">1 pile ronde standard CR2032<\/span><\/span><\/li>\n<li><span class=\"tlid-translation translation\"><span title=\"\">1 morceau de velcro pour le montage<\/span><\/span><\/li>\n<\/ul>\n<p><strong>Voulez-vous avoir plus de d\u00e9tails ?<br \/>\n<\/strong>Un guide facile \u00e0 comprendre, illustr\u00e9, \u00e9tape par \u00e9tape est disponible en cliquant sur le bouton ci-dessous\u00a0(en anglais).<\/p>\n<a href=\"\/wp-content\/uploads\/2019\/02\/Boveda_Butler_Users_Guide.pdf\" target=\"_blank\" class=\"button primary\" rel=\"noopener\"  >\n    <span>Manuel de l'utilisateur (PDF)<\/span>\n  <\/a>","protected":false},"excerpt":{"rendered":"<p><strong>Le Boveda Butler\u00a0<\/strong>est un bo\u00eetier de surveillance pour votre cave \u00e0 cigares (humidor).<\/p>","protected":false},"featured_media":14887,"template":"","meta":{"_acf_changed":false},"product_cat":[29862,24638,16870],"product_tag":[],"bundled_by":[],"bundle_stock_status":"outofstock","bundle_stock_quantity":0,"bundle_virtual":false,"bundle_layout":"","bundle_add_to_cart_form_location":"","bundle_editable_in_cart":false,"bundle_sold_individually_context":"","bundle_item_grouping":"","bundle_min_size":"","bundle_max_size":"","bundled_items":[],"acf":[],"_links":{"self":[{"href":"https:\/\/beta.alpscigar.com\/en\/wp-json\/wp\/v2\/product\/14884"}],"collection":[{"href":"https:\/\/beta.alpscigar.com\/en\/wp-json\/wp\/v2\/product"}],"about":[{"href":"https:\/\/beta.alpscigar.com\/en\/wp-json\/wp\/v2\/types\/product"}],"wp:featuredmedia":[{"embeddable":true,"href":"https:\/\/beta.alpscigar.com\/en\/wp-json\/wp\/v2\/media\/14887"}],"wp:attachment":[{"href":"https:\/\/beta.alpscigar.com\/en\/wp-json\/wp\/v2\/media?parent=14884"}],"wp:term":[{"taxonomy":"product_cat","embeddable":true,"href":"https:\/\/beta.alpscigar.com\/en\/wp-json\/wp\/v2\/product_cat?post=14884"},{"taxonomy":"product_tag","embeddable":true,"href":"https:\/\/beta.alpscigar.com\/en\/wp-json\/wp\/v2\/product_tag?post=14884"}],"curies":[{"name":"wp","href":"https:\/\/api.w.org\/{rel}","templated":true}]}}