{"id":14992,"date":"2018-03-29T10:28:53","date_gmt":"2018-03-29T09:28:53","guid":{"rendered":"https:\/\/mkulcarx.preview.infomaniak.website\/produit\/cohiba-siglo-5-5-2\/"},"modified":"2023-09-25T15:39:59","modified_gmt":"2023-09-25T14:39:59","slug":"cohiba-siglo-5-5","status":"publish","type":"product","link":"https:\/\/beta.alpscigar.com\/en\/shop\/cigares-cubains\/cohiba\/cohiba-siglo-5-5\/","title":{"rendered":"Cohiba Siglo 5 (5)"},"content":{"rendered":"<p>Une splendide vitole de la gamme Linea 1492, le Siglo V pr\u00e9sente admirablement bien le savoir-faire de Cohiba. Ce Lonsdale est bien roul\u00e9, la cape dor\u00e9e repr\u00e9sente bien l&rsquo;\u00e9litisme de la marque. D\u00e8s les premi\u00e8res bouff\u00e9es, le cigare t\u00e9moigne d&rsquo;une grande richesse aromatique et d&rsquo;un \u00e9quilibre sans \u00e9gal. La fum\u00e9e est dense et profonde v\u00e9hiculant des notes de bois et d&rsquo;\u00e9pices.<\/p>\n<p>En cours de d\u00e9gustation, la richesse des touches cacaot\u00e9es se r\u00e9v\u00e8lent. Le tirage parfait conduit \u00e0 un troisi\u00e8me tiers subtil et riche. Un cigare de tr\u00e8s grande classe pour des amateurs d&rsquo;exception.<\/p>\n<p>&nbsp;<\/p>","protected":false},"excerpt":{"rendered":"<p>Bo\u00eete de 5 cigares.<\/p>","protected":false},"featured_media":17163,"template":"","meta":{"_acf_changed":false},"product_cat":[24791,40,830],"product_tag":[],"bundled_by":[],"bundle_stock_status":"outofstock","bundle_stock_quantity":0,"bundle_virtual":false,"bundle_layout":"","bundle_add_to_cart_form_location":"","bundle_editable_in_cart":false,"bundle_sold_individually_context":"","bundle_item_grouping":"","bundle_min_size":"","bundle_max_size":"","bundled_items":[],"acf":[],"_links":{"self":[{"href":"https:\/\/beta.alpscigar.com\/en\/wp-json\/wp\/v2\/product\/14992"}],"collection":[{"href":"https:\/\/beta.alpscigar.com\/en\/wp-json\/wp\/v2\/product"}],"about":[{"href":"https:\/\/beta.alpscigar.com\/en\/wp-json\/wp\/v2\/types\/product"}],"wp:featuredmedia":[{"embeddable":true,"href":"https:\/\/beta.alpscigar.com\/en\/wp-json\/wp\/v2\/media\/17163"}],"wp:attachment":[{"href":"https:\/\/beta.alpscigar.com\/en\/wp-json\/wp\/v2\/media?parent=14992"}],"wp:term":[{"taxonomy":"product_cat","embeddable":true,"href":"https:\/\/beta.alpscigar.com\/en\/wp-json\/wp\/v2\/product_cat?post=14992"},{"taxonomy":"product_tag","embeddable":true,"href":"https:\/\/beta.alpscigar.com\/en\/wp-json\/wp\/v2\/product_tag?post=14992"}],"curies":[{"name":"wp","href":"https:\/\/api.w.org\/{rel}","templated":true}]}}