{"id":15024,"date":"2018-03-29T10:27:29","date_gmt":"2018-03-29T09:27:29","guid":{"rendered":"https:\/\/mkulcarx.preview.infomaniak.website\/produit\/cohiba-siglo-4-a-t-3\/"},"modified":"2023-12-09T07:47:38","modified_gmt":"2023-12-09T06:47:38","slug":"cohiba-siglo-4-a-t-3","status":"publish","type":"product","link":"https:\/\/beta.alpscigar.com\/en\/shop\/cigares-cubains\/cohiba\/cohiba-siglo-4-a-t-3\/","title":{"rendered":"Cohiba Siglo 4 Tubos A\/T (3)"},"content":{"rendered":"<p>Le Cohiba Siglo 4 Tubos A\/T b\u00e9n\u00e9ficie d\u2019un excellent tirage. Cigare puissant et bien dos\u00e9, il a des ar\u00f4mes de poivron, de musc et de bois pr\u00e9cieux. Cigare \u00e0 l\u2019\u00e9quilibre parfait entre puissance et saveur d\u00e9licate. Le cigare Cohiba Siglo 4 Tubos A\/T a un parfum intense avec des notes grill\u00e9es et une l\u00e9g\u00e8re douceur cr\u00e9meuse. Sur le dernier tiers, la complexit\u00e9 de ce cigare est saisissante avec des notes de chocolat noir, de caf\u00e9 et de cuir. En conclusion, le Cohiba Siglo 4 Tubos A\/T est un cigare qui ravira tous les amateurs et l\u2019entr\u00e9e id\u00e9ale dans le monde des Cohiba pour les fumeurs de cigare curieux.<\/p>","protected":false},"excerpt":{"rendered":"<p>Bo\u00eete de 3 cigares en tube.<\/p>","protected":false},"featured_media":6427,"template":"","meta":{"_acf_changed":false},"product_cat":[24791,24638,40,830],"product_tag":[],"bundled_by":[],"bundle_stock_status":"instock","bundle_stock_quantity":3,"bundle_virtual":false,"bundle_layout":"","bundle_add_to_cart_form_location":"","bundle_editable_in_cart":false,"bundle_sold_individually_context":"","bundle_item_grouping":"","bundle_min_size":"","bundle_max_size":"","bundled_items":[],"acf":[],"_links":{"self":[{"href":"https:\/\/beta.alpscigar.com\/en\/wp-json\/wp\/v2\/product\/15024"}],"collection":[{"href":"https:\/\/beta.alpscigar.com\/en\/wp-json\/wp\/v2\/product"}],"about":[{"href":"https:\/\/beta.alpscigar.com\/en\/wp-json\/wp\/v2\/types\/product"}],"wp:featuredmedia":[{"embeddable":true,"href":"https:\/\/beta.alpscigar.com\/en\/wp-json\/wp\/v2\/media\/6427"}],"wp:attachment":[{"href":"https:\/\/beta.alpscigar.com\/en\/wp-json\/wp\/v2\/media?parent=15024"}],"wp:term":[{"taxonomy":"product_cat","embeddable":true,"href":"https:\/\/beta.alpscigar.com\/en\/wp-json\/wp\/v2\/product_cat?post=15024"},{"taxonomy":"product_tag","embeddable":true,"href":"https:\/\/beta.alpscigar.com\/en\/wp-json\/wp\/v2\/product_tag?post=15024"}],"curies":[{"name":"wp","href":"https:\/\/api.w.org\/{rel}","templated":true}]}}