{"id":15060,"date":"2018-03-29T10:27:21","date_gmt":"2018-03-29T09:27:21","guid":{"rendered":"https:\/\/mkulcarx.preview.infomaniak.website\/produit\/cohiba-bhk-54-10-2\/"},"modified":"2023-12-12T09:27:18","modified_gmt":"2023-12-12T08:27:18","slug":"cohiba-bhk-54-10","status":"publish","type":"product","link":"https:\/\/beta.alpscigar.com\/en\/shop\/cigares-cubains\/cohiba\/cohiba-bhk-54-10\/","title":{"rendered":"Cohiba Behike 54 (10)"},"content":{"rendered":"<p>Le Cohiba Behike 54 est un Ca\u00f1onazo, un format apparu dans le d\u00e9but des ann\u00e9es 2000. Comme il se doit dans la gamme Behike, la pr\u00e9sentation est exemplaire. On retrouve \u00e0 cru, les ar\u00f4mes distinctifs de la ligne Behike. D\u00e8s les premi\u00e8res bouff\u00e9es, la complexit\u00e9 aromatique surprend avec une dominance de caf\u00e9 cr\u00e8me et de douceur. Le second tiers se caract\u00e9rise par une puissance plus soutenue mais qui reste ma\u00eetris\u00e9e. Le final confirme le caract\u00e8re cors\u00e9, la vitole est plus complexe, un peu moins abordable. Une vitole qui saura pleinement s&rsquo;exprimer apr\u00e8s quelques mois de conservation.<\/p>","protected":false},"excerpt":{"rendered":"<p>Box of 10 cigars.<\/p>","protected":false},"featured_media":6404,"template":"","meta":{"_acf_changed":false},"product_cat":[24791,24638,40,830],"product_tag":[],"bundled_by":[],"bundle_stock_status":"instock","bundle_stock_quantity":9,"bundle_virtual":false,"bundle_layout":"","bundle_add_to_cart_form_location":"","bundle_editable_in_cart":false,"bundle_sold_individually_context":"","bundle_item_grouping":"","bundle_min_size":"","bundle_max_size":"","bundled_items":[],"acf":[],"_links":{"self":[{"href":"https:\/\/beta.alpscigar.com\/en\/wp-json\/wp\/v2\/product\/15060"}],"collection":[{"href":"https:\/\/beta.alpscigar.com\/en\/wp-json\/wp\/v2\/product"}],"about":[{"href":"https:\/\/beta.alpscigar.com\/en\/wp-json\/wp\/v2\/types\/product"}],"wp:featuredmedia":[{"embeddable":true,"href":"https:\/\/beta.alpscigar.com\/en\/wp-json\/wp\/v2\/media\/6404"}],"wp:attachment":[{"href":"https:\/\/beta.alpscigar.com\/en\/wp-json\/wp\/v2\/media?parent=15060"}],"wp:term":[{"taxonomy":"product_cat","embeddable":true,"href":"https:\/\/beta.alpscigar.com\/en\/wp-json\/wp\/v2\/product_cat?post=15060"},{"taxonomy":"product_tag","embeddable":true,"href":"https:\/\/beta.alpscigar.com\/en\/wp-json\/wp\/v2\/product_tag?post=15060"}],"curies":[{"name":"wp","href":"https:\/\/api.w.org\/{rel}","templated":true}]}}