{"id":15080,"date":"2018-03-29T10:27:21","date_gmt":"2018-03-29T09:27:21","guid":{"rendered":"https:\/\/mkulcarx.preview.infomaniak.website\/produit\/cohiba-siglo-2-5-2\/"},"modified":"2023-10-24T12:38:27","modified_gmt":"2023-10-24T11:38:27","slug":"cohiba-siglo-2-5","status":"publish","type":"product","link":"https:\/\/beta.alpscigar.com\/en\/shop\/cigares-cubains\/cohiba\/cohiba-siglo-2-5\/","title":{"rendered":"Cohiba Siglo 2 (5)"},"content":{"rendered":"<p>Les Cohiba Siglo 2 sont enti\u00e8rement fabriqu\u00e9s \u00e0 la main au sein de la manufacture El Laguito, situ\u00e9e dans le quartier mythique Cubanac\u00e1n \u00e0 La Havane. Le tabac utilis\u00e9 m\u00eale des feuilles des plantations de San Juan y Martinez et de celles de la Vuelta Abajo. Le Cohiba Siglo 2 se fume enti\u00e8rement entre 60 et 90 minutes. Les plus press\u00e9s peuvent le finir entre 30 minutes.\u00a0 Il pr\u00e9sente une longueur de 129 mm pour un cepo de 42 doit un diam\u00e8tre de 16.67 mm<\/p>\n<p>Ce\u00a0cigare Cohiba\u00a0\u00e0 cru, d\u00e9gage des nuances florales avec une odeur marqu\u00e9e de basse-cour. Les premi\u00e8res bouff\u00e9es du 1er tiers r\u00e9v\u00e8lent une senteur de cuir assez forte ainsi qu\u2019un parfum de tabac particuli\u00e8rement prononc\u00e9. Bien qu\u2019ils soient copieux, ces ar\u00f4mes ne sont pas ent\u00eatants : ils sont doux et volatils. Au fur et \u00e0 mesure qu\u2019on le fume, le\u00a0cigare d\u00e9voile un go\u00fbt de caramel et d\u2019agr\u00e9ables tonalit\u00e9s bois\u00e9es qui contribuent \u00e0 la complexit\u00e9 du panel aromatique. Dans le 2e tiers, une salve de miel, de cuir et d\u2019herbe enrichit ce savoureux bouquet d\u2019ar\u00f4mes initial. Toutes ces saveurs forment un \u00e9quilibre parfait dans le dernier tiers caract\u00e9ris\u00e9 par une intensification de la force du cigare.<\/p>","protected":false},"excerpt":{"rendered":"<p>Paquet de 5 cigares en tubes.<\/p>","protected":false},"featured_media":6415,"template":"","meta":{"_acf_changed":false},"product_cat":[24791,40,830],"product_tag":[],"bundled_by":[],"bundle_stock_status":"outofstock","bundle_stock_quantity":0,"bundle_virtual":false,"bundle_layout":"","bundle_add_to_cart_form_location":"","bundle_editable_in_cart":false,"bundle_sold_individually_context":"","bundle_item_grouping":"","bundle_min_size":"","bundle_max_size":"","bundled_items":[],"acf":[],"_links":{"self":[{"href":"https:\/\/beta.alpscigar.com\/en\/wp-json\/wp\/v2\/product\/15080"}],"collection":[{"href":"https:\/\/beta.alpscigar.com\/en\/wp-json\/wp\/v2\/product"}],"about":[{"href":"https:\/\/beta.alpscigar.com\/en\/wp-json\/wp\/v2\/types\/product"}],"wp:featuredmedia":[{"embeddable":true,"href":"https:\/\/beta.alpscigar.com\/en\/wp-json\/wp\/v2\/media\/6415"}],"wp:attachment":[{"href":"https:\/\/beta.alpscigar.com\/en\/wp-json\/wp\/v2\/media?parent=15080"}],"wp:term":[{"taxonomy":"product_cat","embeddable":true,"href":"https:\/\/beta.alpscigar.com\/en\/wp-json\/wp\/v2\/product_cat?post=15080"},{"taxonomy":"product_tag","embeddable":true,"href":"https:\/\/beta.alpscigar.com\/en\/wp-json\/wp\/v2\/product_tag?post=15080"}],"curies":[{"name":"wp","href":"https:\/\/api.w.org\/{rel}","templated":true}]}}