{"id":15096,"date":"2018-03-29T10:27:21","date_gmt":"2018-03-29T09:27:21","guid":{"rendered":"https:\/\/mkulcarx.preview.infomaniak.website\/produit\/cohiba-bhk-52-10-2\/"},"modified":"2025-03-24T14:17:07","modified_gmt":"2025-03-24T13:17:07","slug":"cohiba-bhk-52-10","status":"publish","type":"product","link":"https:\/\/beta.alpscigar.com\/en\/shop\/cigares-cubains\/cohiba\/cohiba-bhk-52-10\/","title":{"rendered":"Cohiba Behike 52 (10)"},"content":{"rendered":"<p>Le Cohiba Behike 52 est le petit junior de la gamme. Comme il se doit la pr\u00e9sentation est exemplaire, une cape parfaite, grasse, de couleur chocolat. L&#8217;embrasement est merveilleux, les premi\u00e8res bouff\u00e9es enivrent le palais d&rsquo;ar\u00f4me de terre et d&rsquo;\u00e9pices. <strong>Les feuilles de medio tiempo donnent une touche tr\u00e8s particuli\u00e8re<\/strong> \u00e0 la vitole qui se distingue clairement de la gamme Cohiba. Le Cohiba Behike 52 se d\u00e9note clairement du Cohiba Behike 54 par sa puissance et sa persistance. <strong>Une bonne pi\u00e8ce, puissante et dominatrice.<\/strong><\/p>","protected":false},"excerpt":{"rendered":"<p>Box of 10 cigars.<\/p>","protected":false},"featured_media":17416,"template":"","meta":{"_acf_changed":false},"product_cat":[24791,40,830],"product_tag":[],"bundled_by":[],"bundle_stock_status":"instock","bundle_stock_quantity":10,"bundle_virtual":false,"bundle_layout":"","bundle_add_to_cart_form_location":"","bundle_editable_in_cart":false,"bundle_sold_individually_context":"","bundle_item_grouping":"","bundle_min_size":"","bundle_max_size":"","bundled_items":[],"acf":[],"_links":{"self":[{"href":"https:\/\/beta.alpscigar.com\/en\/wp-json\/wp\/v2\/product\/15096"}],"collection":[{"href":"https:\/\/beta.alpscigar.com\/en\/wp-json\/wp\/v2\/product"}],"about":[{"href":"https:\/\/beta.alpscigar.com\/en\/wp-json\/wp\/v2\/types\/product"}],"wp:featuredmedia":[{"embeddable":true,"href":"https:\/\/beta.alpscigar.com\/en\/wp-json\/wp\/v2\/media\/17416"}],"wp:attachment":[{"href":"https:\/\/beta.alpscigar.com\/en\/wp-json\/wp\/v2\/media?parent=15096"}],"wp:term":[{"taxonomy":"product_cat","embeddable":true,"href":"https:\/\/beta.alpscigar.com\/en\/wp-json\/wp\/v2\/product_cat?post=15096"},{"taxonomy":"product_tag","embeddable":true,"href":"https:\/\/beta.alpscigar.com\/en\/wp-json\/wp\/v2\/product_tag?post=15096"}],"curies":[{"name":"wp","href":"https:\/\/api.w.org\/{rel}","templated":true}]}}