{"id":15112,"date":"2019-05-21T11:54:42","date_gmt":"2019-05-21T10:54:42","guid":{"rendered":"https:\/\/alpscigar.com\/?post_type=product&#038;p=15112"},"modified":"2025-10-06T12:50:39","modified_gmt":"2025-10-06T11:50:39","slug":"cohiba-robustos-slb-25","status":"publish","type":"product","link":"https:\/\/beta.alpscigar.com\/en\/shop\/cigares-cubains\/cohiba\/cohiba-robustos-slb-25\/","title":{"rendered":"Cohiba Robustos SLB (25)"},"content":{"rendered":"<p>Le Roi des Robusto Cubain<\/p>\n<ul>\n<li>Beaucoup consid\u00e8rent ce robusto comme le meilleur au monde en raison de sa richesse, de sa complexit\u00e9 et de sa force. C&rsquo;est un v\u00e9ritable chef-d&rsquo;\u0153uvre gr\u00e2ce \u00e0 la qualit\u00e9 in\u00e9gal\u00e9e de Cohiba.<\/li>\n<li>Pr\u00e9par\u00e9 avec un soin exquis, il a beaucoup de caract\u00e8res communs avec son fr\u00e8re a\u00een\u00e9, les Esplendidos.<\/li>\n<li>\u00c0 la fois une \u0153uvre d&rsquo;art et un d\u00e9lice pour le palais.<\/li>\n<\/ul>\n<p>Tr\u00e8s bonne combustion avec trois parties bien d\u00e9finies, la premi\u00e8re avec des saveurs l\u00e9g\u00e8res d&rsquo;herbe et de poivre, la deuxi\u00e8me partie avec de la vanille, et la troisi\u00e8me affiche une forte saveur de tabac et des tons chocolat avec une nuance de basse-cour.<\/p>","protected":false},"excerpt":{"rendered":"<p><span>Box of 25 cigars.<\/span><\/p>","protected":false},"featured_media":17224,"template":"","meta":{"_acf_changed":false},"product_cat":[24791,40,830],"product_tag":[],"bundled_by":["95087","95195","95207"],"bundle_stock_status":"instock","bundle_stock_quantity":24,"bundle_virtual":false,"bundle_layout":"","bundle_add_to_cart_form_location":"","bundle_editable_in_cart":false,"bundle_sold_individually_context":"","bundle_item_grouping":"","bundle_min_size":"","bundle_max_size":"","bundled_items":[],"acf":[],"_links":{"self":[{"href":"https:\/\/beta.alpscigar.com\/en\/wp-json\/wp\/v2\/product\/15112"}],"collection":[{"href":"https:\/\/beta.alpscigar.com\/en\/wp-json\/wp\/v2\/product"}],"about":[{"href":"https:\/\/beta.alpscigar.com\/en\/wp-json\/wp\/v2\/types\/product"}],"wp:featuredmedia":[{"embeddable":true,"href":"https:\/\/beta.alpscigar.com\/en\/wp-json\/wp\/v2\/media\/17224"}],"wp:attachment":[{"href":"https:\/\/beta.alpscigar.com\/en\/wp-json\/wp\/v2\/media?parent=15112"}],"wp:term":[{"taxonomy":"product_cat","embeddable":true,"href":"https:\/\/beta.alpscigar.com\/en\/wp-json\/wp\/v2\/product_cat?post=15112"},{"taxonomy":"product_tag","embeddable":true,"href":"https:\/\/beta.alpscigar.com\/en\/wp-json\/wp\/v2\/product_tag?post=15112"}],"curies":[{"name":"wp","href":"https:\/\/api.w.org\/{rel}","templated":true}]}}