{"id":15121,"date":"2019-01-07T10:04:39","date_gmt":"2019-01-07T09:04:39","guid":{"rendered":"https:\/\/cigarpassion.ch\/?post_type=product&#038;p=10867"},"modified":"2023-09-25T15:03:22","modified_gmt":"2023-09-25T14:03:22","slug":"partagas-maduro-no-2-25","status":"publish","type":"product","link":"https:\/\/beta.alpscigar.com\/en\/shop\/cigares-cubains\/partagas\/partagas-maduro-no-2-25\/","title":{"rendered":"Partagas Maduro No. 2 (25)"},"content":{"rendered":"<p><strong>Partagas Maduro No. 2 (25).<\/strong> Comme son nom l&rsquo;indique, le tabac utilis\u00e9 pour les capes de la lign\u00e9e Maduro, ont subit une p\u00e9riode de fermentation suppl\u00e9mentaire. L&rsquo;ar\u00f4me m\u00fbr, intense et puissant qui en r\u00e9sulte correspond bien au plaisir habituellement procur\u00e9 par la marque Partagas. Bien s\u00fbr, le <strong>Partagas Maduro No. 2<\/strong> est \u00e9galement enti\u00e8rement confectionn\u00e9 \u00e0 la main, \u00e0 partir de feuilles de tabac soigneusement s\u00e9lectionn\u00e9es et provenant de la r\u00e9gion Vuelta Abajo. <strong>Avec un calibre de bague de 55 et une longueur de 120mm,<\/strong> ce format &#8211; Short Piramides &#8211; s&rsquo;int\u00e9grera parfaitement dans la gamme de Partagas.<\/p>","protected":false},"excerpt":{"rendered":"<p>Box of 25 cigars.<\/p>","protected":false},"featured_media":10868,"template":"","meta":{"_acf_changed":false},"product_cat":[29911,24791,40,14862],"product_tag":[],"bundled_by":[],"bundle_stock_status":"outofstock","bundle_stock_quantity":0,"bundle_virtual":false,"bundle_layout":"","bundle_add_to_cart_form_location":"","bundle_editable_in_cart":false,"bundle_sold_individually_context":"","bundle_item_grouping":"","bundle_min_size":"","bundle_max_size":"","bundled_items":[],"acf":[],"_links":{"self":[{"href":"https:\/\/beta.alpscigar.com\/en\/wp-json\/wp\/v2\/product\/15121"}],"collection":[{"href":"https:\/\/beta.alpscigar.com\/en\/wp-json\/wp\/v2\/product"}],"about":[{"href":"https:\/\/beta.alpscigar.com\/en\/wp-json\/wp\/v2\/types\/product"}],"wp:featuredmedia":[{"embeddable":true,"href":"https:\/\/beta.alpscigar.com\/en\/wp-json\/wp\/v2\/media\/10868"}],"wp:attachment":[{"href":"https:\/\/beta.alpscigar.com\/en\/wp-json\/wp\/v2\/media?parent=15121"}],"wp:term":[{"taxonomy":"product_cat","embeddable":true,"href":"https:\/\/beta.alpscigar.com\/en\/wp-json\/wp\/v2\/product_cat?post=15121"},{"taxonomy":"product_tag","embeddable":true,"href":"https:\/\/beta.alpscigar.com\/en\/wp-json\/wp\/v2\/product_tag?post=15121"}],"curies":[{"name":"wp","href":"https:\/\/api.w.org\/{rel}","templated":true}]}}