{"id":15155,"date":"2018-03-29T10:28:07","date_gmt":"2018-03-29T09:28:07","guid":{"rendered":"https:\/\/mkulcarx.preview.infomaniak.website\/produit\/partagas-serie-d-no-5-25-2\/"},"modified":"2023-12-15T15:46:10","modified_gmt":"2023-12-15T14:46:10","slug":"partagas-serie-d-no-5-25","status":"publish","type":"product","link":"https:\/\/beta.alpscigar.com\/en\/shop\/cigares-cubains\/partagas\/partagas-serie-d-no-5-25\/","title":{"rendered":"Partagas Serie D No. 5 (25)"},"content":{"rendered":"<p>Le Partagas Serie D No. 5 est apparu pour la premi\u00e8re fois en s\u00e9rie limit\u00e9e en 2008. Il fait parti d\u00e9sormais du catalogue classique des produits Habanos. La cape colorado habille parfaitement cette vitole. L&rsquo;allumage est exemplaire, la fum\u00e9e porte des ar\u00f4mes de terre et de poivre. La mont\u00e9e en puissance rapide rassasie l&rsquo;amateur en qu\u00eate de cigares de caract\u00e8re. Un havane de qualit\u00e9 qui se positionne parfaitement dans la gamme Partagas actuelle.<\/p>","protected":false},"excerpt":{"rendered":"<p>Box of 25 cigars.<\/p>","protected":false},"featured_media":6516,"template":"","meta":{"_acf_changed":false},"product_cat":[24791,24638,40,14862],"product_tag":[],"bundled_by":[],"bundle_stock_status":"instock","bundle_stock_quantity":3,"bundle_virtual":false,"bundle_layout":"","bundle_add_to_cart_form_location":"","bundle_editable_in_cart":false,"bundle_sold_individually_context":"","bundle_item_grouping":"","bundle_min_size":"","bundle_max_size":"","bundled_items":[],"acf":[],"_links":{"self":[{"href":"https:\/\/beta.alpscigar.com\/en\/wp-json\/wp\/v2\/product\/15155"}],"collection":[{"href":"https:\/\/beta.alpscigar.com\/en\/wp-json\/wp\/v2\/product"}],"about":[{"href":"https:\/\/beta.alpscigar.com\/en\/wp-json\/wp\/v2\/types\/product"}],"wp:featuredmedia":[{"embeddable":true,"href":"https:\/\/beta.alpscigar.com\/en\/wp-json\/wp\/v2\/media\/6516"}],"wp:attachment":[{"href":"https:\/\/beta.alpscigar.com\/en\/wp-json\/wp\/v2\/media?parent=15155"}],"wp:term":[{"taxonomy":"product_cat","embeddable":true,"href":"https:\/\/beta.alpscigar.com\/en\/wp-json\/wp\/v2\/product_cat?post=15155"},{"taxonomy":"product_tag","embeddable":true,"href":"https:\/\/beta.alpscigar.com\/en\/wp-json\/wp\/v2\/product_tag?post=15155"}],"curies":[{"name":"wp","href":"https:\/\/api.w.org\/{rel}","templated":true}]}}