{"id":15181,"date":"2018-03-29T10:27:59","date_gmt":"2018-03-29T09:27:59","guid":{"rendered":"https:\/\/mkulcarx.preview.infomaniak.website\/produit\/partagas-de-luxe-a-t-25\/"},"modified":"2023-09-25T15:02:08","modified_gmt":"2023-09-25T14:02:08","slug":"partagas-de-luxe-a-t-25","status":"publish","type":"product","link":"https:\/\/beta.alpscigar.com\/en\/shop\/cigares-cubains\/partagas\/partagas-de-luxe-a-t-25\/","title":{"rendered":"Partagas de Luxe A\/T (25)"},"content":{"rendered":"<p>Le Partagas de Luxe A\/T Tubos est un petit cigare bien \u00e9quilibr\u00e9 avec beaucoup de saveur et des ar\u00f4mes de caf\u00e9, de c\u00e8dre et de noix de coco. Emball\u00e9 dans un tube en aluminium, ce cigare garde sa fraicheur pendant plusieurs semaines m\u00eame en dehors d\u2019un humidificateur. <strong>Fum\u00e9e l\u00e9g\u00e8re superbe, un corona bien fait et tr\u00e8s agr\u00e9able.<\/strong><\/p>","protected":false},"excerpt":{"rendered":"<p>Bo\u00eete de 25 cigares en tube.<\/p>","protected":false},"featured_media":18050,"template":"","meta":{"_acf_changed":false},"product_cat":[24791,40,14862],"product_tag":[],"bundled_by":[],"bundle_stock_status":"outofstock","bundle_stock_quantity":0,"bundle_virtual":false,"bundle_layout":"","bundle_add_to_cart_form_location":"","bundle_editable_in_cart":false,"bundle_sold_individually_context":"","bundle_item_grouping":"","bundle_min_size":"","bundle_max_size":"","bundled_items":[],"acf":[],"_links":{"self":[{"href":"https:\/\/beta.alpscigar.com\/en\/wp-json\/wp\/v2\/product\/15181"}],"collection":[{"href":"https:\/\/beta.alpscigar.com\/en\/wp-json\/wp\/v2\/product"}],"about":[{"href":"https:\/\/beta.alpscigar.com\/en\/wp-json\/wp\/v2\/types\/product"}],"wp:featuredmedia":[{"embeddable":true,"href":"https:\/\/beta.alpscigar.com\/en\/wp-json\/wp\/v2\/media\/18050"}],"wp:attachment":[{"href":"https:\/\/beta.alpscigar.com\/en\/wp-json\/wp\/v2\/media?parent=15181"}],"wp:term":[{"taxonomy":"product_cat","embeddable":true,"href":"https:\/\/beta.alpscigar.com\/en\/wp-json\/wp\/v2\/product_cat?post=15181"},{"taxonomy":"product_tag","embeddable":true,"href":"https:\/\/beta.alpscigar.com\/en\/wp-json\/wp\/v2\/product_tag?post=15181"}],"curies":[{"name":"wp","href":"https:\/\/api.w.org\/{rel}","templated":true}]}}