{"id":15219,"date":"2018-10-05T07:46:40","date_gmt":"2018-10-05T06:46:40","guid":{"rendered":"https:\/\/cigarpassion.ch\/?post_type=product&#038;p=8770"},"modified":"2023-12-11T11:35:00","modified_gmt":"2023-12-11T10:35:00","slug":"montecristo-linea-1935-dumas-20","status":"publish","type":"product","link":"https:\/\/beta.alpscigar.com\/en\/shop\/cigares-cubains\/montecristo\/montecristo-linea-1935-dumas-20\/","title":{"rendered":"Montecristo L\u00cdnea 1935 Dumas (20)"},"content":{"rendered":"<p>Les cigares Montecristo L\u00cdnea 1935 Dumas ont \u00e9t\u00e9 fabriqu\u00e9s \u00e0 la main avec du tabac exquis de la Vuelta Abajo, la meilleure r\u00e9gion productrice de tabac au monde. <strong>Les cigares Montecristo L\u00cdnea 1935 Dumas<\/strong>\u00a0se distinguent par leur belle cape couleur caramel et par leur go\u00fbt plein et fort, plus fort et plus plein que les autres, un peu plus doux, Montecristos. Le piquant fort, la douceur du miel, les notes florales et celles de r\u00f4ti font de ce \u00ab\u00a0Monte\u00a0\u00bb un d\u00e9lice pour les adeptes des cigares enti\u00e8rement aromatiques.<\/p>\n<p>L&rsquo;un des plus grands moments forts du 19\u00e8me Festival Habanos fut sans aucun doute la pr\u00e9sentation de la L\u00ednea 1935 de Montecristo. Nomm\u00e9e d&rsquo;apr\u00e8s l&rsquo;ann\u00e9e de fondation de la marque, la gamme contient trois nouvelles Vitoles aux dimensions g\u00e9n\u00e9reuses.<br \/>\nLes Malt\u00e9s (53 x 153mm) ainsi que les Dumas (49 x 130mm) et les Leyenda (55 x 165mm) qui reprennent le m\u00eame format que l&rsquo;\u00e9dition sp\u00e9ciale Montecristo 80 Aniversario, lanc\u00e9e en 2015 pour c\u00e9l\u00e9brer le 80\u00e8me anniversaire de la marque.<\/p>\n<p>Les cigares de cette nouvelle ligne ont \u00e9t\u00e9 fabriqu\u00e9s \u00e0 la main avec le plus grand soin apr\u00e8s la s\u00e9lection des meilleures feuilles de tabac de la Vuelta Abajo, la meilleure r\u00e9gion productrice de tabac au monde. Les cigares issus de cette nouvelle ligne, re\u00e7oivent un bel habillage de couleur caramel ainsi qu\u2019un go\u00fbt plus cors\u00e9 que les autres lignes de Montecristo.<\/p>\n<p>C\u2019est seulement apr\u00e8s les contr\u00f4les et les d\u00e9gustations par les experts les plus exp\u00e9riment\u00e9s, dont les membres de l&rsquo;Institut de recherche sur le tabac, la Commission nationale de d\u00e9gustation et, bien s\u00fbr, Habanos S.A elle-m\u00eame, que le Montecristo L\u00ednea 1935 a \u00e9t\u00e9 mis sur le march\u00e9. <strong>Les Montecristo Malt\u00e9s, les Montecristo Dumas et Montecristo Leyenda sont disponibles en bo\u00eetes de 20 cigares.<\/strong><\/p>","protected":false},"excerpt":{"rendered":"<p>Box of 20 cigars.<\/p>","protected":false},"featured_media":8786,"template":"","meta":{"_acf_changed":false},"product_cat":[24791,24638,40,14865],"product_tag":[],"bundled_by":[],"bundle_stock_status":"instock","bundle_stock_quantity":10,"bundle_virtual":false,"bundle_layout":"","bundle_add_to_cart_form_location":"","bundle_editable_in_cart":false,"bundle_sold_individually_context":"","bundle_item_grouping":"","bundle_min_size":"","bundle_max_size":"","bundled_items":[],"acf":[],"_links":{"self":[{"href":"https:\/\/beta.alpscigar.com\/en\/wp-json\/wp\/v2\/product\/15219"}],"collection":[{"href":"https:\/\/beta.alpscigar.com\/en\/wp-json\/wp\/v2\/product"}],"about":[{"href":"https:\/\/beta.alpscigar.com\/en\/wp-json\/wp\/v2\/types\/product"}],"wp:featuredmedia":[{"embeddable":true,"href":"https:\/\/beta.alpscigar.com\/en\/wp-json\/wp\/v2\/media\/8786"}],"wp:attachment":[{"href":"https:\/\/beta.alpscigar.com\/en\/wp-json\/wp\/v2\/media?parent=15219"}],"wp:term":[{"taxonomy":"product_cat","embeddable":true,"href":"https:\/\/beta.alpscigar.com\/en\/wp-json\/wp\/v2\/product_cat?post=15219"},{"taxonomy":"product_tag","embeddable":true,"href":"https:\/\/beta.alpscigar.com\/en\/wp-json\/wp\/v2\/product_tag?post=15219"}],"curies":[{"name":"wp","href":"https:\/\/api.w.org\/{rel}","templated":true}]}}