{"id":15227,"date":"2018-03-29T10:27:52","date_gmt":"2018-03-29T09:27:52","guid":{"rendered":"https:\/\/mkulcarx.preview.infomaniak.website\/produit\/montecristo-petit-no-2-3-2\/"},"modified":"2023-09-25T14:52:58","modified_gmt":"2023-09-25T13:52:58","slug":"montecristo-petit-no-2-3","status":"publish","type":"product","link":"https:\/\/beta.alpscigar.com\/en\/shop\/cigares-cubains\/montecristo\/montecristo-linea-clasica\/montecristo-petit-no-2-3\/","title":{"rendered":"Montecristo Petit No. 2 Etui (3)"},"content":{"rendered":"<p>La gamme Montecristo classique s&rsquo;\u00e9tend depuis plusieurs ann\u00e9es sur cinq modules, du No. 1 au No. 5. Avec ce petit Montecristo Petit No. 2, elle compl\u00e8te sa gamme d&rsquo;un petit obus pour les amoureux de la marque, vif et puissant, il trouvera sa place comme cigare d&rsquo;apr\u00e8s d\u00e9jeuner.<\/p>","protected":false},"excerpt":{"rendered":"<p>1 \u00e9tui de 3 cigares.<\/p>","protected":false},"featured_media":17939,"template":"","meta":{"_acf_changed":false},"product_cat":[24791,40,14865,20975],"product_tag":[],"bundled_by":[],"bundle_stock_status":"outofstock","bundle_stock_quantity":0,"bundle_virtual":false,"bundle_layout":"","bundle_add_to_cart_form_location":"","bundle_editable_in_cart":false,"bundle_sold_individually_context":"","bundle_item_grouping":"","bundle_min_size":"","bundle_max_size":"","bundled_items":[],"acf":[],"_links":{"self":[{"href":"https:\/\/beta.alpscigar.com\/en\/wp-json\/wp\/v2\/product\/15227"}],"collection":[{"href":"https:\/\/beta.alpscigar.com\/en\/wp-json\/wp\/v2\/product"}],"about":[{"href":"https:\/\/beta.alpscigar.com\/en\/wp-json\/wp\/v2\/types\/product"}],"wp:featuredmedia":[{"embeddable":true,"href":"https:\/\/beta.alpscigar.com\/en\/wp-json\/wp\/v2\/media\/17939"}],"wp:attachment":[{"href":"https:\/\/beta.alpscigar.com\/en\/wp-json\/wp\/v2\/media?parent=15227"}],"wp:term":[{"taxonomy":"product_cat","embeddable":true,"href":"https:\/\/beta.alpscigar.com\/en\/wp-json\/wp\/v2\/product_cat?post=15227"},{"taxonomy":"product_tag","embeddable":true,"href":"https:\/\/beta.alpscigar.com\/en\/wp-json\/wp\/v2\/product_tag?post=15227"}],"curies":[{"name":"wp","href":"https:\/\/api.w.org\/{rel}","templated":true}]}}