{"id":15283,"date":"2018-03-29T10:27:52","date_gmt":"2018-03-29T09:27:52","guid":{"rendered":"https:\/\/mkulcarx.preview.infomaniak.website\/produit\/montecristo-open-regata-20-2\/"},"modified":"2023-11-11T11:07:01","modified_gmt":"2023-11-11T10:07:01","slug":"montecristo-open-regata-20","status":"publish","type":"product","link":"https:\/\/beta.alpscigar.com\/en\/shop\/cigares-cubains\/montecristo\/montecristo-linea-open\/montecristo-open-regata-20\/","title":{"rendered":"Montecristo Open Regata (20)"},"content":{"rendered":"<p>Une vitole qui rappelle le c\u00e9l\u00e8bre No.2 de la marque mais plus court de 1.5 cm. Le Montecristo Open Regata pr\u00e9sente bien, dans une cape pr\u00e9sentant peu de nervures. Le roulage est bon, la cape est assez grasse. L&#8217;embrassement s&rsquo;ex\u00e9cute facilement. La fum\u00e9e ample offre assez de caract\u00e8re pour la gamme Open. La palette aromatique est assez \u00e9tendue, entre le caf\u00e9 et le bois pr\u00e9cieux avec quelques notes d&rsquo;humus. Un cigare de caract\u00e8re qui s\u00e9duira les amateurs de Figurados.<\/p>","protected":false},"excerpt":{"rendered":"<p>Box of 20 cigars.<\/p>","protected":false},"featured_media":6483,"template":"","meta":{"_acf_changed":false},"product_cat":[24791,40,14865,20979],"product_tag":[],"bundled_by":[],"bundle_stock_status":"outofstock","bundle_stock_quantity":0,"bundle_virtual":false,"bundle_layout":"","bundle_add_to_cart_form_location":"","bundle_editable_in_cart":false,"bundle_sold_individually_context":"","bundle_item_grouping":"","bundle_min_size":"","bundle_max_size":"","bundled_items":[],"acf":[],"_links":{"self":[{"href":"https:\/\/beta.alpscigar.com\/en\/wp-json\/wp\/v2\/product\/15283"}],"collection":[{"href":"https:\/\/beta.alpscigar.com\/en\/wp-json\/wp\/v2\/product"}],"about":[{"href":"https:\/\/beta.alpscigar.com\/en\/wp-json\/wp\/v2\/types\/product"}],"wp:featuredmedia":[{"embeddable":true,"href":"https:\/\/beta.alpscigar.com\/en\/wp-json\/wp\/v2\/media\/6483"}],"wp:attachment":[{"href":"https:\/\/beta.alpscigar.com\/en\/wp-json\/wp\/v2\/media?parent=15283"}],"wp:term":[{"taxonomy":"product_cat","embeddable":true,"href":"https:\/\/beta.alpscigar.com\/en\/wp-json\/wp\/v2\/product_cat?post=15283"},{"taxonomy":"product_tag","embeddable":true,"href":"https:\/\/beta.alpscigar.com\/en\/wp-json\/wp\/v2\/product_tag?post=15283"}],"curies":[{"name":"wp","href":"https:\/\/api.w.org\/{rel}","templated":true}]}}