{"id":15321,"date":"2018-03-29T10:27:44","date_gmt":"2018-03-29T09:27:44","guid":{"rendered":"https:\/\/mkulcarx.preview.infomaniak.website\/produit\/montecristo-no-4-5-2\/"},"modified":"2023-12-15T11:29:32","modified_gmt":"2023-12-15T10:29:32","slug":"montecristo-no-4-5","status":"publish","type":"product","link":"https:\/\/beta.alpscigar.com\/en\/shop\/cigares-cubains\/montecristo\/montecristo-linea-clasica\/montecristo-no-4-5\/","title":{"rendered":"Montecristo No. 4 (5)"},"content":{"rendered":"<p>Avec le temps, le cigare Montecristo No. 4 est quasiment devenu une cat\u00e9gorie \u00e0 lui seul. Absolument incontournable,\u00a0<strong>ce Montecristo No. 4 est le havane le plus vendu dans le monde.<\/strong><\/p>\n<p>Un cigare d\u2019exception qui b\u00e9n\u00e9ficie d\u2019une fabrication rigoureuse et soign\u00e9e.\u00a0Ce Petit Corona s\u2019exprime sur des notes terreuses, herbac\u00e9es et \u00e9pic\u00e9es, l\u2019ensemble soutenu par une force \u00e9vidente et beaucoup de nervosit\u00e9<strong>.\u00a0<\/strong><\/p>\n<p>Produit phare de la manufacture Montecristo, elle-m\u00eame r\u00e9f\u00e9rence en mati\u00e8re de Havane, le Montecristo No. 4 a su s\u00e9duire les amateurs exigeants gr\u00e2ce \u00e0 sa constance et sa r\u00e9gularit\u00e9 qui accompagnent \u00e9l\u00e9gamment le consommateur du premier au dernier tiers.<\/p>\n<p>Ce cigare mesure 167mm de longueur pour 16.67mm de diam\u00e8tre.<\/p>\n<p>&nbsp;<\/p>","protected":false},"excerpt":{"rendered":"<p>1 bo\u00eete de 5 cigares.<\/p>","protected":false},"featured_media":15324,"template":"","meta":{"_acf_changed":false},"product_cat":[24791,40,14865,20975],"product_tag":[],"bundled_by":[],"bundle_stock_status":"outofstock","bundle_stock_quantity":0,"bundle_virtual":false,"bundle_layout":"","bundle_add_to_cart_form_location":"","bundle_editable_in_cart":false,"bundle_sold_individually_context":"","bundle_item_grouping":"","bundle_min_size":"","bundle_max_size":"","bundled_items":[],"acf":[],"_links":{"self":[{"href":"https:\/\/beta.alpscigar.com\/en\/wp-json\/wp\/v2\/product\/15321"}],"collection":[{"href":"https:\/\/beta.alpscigar.com\/en\/wp-json\/wp\/v2\/product"}],"about":[{"href":"https:\/\/beta.alpscigar.com\/en\/wp-json\/wp\/v2\/types\/product"}],"wp:featuredmedia":[{"embeddable":true,"href":"https:\/\/beta.alpscigar.com\/en\/wp-json\/wp\/v2\/media\/15324"}],"wp:attachment":[{"href":"https:\/\/beta.alpscigar.com\/en\/wp-json\/wp\/v2\/media?parent=15321"}],"wp:term":[{"taxonomy":"product_cat","embeddable":true,"href":"https:\/\/beta.alpscigar.com\/en\/wp-json\/wp\/v2\/product_cat?post=15321"},{"taxonomy":"product_tag","embeddable":true,"href":"https:\/\/beta.alpscigar.com\/en\/wp-json\/wp\/v2\/product_tag?post=15321"}],"curies":[{"name":"wp","href":"https:\/\/api.w.org\/{rel}","templated":true}]}}