{"id":15325,"date":"2018-03-29T10:27:44","date_gmt":"2018-03-29T09:27:44","guid":{"rendered":"https:\/\/mkulcarx.preview.infomaniak.website\/produit\/montecristo-no-2-25-2\/"},"modified":"2023-12-18T16:33:25","modified_gmt":"2023-12-18T15:33:25","slug":"montecristo-no-2-25","status":"publish","type":"product","link":"https:\/\/beta.alpscigar.com\/en\/shop\/cigares-cubains\/montecristo\/montecristo-linea-clasica\/montecristo-no-2-25\/","title":{"rendered":"Montecristo No. 2 (25)"},"content":{"rendered":"<p>Le Montecristo No. 2 <strong>est un grand classique, fers de lance de la production de la marque.<\/strong> L&rsquo;allumage est ample et vigoureux. Les touches bois\u00e9es\/herbac\u00e9es se mettent en place, rejointes par les notes \u00e9pic\u00e9es et de caf\u00e9 torr\u00e9fi\u00e9. Le tout est constant, bien \u00e9quilibr\u00e9, correctement a\u00e9r\u00e9. La puissance ne cesse de grimper sans \u00eatre toutefois envahissante.<\/p>","protected":false},"excerpt":{"rendered":"<p>Box of 25 cigars.<\/p>","protected":false},"featured_media":6460,"template":"","meta":{"_acf_changed":false},"product_cat":[24791,24638,40,14865,20975],"product_tag":[2352],"bundled_by":[],"bundle_stock_status":"instock","bundle_stock_quantity":8,"bundle_virtual":false,"bundle_layout":"","bundle_add_to_cart_form_location":"","bundle_editable_in_cart":false,"bundle_sold_individually_context":"","bundle_item_grouping":"","bundle_min_size":"","bundle_max_size":"","bundled_items":[],"acf":[],"_links":{"self":[{"href":"https:\/\/beta.alpscigar.com\/en\/wp-json\/wp\/v2\/product\/15325"}],"collection":[{"href":"https:\/\/beta.alpscigar.com\/en\/wp-json\/wp\/v2\/product"}],"about":[{"href":"https:\/\/beta.alpscigar.com\/en\/wp-json\/wp\/v2\/types\/product"}],"wp:featuredmedia":[{"embeddable":true,"href":"https:\/\/beta.alpscigar.com\/en\/wp-json\/wp\/v2\/media\/6460"}],"wp:attachment":[{"href":"https:\/\/beta.alpscigar.com\/en\/wp-json\/wp\/v2\/media?parent=15325"}],"wp:term":[{"taxonomy":"product_cat","embeddable":true,"href":"https:\/\/beta.alpscigar.com\/en\/wp-json\/wp\/v2\/product_cat?post=15325"},{"taxonomy":"product_tag","embeddable":true,"href":"https:\/\/beta.alpscigar.com\/en\/wp-json\/wp\/v2\/product_tag?post=15325"}],"curies":[{"name":"wp","href":"https:\/\/api.w.org\/{rel}","templated":true}]}}