{"id":15363,"date":"2018-03-29T10:27:44","date_gmt":"2018-03-29T09:27:44","guid":{"rendered":"https:\/\/mkulcarx.preview.infomaniak.website\/produit\/montecristo-petit-tubos-a-t-5\/"},"modified":"2023-11-16T12:10:58","modified_gmt":"2023-11-16T11:10:58","slug":"montecristo-petit-tubos-5","status":"publish","type":"product","link":"https:\/\/beta.alpscigar.com\/en\/shop\/cigares-cubains\/montecristo\/montecristo-linea-clasica\/montecristo-petit-tubos-5\/","title":{"rendered":"Montecristo Petit Tubos A\/T (5)"},"content":{"rendered":"<p>Le Montecristo Petit Tubos A\/T correspond au <a href=\"\/en\/boutique\/cigares-cubains\/montecristo\/montecristo-linea-clasica\/montecristo-no-4-25\/\">Montecristo No. 4<\/a>, m\u00fbrit mieux dans le tubo car les saveurs sont isol\u00e9es. L&#8217;emballage a l&rsquo;avantage que le cigare peut \u00eatre facilement transport\u00e9 et peut se passer d&rsquo;un humidificateur pendant une courte p\u00e9riode, ce qui le rend id\u00e9al pour dans la poche de votre veste et pour un plaisir de fumer non pr\u00e9par\u00e9.<\/p>","protected":false},"excerpt":{"rendered":"<p>1 \u00e9tui de 3 cigares en tube.<\/p>","protected":false},"featured_media":6472,"template":"","meta":{"_acf_changed":false},"product_cat":[24791,24638,40,14865,20975],"product_tag":[],"bundled_by":[],"bundle_stock_status":"instock","bundle_stock_quantity":3,"bundle_virtual":false,"bundle_layout":"","bundle_add_to_cart_form_location":"","bundle_editable_in_cart":false,"bundle_sold_individually_context":"","bundle_item_grouping":"","bundle_min_size":"","bundle_max_size":"","bundled_items":[],"acf":[],"_links":{"self":[{"href":"https:\/\/beta.alpscigar.com\/en\/wp-json\/wp\/v2\/product\/15363"}],"collection":[{"href":"https:\/\/beta.alpscigar.com\/en\/wp-json\/wp\/v2\/product"}],"about":[{"href":"https:\/\/beta.alpscigar.com\/en\/wp-json\/wp\/v2\/types\/product"}],"wp:featuredmedia":[{"embeddable":true,"href":"https:\/\/beta.alpscigar.com\/en\/wp-json\/wp\/v2\/media\/6472"}],"wp:attachment":[{"href":"https:\/\/beta.alpscigar.com\/en\/wp-json\/wp\/v2\/media?parent=15363"}],"wp:term":[{"taxonomy":"product_cat","embeddable":true,"href":"https:\/\/beta.alpscigar.com\/en\/wp-json\/wp\/v2\/product_cat?post=15363"},{"taxonomy":"product_tag","embeddable":true,"href":"https:\/\/beta.alpscigar.com\/en\/wp-json\/wp\/v2\/product_tag?post=15363"}],"curies":[{"name":"wp","href":"https:\/\/api.w.org\/{rel}","templated":true}]}}