{"id":15387,"date":"2018-03-29T10:27:37","date_gmt":"2018-03-29T09:27:37","guid":{"rendered":"https:\/\/mkulcarx.preview.infomaniak.website\/produit\/montecristo-a-5-2\/"},"modified":"2023-11-21T01:51:11","modified_gmt":"2023-11-21T00:51:11","slug":"montecristo-a-5","status":"publish","type":"product","link":"https:\/\/beta.alpscigar.com\/en\/shop\/cigares-cubains\/montecristo\/montecristo-linea-clasica\/montecristo-a-5\/","title":{"rendered":"Montecristo A (5)"},"content":{"rendered":"<p>Visit <strong>Montecristo A<\/strong> est introduit en 1971 et impressionne par son \u00e9l\u00e9gance et son gabarit hors du commun ! Long et fin, ce <strong>Gigante<\/strong> offre \u00e0 cru un catalogue aromatique de notes de terre et de sous-bois. Le deuxi\u00e8me tiers, plus rond, offre de belles bouff\u00e9es cr\u00e9meuses, soutenues par des touches cacaot\u00e9es. Le cigare gagne l\u00e9g\u00e8rement en puissance vers la fin et garde un parfait \u00e9quilibre en terme d\u2019ar\u00f4mes et puissance. Il faut compter au minimum 2 heures et 30 minutes, car le cigare doit \u00eatre fum\u00e9 lentement afin qu\u2019il ne chauffe pas trop. Ce <strong>Montecristo A<\/strong> est indiscutablement un cigare d\u2019exception, \u00e0 d\u00e9guster lors d\u2019une soir\u00e9e ou apr\u00e8s un riche repas.<\/p>","protected":false},"excerpt":{"rendered":"<p>Montecristo A (5)<\/p>","protected":false},"featured_media":6450,"template":"","meta":{"_acf_changed":false},"product_cat":[24791,40,14865,20975],"product_tag":[],"bundled_by":[],"bundle_stock_status":"instock","bundle_stock_quantity":12,"bundle_virtual":false,"bundle_layout":"","bundle_add_to_cart_form_location":"","bundle_editable_in_cart":false,"bundle_sold_individually_context":"","bundle_item_grouping":"","bundle_min_size":"","bundle_max_size":"","bundled_items":[],"acf":[],"_links":{"self":[{"href":"https:\/\/beta.alpscigar.com\/en\/wp-json\/wp\/v2\/product\/15387"}],"collection":[{"href":"https:\/\/beta.alpscigar.com\/en\/wp-json\/wp\/v2\/product"}],"about":[{"href":"https:\/\/beta.alpscigar.com\/en\/wp-json\/wp\/v2\/types\/product"}],"wp:featuredmedia":[{"embeddable":true,"href":"https:\/\/beta.alpscigar.com\/en\/wp-json\/wp\/v2\/media\/6450"}],"wp:attachment":[{"href":"https:\/\/beta.alpscigar.com\/en\/wp-json\/wp\/v2\/media?parent=15387"}],"wp:term":[{"taxonomy":"product_cat","embeddable":true,"href":"https:\/\/beta.alpscigar.com\/en\/wp-json\/wp\/v2\/product_cat?post=15387"},{"taxonomy":"product_tag","embeddable":true,"href":"https:\/\/beta.alpscigar.com\/en\/wp-json\/wp\/v2\/product_tag?post=15387"}],"curies":[{"name":"wp","href":"https:\/\/api.w.org\/{rel}","templated":true}]}}