{"id":15395,"date":"2018-03-29T10:28:31","date_gmt":"2018-03-29T09:28:31","guid":{"rendered":"https:\/\/mkulcarx.preview.infomaniak.website\/produit\/romeo-no-3-a-t-10\/"},"modified":"2023-09-26T07:52:14","modified_gmt":"2023-09-26T06:52:14","slug":"romeo-y-julieta-no-3-a-t-10","status":"publish","type":"product","link":"https:\/\/beta.alpscigar.com\/en\/shop\/cigares-cubains\/romeo-y-julieta\/romeo-y-julieta-no-3-a-t-10\/","title":{"rendered":"Romeo Y Julieta No 3 Tubos (10)"},"content":{"rendered":"<p>Physiquement, Le <strong>Romeo Y Julieta No. 3<\/strong> <strong>Tubos <\/strong>se caract\u00e9rise par sa longueur de 117 mm, son diam\u00e8tre de 15,9 mm et son calibre 40. <strong>Il s\u2019agit du plus petit des cigares de la s\u00e9rie Romeo.<\/strong> Comme tous les Puros de cette s\u00e9rie, il est doux et faiblement aromatis\u00e9. Son panel aromatique est domin\u00e9 par une note bois\u00e9e, teint\u00e9e d\u2019une touche de fruits acidul\u00e9s et d\u2019une tonalit\u00e9 herbeuse. Les feuilles de tabac de La Vuelta Abajo sont les seules \u00e0 \u00eatre autoris\u00e9es pour sa confection, que ce soit pour la tripe, la sous-cape ou la cape.<\/p>\n<p>Ce cigare \u00e0 tripe longue, dont le module est celui du Petit Corona, est pr\u00e9sent\u00e9 dans un s\u00e9duisant tube en aluminium. Ce choix de conditionnement est pratique, car la Vitole conserve toutes ses caract\u00e9ristiques, dont sa signature aromatique, sans qu\u2019il soit n\u00e9cessaire de la remettre dans la cave \u00e0 cigare. <strong>Le Romeo Y Julieta No. 3 Tubos <\/strong>est un \u00e9l\u00e9gant cigare avec un rapport qualit\u00e9-prix correct.<\/p>\n<p>En raison de sa petite taille et de son conditionnement en tube, il est l\u2019alli\u00e9 du fumeur souvent en d\u00e9placement. <strong>Sa d\u00e9gustation prend environ 25 minutes.<\/strong><\/p>\n<p>Enfin, ce cigare constitue <strong>une excellente introduction aux cigares cubains pour les non-initi\u00e9s. U<\/strong><strong>n cigare soign\u00e9 aux saveurs \u00e9quilibr\u00e9es.<\/strong><\/p>\n<p><strong>Le Romeo Y Julieta No 3 Tubos <\/strong>est disponible dans une bo\u00eete pratique de 3, ainsi que dans une bo\u00eete classique de 10 ou 25 exemplaires chacun.<\/p>","protected":false},"excerpt":{"rendered":"<p>Bo\u00eete de 10 cigares en tube.<\/p>","protected":false},"featured_media":15398,"template":"","meta":{"_acf_changed":false},"product_cat":[24791,40,20218],"product_tag":[],"bundled_by":[],"bundle_stock_status":"outofstock","bundle_stock_quantity":0,"bundle_virtual":false,"bundle_layout":"","bundle_add_to_cart_form_location":"","bundle_editable_in_cart":false,"bundle_sold_individually_context":"","bundle_item_grouping":"","bundle_min_size":"","bundle_max_size":"","bundled_items":[],"acf":[],"_links":{"self":[{"href":"https:\/\/beta.alpscigar.com\/en\/wp-json\/wp\/v2\/product\/15395"}],"collection":[{"href":"https:\/\/beta.alpscigar.com\/en\/wp-json\/wp\/v2\/product"}],"about":[{"href":"https:\/\/beta.alpscigar.com\/en\/wp-json\/wp\/v2\/types\/product"}],"wp:featuredmedia":[{"embeddable":true,"href":"https:\/\/beta.alpscigar.com\/en\/wp-json\/wp\/v2\/media\/15398"}],"wp:attachment":[{"href":"https:\/\/beta.alpscigar.com\/en\/wp-json\/wp\/v2\/media?parent=15395"}],"wp:term":[{"taxonomy":"product_cat","embeddable":true,"href":"https:\/\/beta.alpscigar.com\/en\/wp-json\/wp\/v2\/product_cat?post=15395"},{"taxonomy":"product_tag","embeddable":true,"href":"https:\/\/beta.alpscigar.com\/en\/wp-json\/wp\/v2\/product_tag?post=15395"}],"curies":[{"name":"wp","href":"https:\/\/api.w.org\/{rel}","templated":true}]}}