{"id":15483,"date":"2018-03-29T10:28:23","date_gmt":"2018-03-29T09:28:23","guid":{"rendered":"https:\/\/mkulcarx.preview.infomaniak.website\/produit\/romeo-belicosos-25-2\/"},"modified":"2023-11-09T10:13:02","modified_gmt":"2023-11-09T09:13:02","slug":"romeo-belicosos-25","status":"publish","type":"product","link":"https:\/\/beta.alpscigar.com\/en\/shop\/cigares-cubains\/romeo-y-julieta\/romeo-belicosos-25\/","title":{"rendered":"Romeo Y Julieta Belicosos (25)"},"content":{"rendered":"<p>Le Romeo Y Julieta Belicosos est esth\u00e9tiquement r\u00e9ussi avec une cape nocturne bien tir\u00e9e, un toucher moelleux, cette vitole offre un d\u00e9marrage g\u00e9n\u00e9reux. Il condense des ar\u00f4mes essentiellement bois\u00e9s. D\u00e8s le deuxi\u00e8me tiers, le Belicosos offre des notes de caf\u00e9 torr\u00e9fi\u00e9 et de rares pointes de cuir tann\u00e9. Un go\u00fbt d&rsquo;\u00e9pices compl\u00e8te la palette aromatique. Lors du dernier tiers, le havane pratique davantage la rondeur et l&rsquo;apaisement.<\/p>","protected":false},"excerpt":{"rendered":"<p>Box of 25 cigars.<\/p>","protected":false},"featured_media":18308,"template":"","meta":{"_acf_changed":false},"product_cat":[24791,40,20218],"product_tag":[],"bundled_by":[],"bundle_stock_status":"outofstock","bundle_stock_quantity":0,"bundle_virtual":false,"bundle_layout":"","bundle_add_to_cart_form_location":"","bundle_editable_in_cart":false,"bundle_sold_individually_context":"","bundle_item_grouping":"","bundle_min_size":"","bundle_max_size":"","bundled_items":[],"acf":[],"_links":{"self":[{"href":"https:\/\/beta.alpscigar.com\/en\/wp-json\/wp\/v2\/product\/15483"}],"collection":[{"href":"https:\/\/beta.alpscigar.com\/en\/wp-json\/wp\/v2\/product"}],"about":[{"href":"https:\/\/beta.alpscigar.com\/en\/wp-json\/wp\/v2\/types\/product"}],"wp:featuredmedia":[{"embeddable":true,"href":"https:\/\/beta.alpscigar.com\/en\/wp-json\/wp\/v2\/media\/18308"}],"wp:attachment":[{"href":"https:\/\/beta.alpscigar.com\/en\/wp-json\/wp\/v2\/media?parent=15483"}],"wp:term":[{"taxonomy":"product_cat","embeddable":true,"href":"https:\/\/beta.alpscigar.com\/en\/wp-json\/wp\/v2\/product_cat?post=15483"},{"taxonomy":"product_tag","embeddable":true,"href":"https:\/\/beta.alpscigar.com\/en\/wp-json\/wp\/v2\/product_tag?post=15483"}],"curies":[{"name":"wp","href":"https:\/\/api.w.org\/{rel}","templated":true}]}}