{"id":15641,"date":"2018-03-29T10:27:13","date_gmt":"2018-03-29T09:27:13","guid":{"rendered":"https:\/\/mkulcarx.preview.infomaniak.website\/produit\/bolivar-royal-coronas-25\/"},"modified":"2023-12-15T13:09:12","modified_gmt":"2023-12-15T12:09:12","slug":"bolivar-royal-coronas-25","status":"publish","type":"product","link":"https:\/\/beta.alpscigar.com\/en\/shop\/cigares-cubains\/bolivar\/bolivar-royal-coronas-25\/","title":{"rendered":"Bolivar Royal Coronas (25)"},"content":{"rendered":"<p><strong>Le Bolivar Royal Coronas est un tr\u00e8s joli Robusto,<\/strong> soign\u00e9, et \u00e0 l&rsquo;esth\u00e9tique parfaite. Les premi\u00e8res bouff\u00e9es attestent d&rsquo;une construction rigoureuse: le tirage est excellent avec des ar\u00f4mes bois\u00e9s et \u00e9pic\u00e9s. Peu d&rsquo;agressivit\u00e9 dans la phase de premi\u00e8re d\u00e9gustation. Par la suite, un peu d&rsquo;humus, des touches de champignon puis de chocolat noir viennent enrichir la fum\u00e9e.<\/p>\n<p>Box of 25 cigars.<\/p>","protected":false},"excerpt":{"rendered":"<p>Box of 25 cigars.<\/p>","protected":false},"featured_media":10130,"template":"","meta":{"_acf_changed":false},"product_cat":[24791,40,15313],"product_tag":[2867,1903,2133,2866],"bundled_by":[],"bundle_stock_status":"outofstock","bundle_stock_quantity":0,"bundle_virtual":false,"bundle_layout":"","bundle_add_to_cart_form_location":"","bundle_editable_in_cart":false,"bundle_sold_individually_context":"","bundle_item_grouping":"","bundle_min_size":"","bundle_max_size":"","bundled_items":[],"acf":[],"_links":{"self":[{"href":"https:\/\/beta.alpscigar.com\/en\/wp-json\/wp\/v2\/product\/15641"}],"collection":[{"href":"https:\/\/beta.alpscigar.com\/en\/wp-json\/wp\/v2\/product"}],"about":[{"href":"https:\/\/beta.alpscigar.com\/en\/wp-json\/wp\/v2\/types\/product"}],"wp:featuredmedia":[{"embeddable":true,"href":"https:\/\/beta.alpscigar.com\/en\/wp-json\/wp\/v2\/media\/10130"}],"wp:attachment":[{"href":"https:\/\/beta.alpscigar.com\/en\/wp-json\/wp\/v2\/media?parent=15641"}],"wp:term":[{"taxonomy":"product_cat","embeddable":true,"href":"https:\/\/beta.alpscigar.com\/en\/wp-json\/wp\/v2\/product_cat?post=15641"},{"taxonomy":"product_tag","embeddable":true,"href":"https:\/\/beta.alpscigar.com\/en\/wp-json\/wp\/v2\/product_tag?post=15641"}],"curies":[{"name":"wp","href":"https:\/\/api.w.org\/{rel}","templated":true}]}}