{"id":15669,"date":"2018-03-29T10:28:15","date_gmt":"2018-03-29T09:28:15","guid":{"rendered":"https:\/\/mkulcarx.preview.infomaniak.website\/produit\/fonseca-no-1-25-2\/"},"modified":"2023-12-15T16:09:13","modified_gmt":"2023-12-15T15:09:13","slug":"fonseca-no-1-25","status":"publish","type":"product","link":"https:\/\/beta.alpscigar.com\/en\/shop\/cigares-cubains\/fonseca\/fonseca-no-1-25\/","title":{"rendered":"Fonseca N\u00b0 1 (25)"},"content":{"rendered":"<p>Le cigare Fonseca N\u00b0 1 est un Lonsdale qui ravira les amateurs en qu\u00eate de cigares plut\u00f4t doux. Apr\u00e8s un allumage facile, les premi\u00e8res bouff\u00e9es g\u00e9n\u00e9reuses envahissent le palais d\u2019ar\u00f4mes fins et gourmands, la cendre dense et claire confirme la parfaite construction de cette belle pi\u00e8ce. Les ar\u00f4mes se d\u00e9veloppent rapidement, les touches de fleurs, de fruits \u00e0 coques et de miel s\u2019entrem\u00ealent avec brio. Un cigare \u00e0 d\u00e9guster les yeux ferm\u00e9s.<\/p>","protected":false},"excerpt":{"rendered":"<p>Box of 25 cigars.<\/p>","protected":false},"featured_media":15670,"template":"","meta":{"_acf_changed":false},"product_cat":[24791,40,16709],"product_tag":[],"bundled_by":[],"bundle_stock_status":"outofstock","bundle_stock_quantity":0,"bundle_virtual":false,"bundle_layout":"","bundle_add_to_cart_form_location":"","bundle_editable_in_cart":false,"bundle_sold_individually_context":"","bundle_item_grouping":"","bundle_min_size":"","bundle_max_size":"","bundled_items":[],"acf":[],"_links":{"self":[{"href":"https:\/\/beta.alpscigar.com\/en\/wp-json\/wp\/v2\/product\/15669"}],"collection":[{"href":"https:\/\/beta.alpscigar.com\/en\/wp-json\/wp\/v2\/product"}],"about":[{"href":"https:\/\/beta.alpscigar.com\/en\/wp-json\/wp\/v2\/types\/product"}],"wp:featuredmedia":[{"embeddable":true,"href":"https:\/\/beta.alpscigar.com\/en\/wp-json\/wp\/v2\/media\/15670"}],"wp:attachment":[{"href":"https:\/\/beta.alpscigar.com\/en\/wp-json\/wp\/v2\/media?parent=15669"}],"wp:term":[{"taxonomy":"product_cat","embeddable":true,"href":"https:\/\/beta.alpscigar.com\/en\/wp-json\/wp\/v2\/product_cat?post=15669"},{"taxonomy":"product_tag","embeddable":true,"href":"https:\/\/beta.alpscigar.com\/en\/wp-json\/wp\/v2\/product_tag?post=15669"}],"curies":[{"name":"wp","href":"https:\/\/api.w.org\/{rel}","templated":true}]}}