{"id":15681,"date":"2018-03-29T10:28:38","date_gmt":"2018-03-29T09:28:38","guid":{"rendered":"https:\/\/mkulcarx.preview.infomaniak.website\/produit\/h-upmann-sir-winston-cab-25-2\/"},"modified":"2023-12-15T11:04:13","modified_gmt":"2023-12-15T10:04:13","slug":"h-upmann-sir-winston-cab-25","status":"publish","type":"product","link":"https:\/\/beta.alpscigar.com\/en\/shop\/cigares-cubains\/h-upmann\/h-upmann-sir-winston-cab-25\/","title":{"rendered":"H. Upmann Sir Winston CAB (25)"},"content":{"rendered":"<p><strong>Le cigare H. Upmann Sir Winston CAB<\/strong>\u00a0est un magnifique havane r\u00e9alis\u00e9 avec des feuilles de premi\u00e8re qualit\u00e9. Elles sont de couleur miel \u00e0 maduro pour les plus fonc\u00e9es. C&rsquo;est un cigare soyeux et velout\u00e9 au toucher. Mis en bouche, il d\u00e9ploie sans affectation des go\u00fbts \u00e9pic\u00e9s et cors\u00e9s, rehauss\u00e9s de quelques notes ambr\u00e9es. Le havane \u00e9volue vers des touches de notes terreuses et torr\u00e9fi\u00e9es.<\/p>\n<p>Le final impr\u00e8gne le palais dr\u00f4lement de notes cacaot\u00e9es. <strong>Une grande r\u00e9ussite compacte et aromatique, \u00e0 classer dans les meilleurs havanes actuels. <\/strong>Sa dur\u00e9e varie entre 1h15 et 2 heures.<\/p>\n<p>Box of 25 cigars.<\/p>","protected":false},"excerpt":{"rendered":"<p>Box of 25 cigars.<\/p>","protected":false},"featured_media":17652,"template":"","meta":{"_acf_changed":false},"product_cat":[24791,40,16711],"product_tag":[],"bundled_by":[],"bundle_stock_status":"outofstock","bundle_stock_quantity":0,"bundle_virtual":false,"bundle_layout":"","bundle_add_to_cart_form_location":"","bundle_editable_in_cart":false,"bundle_sold_individually_context":"","bundle_item_grouping":"","bundle_min_size":"","bundle_max_size":"","bundled_items":[],"acf":[],"_links":{"self":[{"href":"https:\/\/beta.alpscigar.com\/en\/wp-json\/wp\/v2\/product\/15681"}],"collection":[{"href":"https:\/\/beta.alpscigar.com\/en\/wp-json\/wp\/v2\/product"}],"about":[{"href":"https:\/\/beta.alpscigar.com\/en\/wp-json\/wp\/v2\/types\/product"}],"wp:featuredmedia":[{"embeddable":true,"href":"https:\/\/beta.alpscigar.com\/en\/wp-json\/wp\/v2\/media\/17652"}],"wp:attachment":[{"href":"https:\/\/beta.alpscigar.com\/en\/wp-json\/wp\/v2\/media?parent=15681"}],"wp:term":[{"taxonomy":"product_cat","embeddable":true,"href":"https:\/\/beta.alpscigar.com\/en\/wp-json\/wp\/v2\/product_cat?post=15681"},{"taxonomy":"product_tag","embeddable":true,"href":"https:\/\/beta.alpscigar.com\/en\/wp-json\/wp\/v2\/product_tag?post=15681"}],"curies":[{"name":"wp","href":"https:\/\/api.w.org\/{rel}","templated":true}]}}