{"id":15693,"date":"2018-03-29T10:28:31","date_gmt":"2018-03-29T09:28:31","guid":{"rendered":"https:\/\/mkulcarx.preview.infomaniak.website\/produit\/h-upmann-magnum-46-slb-25-2\/"},"modified":"2023-10-11T15:48:37","modified_gmt":"2023-10-11T14:48:37","slug":"h-upmann-magnum-46-slb-25","status":"publish","type":"product","link":"https:\/\/beta.alpscigar.com\/en\/shop\/cigares-cubains\/h-upmann\/h-upmann-magnum-46-slb-25\/","title":{"rendered":"H. Upmann Magnum 46 SLB (25)"},"content":{"rendered":"<p>Le H. Upmann Magnum 46 SLB est l&rsquo;un des meilleurs havanes actuels. Il est go\u00fbteux, long en bouche et bien \u00e9quilibr\u00e9. Il offre d\u00e8s les premi\u00e8res bouff\u00e9es une tonalit\u00e9 cr\u00e9meuse. La puissance est bien pr\u00e9sente sans \u00eatre excessive. Le H. Upmann Magnum 46 SLB aligne des notes miell\u00e9es et chocolat\u00e9es.<\/p>\n<p>S&rsquo;installent ensuite des notes de poivre vert et de bois exotique sombres et profondes, m\u00e2tin\u00e9es de cuir tann\u00e9, puis de fragrances d&rsquo;amande et de pain grill\u00e9. Le cigare devient de plus en plus go\u00fbteux, franc et \u00e9quilibr\u00e9. Il se fume jusqu&rsquo;au bout,<strong> t\u00e9moignant ainsi d&rsquo;une construction irr\u00e9prochable.<\/strong><\/p>","protected":false},"excerpt":{"rendered":"<p>Box of 25 cigars.<\/p>","protected":false},"featured_media":6595,"template":"","meta":{"_acf_changed":false},"product_cat":[24791,21208,40,16711],"product_tag":[],"bundled_by":[],"bundle_stock_status":"outofstock","bundle_stock_quantity":0,"bundle_virtual":false,"bundle_layout":"","bundle_add_to_cart_form_location":"","bundle_editable_in_cart":false,"bundle_sold_individually_context":"","bundle_item_grouping":"","bundle_min_size":"","bundle_max_size":"","bundled_items":[],"acf":[],"_links":{"self":[{"href":"https:\/\/beta.alpscigar.com\/en\/wp-json\/wp\/v2\/product\/15693"}],"collection":[{"href":"https:\/\/beta.alpscigar.com\/en\/wp-json\/wp\/v2\/product"}],"about":[{"href":"https:\/\/beta.alpscigar.com\/en\/wp-json\/wp\/v2\/types\/product"}],"wp:featuredmedia":[{"embeddable":true,"href":"https:\/\/beta.alpscigar.com\/en\/wp-json\/wp\/v2\/media\/6595"}],"wp:attachment":[{"href":"https:\/\/beta.alpscigar.com\/en\/wp-json\/wp\/v2\/media?parent=15693"}],"wp:term":[{"taxonomy":"product_cat","embeddable":true,"href":"https:\/\/beta.alpscigar.com\/en\/wp-json\/wp\/v2\/product_cat?post=15693"},{"taxonomy":"product_tag","embeddable":true,"href":"https:\/\/beta.alpscigar.com\/en\/wp-json\/wp\/v2\/product_tag?post=15693"}],"curies":[{"name":"wp","href":"https:\/\/api.w.org\/{rel}","templated":true}]}}