{"id":15721,"date":"2018-03-29T10:28:31","date_gmt":"2018-03-29T09:28:31","guid":{"rendered":"https:\/\/mkulcarx.preview.infomaniak.website\/produit\/h-upmann-half-corona-5-2\/"},"modified":"2023-09-25T14:07:19","modified_gmt":"2023-09-25T13:07:19","slug":"h-upmann-half-corona-5","status":"publish","type":"product","link":"https:\/\/beta.alpscigar.com\/en\/shop\/cigares-cubains\/h-upmann\/h-upmann-half-corona-5\/","title":{"rendered":"H. Upmann Half Corona (5)"},"content":{"rendered":"<p>La bo\u00eete m\u00e9tallique contient 5 H. Upmann Half Corona, c&rsquo;est un module id\u00e9al pour le fumeur qui cherche un cigare de caract\u00e8re, sans concession. L&rsquo;apparence est soign\u00e9e les ar\u00f4mes \u00e0 cru s&rsquo;orientent vers le bois pr\u00e9cieux et le cuir. La fum\u00e9e, puissante, concentre des ar\u00f4mes de poivre et de champignon. Une vitole dynamique, enthousiaste et moderne.<\/p>","protected":false},"excerpt":{"rendered":"<p>Bo\u00eete de 5 cigares.<\/p>","protected":false},"featured_media":6587,"template":"","meta":{"_acf_changed":false},"product_cat":[24791,40,16711],"product_tag":[],"bundled_by":[],"bundle_stock_status":"outofstock","bundle_stock_quantity":0,"bundle_virtual":false,"bundle_layout":"","bundle_add_to_cart_form_location":"","bundle_editable_in_cart":false,"bundle_sold_individually_context":"","bundle_item_grouping":"","bundle_min_size":"","bundle_max_size":"","bundled_items":[],"acf":[],"_links":{"self":[{"href":"https:\/\/beta.alpscigar.com\/en\/wp-json\/wp\/v2\/product\/15721"}],"collection":[{"href":"https:\/\/beta.alpscigar.com\/en\/wp-json\/wp\/v2\/product"}],"about":[{"href":"https:\/\/beta.alpscigar.com\/en\/wp-json\/wp\/v2\/types\/product"}],"wp:featuredmedia":[{"embeddable":true,"href":"https:\/\/beta.alpscigar.com\/en\/wp-json\/wp\/v2\/media\/6587"}],"wp:attachment":[{"href":"https:\/\/beta.alpscigar.com\/en\/wp-json\/wp\/v2\/media?parent=15721"}],"wp:term":[{"taxonomy":"product_cat","embeddable":true,"href":"https:\/\/beta.alpscigar.com\/en\/wp-json\/wp\/v2\/product_cat?post=15721"},{"taxonomy":"product_tag","embeddable":true,"href":"https:\/\/beta.alpscigar.com\/en\/wp-json\/wp\/v2\/product_tag?post=15721"}],"curies":[{"name":"wp","href":"https:\/\/api.w.org\/{rel}","templated":true}]}}