{"id":15725,"date":"2018-03-29T10:28:31","date_gmt":"2018-03-29T09:28:31","guid":{"rendered":"https:\/\/mkulcarx.preview.infomaniak.website\/produit\/h-upmann-half-corona-25-2\/"},"modified":"2023-12-18T16:29:53","modified_gmt":"2023-12-18T15:29:53","slug":"h-upmann-half-corona-25","status":"publish","type":"product","link":"https:\/\/beta.alpscigar.com\/en\/shop\/cigares-cubains\/h-upmann\/h-upmann-half-corona-25\/","title":{"rendered":"H. Upmann Half Corona (25)"},"content":{"rendered":"<p>Le cigare H. Upmann Half Corona est un petit module qui est id\u00e9al pour le fumeur qui cherche un cigare de caract\u00e8re, sans concession. L&rsquo;apparence est soign\u00e9e les ar\u00f4mes \u00e0 cru s&rsquo;orientent vers le bois pr\u00e9cieux et le cuir. La fum\u00e9e, puissante, concentre des ar\u00f4mes de poivre et de champignon. Une vitole dynamique, enthousiaste et moderne.<\/p>","protected":false},"excerpt":{"rendered":"<p>Box of 25 cigars.<\/p>","protected":false},"featured_media":15728,"template":"","meta":{"_acf_changed":false},"product_cat":[24791,24638,40,16711],"product_tag":[],"bundled_by":[],"bundle_stock_status":"instock","bundle_stock_quantity":47,"bundle_virtual":false,"bundle_layout":"","bundle_add_to_cart_form_location":"","bundle_editable_in_cart":false,"bundle_sold_individually_context":"","bundle_item_grouping":"","bundle_min_size":"","bundle_max_size":"","bundled_items":[],"acf":[],"_links":{"self":[{"href":"https:\/\/beta.alpscigar.com\/en\/wp-json\/wp\/v2\/product\/15725"}],"collection":[{"href":"https:\/\/beta.alpscigar.com\/en\/wp-json\/wp\/v2\/product"}],"about":[{"href":"https:\/\/beta.alpscigar.com\/en\/wp-json\/wp\/v2\/types\/product"}],"wp:featuredmedia":[{"embeddable":true,"href":"https:\/\/beta.alpscigar.com\/en\/wp-json\/wp\/v2\/media\/15728"}],"wp:attachment":[{"href":"https:\/\/beta.alpscigar.com\/en\/wp-json\/wp\/v2\/media?parent=15725"}],"wp:term":[{"taxonomy":"product_cat","embeddable":true,"href":"https:\/\/beta.alpscigar.com\/en\/wp-json\/wp\/v2\/product_cat?post=15725"},{"taxonomy":"product_tag","embeddable":true,"href":"https:\/\/beta.alpscigar.com\/en\/wp-json\/wp\/v2\/product_tag?post=15725"}],"curies":[{"name":"wp","href":"https:\/\/api.w.org\/{rel}","templated":true}]}}