{"id":15753,"date":"2018-03-29T10:28:38","date_gmt":"2018-03-29T09:28:38","guid":{"rendered":"https:\/\/mkulcarx.preview.infomaniak.website\/produit\/jose-l-piedra-brevas-25-2\/"},"modified":"2023-09-26T07:08:05","modified_gmt":"2023-09-26T06:08:05","slug":"jose-l-piedra-brevas-25","status":"publish","type":"product","link":"https:\/\/beta.alpscigar.com\/en\/shop\/cigares-cubains\/jose-l-piedra\/jose-l-piedra-brevas-25\/","title":{"rendered":"Jose L. Piedra Brevas (25)"},"content":{"rendered":"<p>Le Jose L. Piedra Brevas est bien construit. En bouche, apr\u00e8s un allumage facile, le Jose L. Piedra Brevas livre de belles touches bois\u00e9es et \u00e9pic\u00e9es. Les ar\u00f4mes, un peu courts en bouche sont bien marqu\u00e9s. \u00c9voluant essentiellement vers une palette bois\u00e9e et \u00e9pic\u00e9e, le havane r\u00e9ussit \u00e0 tenir le cap jusqu&rsquo;\u00e0 son terme.<\/p>","protected":false},"excerpt":{"rendered":"<p>Bundle of 25 cigars.<\/p>","protected":false},"featured_media":15756,"template":"","meta":{"_acf_changed":false},"product_cat":[24791,40,16713],"product_tag":[],"bundled_by":[],"bundle_stock_status":"outofstock","bundle_stock_quantity":0,"bundle_virtual":false,"bundle_layout":"","bundle_add_to_cart_form_location":"","bundle_editable_in_cart":false,"bundle_sold_individually_context":"","bundle_item_grouping":"","bundle_min_size":"","bundle_max_size":"","bundled_items":[],"acf":[],"_links":{"self":[{"href":"https:\/\/beta.alpscigar.com\/en\/wp-json\/wp\/v2\/product\/15753"}],"collection":[{"href":"https:\/\/beta.alpscigar.com\/en\/wp-json\/wp\/v2\/product"}],"about":[{"href":"https:\/\/beta.alpscigar.com\/en\/wp-json\/wp\/v2\/types\/product"}],"wp:featuredmedia":[{"embeddable":true,"href":"https:\/\/beta.alpscigar.com\/en\/wp-json\/wp\/v2\/media\/15756"}],"wp:attachment":[{"href":"https:\/\/beta.alpscigar.com\/en\/wp-json\/wp\/v2\/media?parent=15753"}],"wp:term":[{"taxonomy":"product_cat","embeddable":true,"href":"https:\/\/beta.alpscigar.com\/en\/wp-json\/wp\/v2\/product_cat?post=15753"},{"taxonomy":"product_tag","embeddable":true,"href":"https:\/\/beta.alpscigar.com\/en\/wp-json\/wp\/v2\/product_tag?post=15753"}],"curies":[{"name":"wp","href":"https:\/\/api.w.org\/{rel}","templated":true}]}}