{"id":15789,"date":"2018-03-29T10:28:07","date_gmt":"2018-03-29T09:28:07","guid":{"rendered":"https:\/\/mkulcarx.preview.infomaniak.website\/produit\/punch-punch-25-2\/"},"modified":"2023-12-15T21:09:17","modified_gmt":"2023-12-15T20:09:17","slug":"punch-punch-25","status":"publish","type":"product","link":"https:\/\/beta.alpscigar.com\/en\/shop\/cigares-cubains\/punch\/punch-punch-25\/","title":{"rendered":"Punch Punch (25)"},"content":{"rendered":"<p>\u00c0 l\u2019origine, les cigares Punch ont \u00e9t\u00e9 cr\u00e9\u00e9s pour le march\u00e9 britannique. D\u2019ailleurs, la mascotte de la marque, un clown fumant un Habano, a fait la couverture d\u2019un magazine satirique anglais de l\u2019\u00e9poque. On notera au passage que ce clown assis, un cigare en bouche, continue d\u2019orner chaque bo\u00eete de cigares Punch.<\/p>\n<p><strong>Les Punch\u00a0Punch<\/strong> sont des cigares au module Grand Corona avec une longueur de 143 mm, un diam\u00e8tre de 18.25 mm et un calibre 46. Il s\u2019agit d\u2019un cigare \u00e0 tripe longue dont l\u2019\u00e9laboration se fait enti\u00e8rement \u00e0 la main. Sa d\u00e9gustation dure 40 minutes au minimum et 90 minutes au grand maximum. Tout d\u00e9pend du niveau d\u2019exp\u00e9rience du fumeur. La tripe, la sous-cape et la cape d\u2019une vitole Punch Punch sont faites de feuilles collect\u00e9es dans les champs de tabac de la Vuelta Abajo.<\/p>\n<p>Ce\u00a0cigare se caract\u00e9rise par une force moyenne. Les fumeurs qui pr\u00e9f\u00e8rent les Havanos de puissance mod\u00e9r\u00e9e appr\u00e9cieront\u00a0d\u00e9guster un cigare\u00a0Punch Punch. Leurs palais iront \u00e0 la rencontre d\u2019un ar\u00f4me de c\u00e8dre l\u00e9g\u00e8rement \u00e9pic\u00e9 lors des tirages du premier tiers. Une odeur forte de cuir prend le relais dans le deuxi\u00e8me tiers. Quant au troisi\u00e8me tiers, il laisse \u00e9chapper de plaisantes notes terreuses.<\/p>","protected":false},"excerpt":{"rendered":"<p><span>Box of 25 cigars.<\/span><\/p>","protected":false},"featured_media":18065,"template":"","meta":{"_acf_changed":false},"product_cat":[24791,40,16717],"product_tag":[],"bundled_by":[],"bundle_stock_status":"outofstock","bundle_stock_quantity":0,"bundle_virtual":false,"bundle_layout":"","bundle_add_to_cart_form_location":"","bundle_editable_in_cart":false,"bundle_sold_individually_context":"","bundle_item_grouping":"","bundle_min_size":"","bundle_max_size":"","bundled_items":[],"acf":[],"_links":{"self":[{"href":"https:\/\/beta.alpscigar.com\/en\/wp-json\/wp\/v2\/product\/15789"}],"collection":[{"href":"https:\/\/beta.alpscigar.com\/en\/wp-json\/wp\/v2\/product"}],"about":[{"href":"https:\/\/beta.alpscigar.com\/en\/wp-json\/wp\/v2\/types\/product"}],"wp:featuredmedia":[{"embeddable":true,"href":"https:\/\/beta.alpscigar.com\/en\/wp-json\/wp\/v2\/media\/18065"}],"wp:attachment":[{"href":"https:\/\/beta.alpscigar.com\/en\/wp-json\/wp\/v2\/media?parent=15789"}],"wp:term":[{"taxonomy":"product_cat","embeddable":true,"href":"https:\/\/beta.alpscigar.com\/en\/wp-json\/wp\/v2\/product_cat?post=15789"},{"taxonomy":"product_tag","embeddable":true,"href":"https:\/\/beta.alpscigar.com\/en\/wp-json\/wp\/v2\/product_tag?post=15789"}],"curies":[{"name":"wp","href":"https:\/\/api.w.org\/{rel}","templated":true}]}}