{"id":15797,"date":"2018-03-29T10:28:15","date_gmt":"2018-03-29T09:28:15","guid":{"rendered":"https:\/\/mkulcarx.preview.infomaniak.website\/produit\/quintero-favoritos-25-2\/"},"modified":"2023-11-15T21:50:05","modified_gmt":"2023-11-15T20:50:05","slug":"quintero-favoritos-25","status":"publish","type":"product","link":"https:\/\/beta.alpscigar.com\/en\/shop\/cigares-cubains\/quintero\/quintero-favoritos-25\/","title":{"rendered":"Quintero Favoritos (25)"},"content":{"rendered":"<p>Quintero nous offre depuis peu le Quintero Favoritos, c&rsquo;est un petit Robusto \u00e0 un tarif extr\u00eamement comp\u00e9titif. Une cape bien appliqu\u00e9e, relativement rustique qui enveloppe fermement la tripe courte de ce module. La fum\u00e9e est ample et relativement cr\u00e9meuse, le cacao domine les premi\u00e8res bouff\u00e9es. Le second tiers d\u00e9veloppe plus de puissance, des notes plus herbac\u00e9es prennent le relais. Le final un peu plus doux laisse une impression d&rsquo;un cigare\u00a0pas trop\u00a0puissant.<\/p>","protected":false},"excerpt":{"rendered":"<p>Box of 25 cigars.<\/p>","protected":false},"featured_media":18080,"template":"","meta":{"_acf_changed":false},"product_cat":[24791,40,16741],"product_tag":[],"bundled_by":[],"bundle_stock_status":"outofstock","bundle_stock_quantity":0,"bundle_virtual":false,"bundle_layout":"","bundle_add_to_cart_form_location":"","bundle_editable_in_cart":false,"bundle_sold_individually_context":"","bundle_item_grouping":"","bundle_min_size":"","bundle_max_size":"","bundled_items":[],"acf":[],"_links":{"self":[{"href":"https:\/\/beta.alpscigar.com\/en\/wp-json\/wp\/v2\/product\/15797"}],"collection":[{"href":"https:\/\/beta.alpscigar.com\/en\/wp-json\/wp\/v2\/product"}],"about":[{"href":"https:\/\/beta.alpscigar.com\/en\/wp-json\/wp\/v2\/types\/product"}],"wp:featuredmedia":[{"embeddable":true,"href":"https:\/\/beta.alpscigar.com\/en\/wp-json\/wp\/v2\/media\/18080"}],"wp:attachment":[{"href":"https:\/\/beta.alpscigar.com\/en\/wp-json\/wp\/v2\/media?parent=15797"}],"wp:term":[{"taxonomy":"product_cat","embeddable":true,"href":"https:\/\/beta.alpscigar.com\/en\/wp-json\/wp\/v2\/product_cat?post=15797"},{"taxonomy":"product_tag","embeddable":true,"href":"https:\/\/beta.alpscigar.com\/en\/wp-json\/wp\/v2\/product_tag?post=15797"}],"curies":[{"name":"wp","href":"https:\/\/api.w.org\/{rel}","templated":true}]}}